{"id":9369,"date":"2025-10-11T19:03:52","date_gmt":"2025-10-11T17:03:52","guid":{"rendered":"http:\/\/klubmamgdynia.pl\/?post_type=product&#038;p=9369"},"modified":"2026-05-01T05:25:20","modified_gmt":"2026-05-01T03:25:20","slug":"jokomisiada-organy-2-oktawowe-perkusja-krzeselko-in0009ro","status":"publish","type":"product","link":"http:\/\/klubmamgdynia.pl\/index.php\/produkt\/jokomisiada-organy-2-oktawowe-perkusja-krzeselko-in0009ro\/","title":{"rendered":"Jokomisiada Organy 2 Oktawowe Perkusja + Krzese\u0142ko In0009Ro"},"content":{"rendered":"<p>Keyboard jest wielofunkcyjn\u0105 zabawk\u0105 edukacyjn\u0105, kt\u00f3ra wspomo\u017ce rozw\u00f3j umiej\u0119tno\u015bci muzycznych, poczucia rytmu, zmys\u0142 s\u0142uchu, wyobra\u017ani, a jednocze\u015bnie pozwoli rozbudza\u0107 pasj\u0119 muzyczn\u0105. Dzieci lubi\u0105 bawi\u0107 si\u0119 instrumentami, a zw\u0142aszcza takimi, kt\u00f3re s\u0105 stworzone specjalnie z my\u015bl\u0105 o nich.ORGANY POSIADAJ\u0104:1. 24 czarno &#8211; bia\u0142e klawisze (2-okt)2. 16 rodzaj\u00f3w r\u00f3\u017cnej muzyki i 8 rodzaj\u00f3w rytmu3. 4 r\u00f3\u017cne b\u0119bny4. 8 prostych piosenek5. 16 poziom\u00f3w tempa i 16 poziom\u00f3w d\u017awi\u0119ku6. funkcja nagrywania (tylko granych melodii)7. mikrofon (wzmacnia g\u0142os)8. 2 wska\u017aniki mrugaj\u0105ce zgodnie z rytmem muzyki9. oszcz\u0119dno\u015b\u0107 baterii, gdy przez 2 minuty nie zostanie naci\u015bni\u0119ty \u017caden przycisk, klawiatura automatycznie wchodzi w stan u\u015bpienia, po naci\u015bni\u0119ciu dowolnego klawisza, ponownie aktywujeszKeyboard to \u015bwietna zabawka dla wszystkich lubi\u0105cych muzyk\u0119. Doskona\u0142y spos\u00f3b na zaszczepienie w dziecku muzycznego bakcyla.Wymiary zestawu:organy- d\u0142ugo\u015b\u0107 45cm- szeroko\u015b\u0107 21cm- wysoko\u015b\u0107 6,5cm- rozstaw n\u00f3g wew. 25cm zew. 38cm- wysoko\u015b\u0107 keyboardu z nogami 44cm- wysoko\u015b\u0107 podstawy mikrofonu 10cm- d\u0142ugo\u015b\u0107 kabla mikrofonu 65cm- krzes\u0142o- wysoko\u015b\u0107 20cm- \u015brednica siedziska 19cmOrgany zasilane s\u0105 4 bateriami AA (brak w zestawie).Zapakowane w kolorowe pude\u0142ko &#8211; idealne na prezent.<\/p>\n<h2>Jokomisiada Organy 2 Oktawowe Perkusja + Krzese\u0142ko In0009Ro Jokomisiada<\/h2>\n<p>cytat na dzie\u0144 matki, prezent dla 7 latka na urodziny, imi\u0119 iwo, zagadki dla dzieci 7 lat o zwierz\u0119tach, minecraft kolorowanki, kiedy dzieci chodza na halloween, test z lektury narnia lew czarownica i stara szafa, cytat o dziecku, wierszyki na lany poniedzia\u0142ek, zabawy dla 5 6 latk\u00f3w, bycie mam\u0105 cytaty, test asiunia joanna papuzi\u0144ska, opis rodzina, babcia z dziadkiem to jest to tekst, oryginalny prezent dla nastolatk\u00f3w, gry planszowe dla nastolatk\u00f3w, horror dla dzieci, skye kolorowanka, tajemniczy ogr\u00f3d test z lektury<\/p>\n<p>yyyyy<\/p>\n<p>&nbsp;<\/p>\n","protected":false},"excerpt":{"rendered":"<p>Keyboard jest wielofunkcyjn\u0105 zabawk\u0105 edukacyjn\u0105, kt\u00f3ra wspomo\u017ce rozw\u00f3j umiej\u0119tno\u015bci muzycznych, poczucia rytmu, zmys\u0142 s\u0142uchu, wyobra\u017ani, a jednocze\u015bnie pozwoli rozbudza\u0107 pasj\u0119 muzyczn\u0105. Dzieci lubi\u0105 bawi\u0107 si\u0119 instrumentami, a zw\u0142aszcza takimi, kt\u00f3re s\u0105 stworzone specjalnie z my\u015bl\u0105 o nich.ORGANY POSIADAJ\u0104:1. 24 czarno &#8211; bia\u0142e klawisze (2-okt)2. 16 rodzaj\u00f3w r\u00f3\u017cnej muzyki i 8 rodzaj\u00f3w rytmu3. 4 r\u00f3\u017cne b\u0119bny4. [&hellip;]<\/p>\n","protected":false},"featured_media":9370,"comment_status":"closed","ping_status":"open","template":"","meta":[],"product_cat":[131,155],"product_tag":[832,617,856],"class_list":["post-9369","product","type-product","status-publish","has-post-thumbnail","hentry","product_cat-jokomisiada","product_cat-zabawki-muzyczne","product_tag-desery-dla-dzieci","product_tag-keyword","product_tag-prezent-dla-16-latki"],"_links":{"self":[{"href":"http:\/\/klubmamgdynia.pl\/index.php\/wp-json\/wp\/v2\/product\/9369","targetHints":{"allow":["GET"]}}],"collection":[{"href":"http:\/\/klubmamgdynia.pl\/index.php\/wp-json\/wp\/v2\/product"}],"about":[{"href":"http:\/\/klubmamgdynia.pl\/index.php\/wp-json\/wp\/v2\/types\/product"}],"replies":[{"embeddable":true,"href":"http:\/\/klubmamgdynia.pl\/index.php\/wp-json\/wp\/v2\/comments?post=9369"}],"wp:featuredmedia":[{"embeddable":true,"href":"http:\/\/klubmamgdynia.pl\/index.php\/wp-json\/wp\/v2\/media\/9370"}],"wp:attachment":[{"href":"http:\/\/klubmamgdynia.pl\/index.php\/wp-json\/wp\/v2\/media?parent=9369"}],"wp:term":[{"taxonomy":"product_cat","embeddable":true,"href":"http:\/\/klubmamgdynia.pl\/index.php\/wp-json\/wp\/v2\/product_cat?post=9369"},{"taxonomy":"product_tag","embeddable":true,"href":"http:\/\/klubmamgdynia.pl\/index.php\/wp-json\/wp\/v2\/product_tag?post=9369"}],"curies":[{"name":"wp","href":"https:\/\/api.w.org\/{rel}","templated":true}]}}