{"id":9373,"date":"2015-12-14T01:07:31","date_gmt":"2015-12-14T00:07:31","guid":{"rendered":"http:\/\/klubmamgdynia.pl\/index.php\/produkt\/top-2000-plecak-szkolny-top-2000-zibal-feathers\/"},"modified":"2026-04-07T10:48:36","modified_gmt":"2026-04-07T08:48:36","slug":"top-2000-plecak-szkolny-top-2000-zibal-feathers","status":"publish","type":"product","link":"http:\/\/klubmamgdynia.pl\/index.php\/produkt\/top-2000-plecak-szkolny-top-2000-zibal-feathers\/","title":{"rendered":"Top-2000 Plecak Szkolny Top 2000 Zibal Feathers"},"content":{"rendered":"<p>Plecak szkolny francuskiej markiTOP 2000 CORVI SPACEw Mega Promocji do Wrze\u015bnia\u2022 Wygodny i praktyczny trzykomorowy plecak wykonany z poliestru 600D &#8211; materia\u0142u odpornego na \u015bcieranie i rozdarcia\u2022 Usztywnione i wyprofilowane plecy dla zachowania prawid\u0142owej postawy sylwetki\u2022 Regulowany pas piersiowy dla lepszego roz\u0142o\u017cenia ci\u0119\u017caru\u2022 Wzmacniane, wy\u015bcie\u0142ane szelki z grubej g\u0105bki\u2022 Dwie, praktyczne kieszonki umieszczone z przodu i z obu bok\u00f3w plecaka\u2022 W \u015brodku organizer na drobiazgi oraz wygodna przywieszka na klucze\u2022 Elementy odblaskowe umieszczone na szelkachPlecaki nowe, fabrycznie zapakowane, od dystrybutora<\/p>\n<h2>Top-2000 Plecak Szkolny Top 2000 Zibal Feathers TOP-2000<\/h2>\n<p>kolorowanka uk\u0142ad s\u0142oneczny dla dzieci do druku, rysunek kota, poczytaj mi wiersz, dobre zagadki logiczne, kolorowanki dla dziewczynek do druku, filmy na \u015bwi\u0119ta bo\u017cego narodzenia, quiz zemsta, by\u0142a sobie \u017cabka ma\u0142a tekst<\/p>\n<p>yyyyy<\/p>\n<p>&nbsp;<\/p>\n","protected":false},"excerpt":{"rendered":"<p>Plecak szkolny francuskiej markiTOP 2000 CORVI SPACEw Mega Promocji do Wrze\u015bnia\u2022 Wygodny i praktyczny trzykomorowy plecak wykonany z poliestru 600D &#8211; materia\u0142u odpornego na \u015bcieranie i rozdarcia\u2022 Usztywnione i wyprofilowane plecy dla zachowania prawid\u0142owej postawy sylwetki\u2022 Regulowany pas piersiowy dla lepszego roz\u0142o\u017cenia ci\u0119\u017caru\u2022 Wzmacniane, wy\u015bcie\u0142ane szelki z grubej g\u0105bki\u2022 Dwie, praktyczne kieszonki umieszczone z przodu [&hellip;]<\/p>\n","protected":false},"featured_media":9374,"comment_status":"closed","ping_status":"open","template":"","meta":[],"product_cat":[329,1819],"product_tag":[583,821,582,695,746],"class_list":["post-9373","product","type-product","status-publish","has-post-thumbnail","hentry","product_cat-plecaki-szkolne","product_cat-top-2000","product_tag-kolysanki-dla-dzieci-tekst","product_tag-marianna","product_tag-nauka-pisania-literek-do-wydruku-pdf","product_tag-rzadkie-imiona-zenskie","product_tag-zagadki-typu-co-to-jest"],"_links":{"self":[{"href":"http:\/\/klubmamgdynia.pl\/index.php\/wp-json\/wp\/v2\/product\/9373","targetHints":{"allow":["GET"]}}],"collection":[{"href":"http:\/\/klubmamgdynia.pl\/index.php\/wp-json\/wp\/v2\/product"}],"about":[{"href":"http:\/\/klubmamgdynia.pl\/index.php\/wp-json\/wp\/v2\/types\/product"}],"replies":[{"embeddable":true,"href":"http:\/\/klubmamgdynia.pl\/index.php\/wp-json\/wp\/v2\/comments?post=9373"}],"wp:featuredmedia":[{"embeddable":true,"href":"http:\/\/klubmamgdynia.pl\/index.php\/wp-json\/wp\/v2\/media\/9374"}],"wp:attachment":[{"href":"http:\/\/klubmamgdynia.pl\/index.php\/wp-json\/wp\/v2\/media?parent=9373"}],"wp:term":[{"taxonomy":"product_cat","embeddable":true,"href":"http:\/\/klubmamgdynia.pl\/index.php\/wp-json\/wp\/v2\/product_cat?post=9373"},{"taxonomy":"product_tag","embeddable":true,"href":"http:\/\/klubmamgdynia.pl\/index.php\/wp-json\/wp\/v2\/product_tag?post=9373"}],"curies":[{"name":"wp","href":"https:\/\/api.w.org\/{rel}","templated":true}]}}