{"id":9375,"date":"2013-03-27T14:52:11","date_gmt":"2013-03-27T13:52:11","guid":{"rendered":"http:\/\/klubmamgdynia.pl\/index.php\/produkt\/goliath-maskotka-interaktywna-piesek-animagic-waggles\/"},"modified":"2026-04-05T21:07:23","modified_gmt":"2026-04-05T19:07:23","slug":"goliath-maskotka-interaktywna-piesek-animagic-waggles","status":"publish","type":"product","link":"http:\/\/klubmamgdynia.pl\/index.php\/produkt\/goliath-maskotka-interaktywna-piesek-animagic-waggles\/","title":{"rendered":"Goliath Maskotka Interaktywna Piesek Animagic Waggles"},"content":{"rendered":"<p>AniMagic Interaktywny Piesek Waggles Waggles, interaktywny piesek kt\u00f3ry p\u00f3jdzie tam gdzie Ty! Piesek w nowym, jeszcze bardziej kolorowym opakowaniu. Waggles ma r\u00f3wnie\u017c nowy niebieski kolor smyczy oraz nowe oczka. Piesek chodzi, macha ogonkiem i szczeka. Poklep go po g\u0142owie a p\u00f3jdzie z Tob\u0105 na spacer! Piesek ma delikatne i mi\u0142e w dotyku futerko. Posiada smycz,na kt\u00f3rej bez problemu p\u00f3jdziecie razem na spacer, a na obro\u017cy identyfikator z imieniem&#8230;.<\/p>\n<h2>Goliath Maskotka Interaktywna Piesek Animagic Waggles Goliath<\/h2>\n<p>kolorowanka super zings, bajki do czytania online, cytaty o dzieciach i rodzicach, ziemia wyspa zielona tekst, dyplomy szablony pdf, adriana znaczenie imienia, kolorowanka prezent<\/p>\n<p>yyyyy<\/p>\n<p>&nbsp;<\/p>\n","protected":false},"excerpt":{"rendered":"<p>AniMagic Interaktywny Piesek Waggles Waggles, interaktywny piesek kt\u00f3ry p\u00f3jdzie tam gdzie Ty! Piesek w nowym, jeszcze bardziej kolorowym opakowaniu. Waggles ma r\u00f3wnie\u017c nowy niebieski kolor smyczy oraz nowe oczka. Piesek chodzi, macha ogonkiem i szczeka. Poklep go po g\u0142owie a p\u00f3jdzie z Tob\u0105 na spacer! Piesek ma delikatne i mi\u0142e w dotyku futerko. Posiada smycz,na [&hellip;]<\/p>\n","protected":false},"featured_media":9376,"comment_status":"closed","ping_status":"open","template":"","meta":[],"product_cat":[1173,42],"product_tag":[863,689,609,788],"class_list":["post-9375","product","type-product","status-publish","has-post-thumbnail","hentry","product_cat-goliath","product_cat-maskotki","product_tag-bajki-dla-dziewczynek","product_tag-linda","product_tag-quiz-flagi-europy","product_tag-zagadki-krotkie"],"_links":{"self":[{"href":"http:\/\/klubmamgdynia.pl\/index.php\/wp-json\/wp\/v2\/product\/9375","targetHints":{"allow":["GET"]}}],"collection":[{"href":"http:\/\/klubmamgdynia.pl\/index.php\/wp-json\/wp\/v2\/product"}],"about":[{"href":"http:\/\/klubmamgdynia.pl\/index.php\/wp-json\/wp\/v2\/types\/product"}],"replies":[{"embeddable":true,"href":"http:\/\/klubmamgdynia.pl\/index.php\/wp-json\/wp\/v2\/comments?post=9375"}],"wp:featuredmedia":[{"embeddable":true,"href":"http:\/\/klubmamgdynia.pl\/index.php\/wp-json\/wp\/v2\/media\/9376"}],"wp:attachment":[{"href":"http:\/\/klubmamgdynia.pl\/index.php\/wp-json\/wp\/v2\/media?parent=9375"}],"wp:term":[{"taxonomy":"product_cat","embeddable":true,"href":"http:\/\/klubmamgdynia.pl\/index.php\/wp-json\/wp\/v2\/product_cat?post=9375"},{"taxonomy":"product_tag","embeddable":true,"href":"http:\/\/klubmamgdynia.pl\/index.php\/wp-json\/wp\/v2\/product_tag?post=9375"}],"curies":[{"name":"wp","href":"https:\/\/api.w.org\/{rel}","templated":true}]}}