{"id":9379,"date":"2015-01-15T20:36:31","date_gmt":"2015-01-15T19:36:31","guid":{"rendered":"http:\/\/klubmamgdynia.pl\/index.php\/produkt\/schleich-mlody-zolw-gigant-14643\/"},"modified":"2026-05-17T22:23:16","modified_gmt":"2026-05-17T20:23:16","slug":"schleich-mlody-zolw-gigant-14643","status":"publish","type":"product","link":"http:\/\/klubmamgdynia.pl\/index.php\/produkt\/schleich-mlody-zolw-gigant-14643\/","title":{"rendered":"Schleich &#8211; M\u0142ody \u017b\u00f3\u0142w Gigant 14643"},"content":{"rendered":"<p>Schleich to wiernie odwzorowane figurki zwierz\u0105t, postaci, budynk\u00f3w i akcesori\u00f3w z wyj\u0105tkow\u0105 dba\u0142o\u015bci\u0105 o detale. W firmie Schleich przyk\u0142ada si\u0119 ogromn\u0105 wag\u0119 do najdrobniejszych nawet szczeg\u00f3\u0142\u00f3w. Ka\u017cda figurka jest odlewana ze specjalnego, najwy\u017cszej jako\u015bci tworzywa, a nast\u0119pnie r\u0119cznie malowana. Materia\u0142y u\u017cyte do produkcji figurek spe\u0142niaj\u0105 najbardziej surowe kryteria bezpiecze\u0144stwa. Schleich zapewnia dzieciom niesko\u0144czenie wiele wariant\u00f3w zabawy. Ka\u017cdy produkt jest oznaczony dyskretn\u0105 etykietk\u0105 z logotypem, potwierdzaj\u0105c\u0105 jego autentyczno\u015b\u0107. Figurki to nie tylko zabawa, ale mn\u00f3stwo walor\u00f3w edukacyjnych oraz kolekcjonerskich. Firma Schleich, obecna na rynku od kilkudziesi\u0119ciu lat, cieszy si\u0119 nies\u0142abn\u0105c\u0105 popularno\u015bci\u0105 w\u015br\u00f3d nie tylko dzieci, ale te\u017c doros\u0142ych kolekcjoner\u00f3w, kt\u00f3rzy podkre\u015blaj\u0105 wyj\u0105tkowo\u015b\u0107 i niesamowity realizm figurek.<\/p>\n<h2>Schleich &#8211; M\u0142ody \u017b\u00f3\u0142w Gigant 14643 Schleich<\/h2>\n<p>co kupi\u0107 na roczek dla ch\u0142opca, zagadki dla 4 latka do druku, przyjed\u017a do nas miko\u0142aju tekst, ach \u015bpij kochanie tekst, wiersz o wakacjach, bal halloween dla dzieci 2021, prezent na \u015bwi\u0119ta dla nastolatka, wielkanocne zagadki dla dzieci, zagadki matematyczne dla przedszkolak\u00f3w, pa\u0144stwa europy i ich stolice quiz, asiunia &#8211; test z lektury pdf, zagatki, psi patrol do druku<\/p>\n<p>yyyyy<\/p>\n<p>&nbsp;<\/p>\n","protected":false},"excerpt":{"rendered":"<p>Schleich to wiernie odwzorowane figurki zwierz\u0105t, postaci, budynk\u00f3w i akcesori\u00f3w z wyj\u0105tkow\u0105 dba\u0142o\u015bci\u0105 o detale. W firmie Schleich przyk\u0142ada si\u0119 ogromn\u0105 wag\u0119 do najdrobniejszych nawet szczeg\u00f3\u0142\u00f3w. Ka\u017cda figurka jest odlewana ze specjalnego, najwy\u017cszej jako\u015bci tworzywa, a nast\u0119pnie r\u0119cznie malowana. Materia\u0142y u\u017cyte do produkcji figurek spe\u0142niaj\u0105 najbardziej surowe kryteria bezpiecze\u0144stwa. Schleich zapewnia dzieciom niesko\u0144czenie wiele wariant\u00f3w [&hellip;]<\/p>\n","protected":false},"featured_media":9380,"comment_status":"closed","ping_status":"open","template":"","meta":[],"product_cat":[95,952],"product_tag":[578,784,775,735,717],"class_list":["post-9379","product","type-product","status-publish","has-post-thumbnail","hentry","product_cat-figurki-makiety-i-zestawy","product_cat-schleich","product_tag-fajne-zarty-na-prima-aprilis","product_tag-hymn-gorniczy","product_tag-kolorowanki-do-druku-pokemon","product_tag-prezent-na-roczek-dziewczynka","product_tag-prezent-roczek"],"_links":{"self":[{"href":"http:\/\/klubmamgdynia.pl\/index.php\/wp-json\/wp\/v2\/product\/9379","targetHints":{"allow":["GET"]}}],"collection":[{"href":"http:\/\/klubmamgdynia.pl\/index.php\/wp-json\/wp\/v2\/product"}],"about":[{"href":"http:\/\/klubmamgdynia.pl\/index.php\/wp-json\/wp\/v2\/types\/product"}],"replies":[{"embeddable":true,"href":"http:\/\/klubmamgdynia.pl\/index.php\/wp-json\/wp\/v2\/comments?post=9379"}],"wp:featuredmedia":[{"embeddable":true,"href":"http:\/\/klubmamgdynia.pl\/index.php\/wp-json\/wp\/v2\/media\/9380"}],"wp:attachment":[{"href":"http:\/\/klubmamgdynia.pl\/index.php\/wp-json\/wp\/v2\/media?parent=9379"}],"wp:term":[{"taxonomy":"product_cat","embeddable":true,"href":"http:\/\/klubmamgdynia.pl\/index.php\/wp-json\/wp\/v2\/product_cat?post=9379"},{"taxonomy":"product_tag","embeddable":true,"href":"http:\/\/klubmamgdynia.pl\/index.php\/wp-json\/wp\/v2\/product_tag?post=9379"}],"curies":[{"name":"wp","href":"https:\/\/api.w.org\/{rel}","templated":true}]}}