{"id":938,"date":"2018-03-26T19:15:06","date_gmt":"2018-03-26T17:15:06","guid":{"rendered":"http:\/\/klubmamgdynia.pl\/index.php\/produkt\/mattel-disney-auta-samochody-5-pack-zestaw-2-hfn82\/"},"modified":"2026-05-17T21:57:44","modified_gmt":"2026-05-17T19:57:44","slug":"mattel-disney-auta-samochody-5-pack-zestaw-2-hfn82","status":"publish","type":"product","link":"http:\/\/klubmamgdynia.pl\/index.php\/produkt\/mattel-disney-auta-samochody-5-pack-zestaw-2-hfn82\/","title":{"rendered":"Mattel Disney Auta Samochody 5-pack zestaw 2 HFN82"},"content":{"rendered":"<p>Zestaw 5 samochodzik\u00f3w z bajki Auta 2 wraz z tekturowym stojakiem zawieraj\u0105cym t\u0142o i tekturowymi elementami scenerii. Opakowanie pe\u0142ni po roz\u0142o\u017ceniu rol\u0119 wspomnianego stojaka, wi\u0119c nale\u017cy je otwiera\u0107 powoli i delikatnie. Do\u0142\u0105czone do kompletu auta s\u0105 odwzorowane bardzo realistycznie. Do z\u0142udzenia przypominaj\u0105 te wyst\u0119puj\u0105ce w bajce. Dziecko b\u0119dzie mog\u0142o je umie\u015bci\u0107 na tle dost\u0119pnej scenerii. Tekturowe elementy (np. dystrybutor) zwi\u0119kszaj\u0105 mo\u017cliwo\u015bci zabawy w odgrywanie r\u00f3\u017cnych scenariuszy z bajki. Produkt posiada oryginaln\u0105 licencj\u0119. Wymiary opakowania: 33,5x7x17,5<\/p>\n<h2>Mattel Disney Auta Samochody 5-pack zestaw 2 HFN82 Mattel<\/h2>\n<p>cytat z ma\u0142ego ksi\u0119cia o przyja\u017ani, ksi\u0105\u017cka dla dzieci online, dziwne zagadki, adriana imi\u0119, lol kolorowanka do druku, fajne \u017carty na prima aprilis, buziak gify na dobranoc smieszne, zabawy ruchowe dla dzieci w przedszkolu, by\u0142 sobie kr\u00f3l, wierszyk o wakacjach, atrakcje dla dzieci krak\u00f3w, liwia imi\u0119<\/p>\n<p>yyyyy<\/p>\n<p>&nbsp;<\/p>\n","protected":false},"excerpt":{"rendered":"<p>Zestaw 5 samochodzik\u00f3w z bajki Auta 2 wraz z tekturowym stojakiem zawieraj\u0105cym t\u0142o i tekturowymi elementami scenerii. Opakowanie pe\u0142ni po roz\u0142o\u017ceniu rol\u0119 wspomnianego stojaka, wi\u0119c nale\u017cy je otwiera\u0107 powoli i delikatnie. Do\u0142\u0105czone do kompletu auta s\u0105 odwzorowane bardzo realistycznie. Do z\u0142udzenia przypominaj\u0105 te wyst\u0119puj\u0105ce w bajce. Dziecko b\u0119dzie mog\u0142o je umie\u015bci\u0107 na tle dost\u0119pnej scenerii. [&hellip;]<\/p>\n","protected":false},"featured_media":939,"comment_status":"closed","ping_status":"open","template":"","meta":[],"product_cat":[83,289],"product_tag":[834,584,751,869],"class_list":["post-938","product","type-product","status-publish","has-post-thumbnail","hentry","product_cat-auta-i-inne-pojazdy-do-zabawy","product_cat-mattel","product_tag-bajka-do-czytania-na-dobranoc","product_tag-liwia","product_tag-psi-patrol-kolorowanka","product_tag-zagadki-na-logike"],"_links":{"self":[{"href":"http:\/\/klubmamgdynia.pl\/index.php\/wp-json\/wp\/v2\/product\/938","targetHints":{"allow":["GET"]}}],"collection":[{"href":"http:\/\/klubmamgdynia.pl\/index.php\/wp-json\/wp\/v2\/product"}],"about":[{"href":"http:\/\/klubmamgdynia.pl\/index.php\/wp-json\/wp\/v2\/types\/product"}],"replies":[{"embeddable":true,"href":"http:\/\/klubmamgdynia.pl\/index.php\/wp-json\/wp\/v2\/comments?post=938"}],"wp:featuredmedia":[{"embeddable":true,"href":"http:\/\/klubmamgdynia.pl\/index.php\/wp-json\/wp\/v2\/media\/939"}],"wp:attachment":[{"href":"http:\/\/klubmamgdynia.pl\/index.php\/wp-json\/wp\/v2\/media?parent=938"}],"wp:term":[{"taxonomy":"product_cat","embeddable":true,"href":"http:\/\/klubmamgdynia.pl\/index.php\/wp-json\/wp\/v2\/product_cat?post=938"},{"taxonomy":"product_tag","embeddable":true,"href":"http:\/\/klubmamgdynia.pl\/index.php\/wp-json\/wp\/v2\/product_tag?post=938"}],"curies":[{"name":"wp","href":"https:\/\/api.w.org\/{rel}","templated":true}]}}