{"id":9381,"date":"2011-12-31T04:54:52","date_gmt":"2011-12-31T03:54:52","guid":{"rendered":"http:\/\/klubmamgdynia.pl\/index.php\/produkt\/hemar-duzy-kuferek-z-klockami-k3-100el\/"},"modified":"2026-04-05T20:58:44","modified_gmt":"2026-04-05T18:58:44","slug":"hemar-duzy-kuferek-z-klockami-k3-100el","status":"publish","type":"product","link":"http:\/\/klubmamgdynia.pl\/index.php\/produkt\/hemar-duzy-kuferek-z-klockami-k3-100el\/","title":{"rendered":"Hemar Du\u017cy Kuferek Z Klockami K3 100El."},"content":{"rendered":"<p>Hemar du\u017cy kuferek z klockami K3, ok. 100 element\u00f3wProducent: HemarNr katalogowy: K3Zawarto\u015b\u0107: 2 zmontowane figurki, 6 drzewa, 4 platformy z ko\u0142ami, 3 klocki z oknem\/drzwiami, ok. 40 klock\u00f3w, 1 lokomotywa, 1 wagonikKuferek: zielonyKreatywne budowanie dost\u0119pne w por\u0119cznym kuferku. Z blisko 100 element\u00f3w mo\u017cna wyczarowa\u0107 wiele ciekawych budowli i konstrukcji. Dzi\u0119ki do\u0142\u0105czonym drzwiom i oknom budynki staj\u0105 si\u0119 realistyczne. Samochody pomog\u0105 w transporcie materia\u0142\u00f3w budowlanych i nie tylko&#8230;Klocki K3 o szeroko\u015bci 57 mm przeznaczone s\u0105 dla dzieci ju\u017c od 2 roku \u017cycia, pozwalaj\u0105 na tworzenie skomplikowanych budowli, nawet ca\u0142ych miasteczek.W KUFERKU znajduj\u0105 si\u0119 wszystkie dost\u0119pne dodatki do klock\u00f3w K3:oknadrzwipodwoziasamochodydrzewkafigurkidachyWymiary klock\u00f3wSzeroko\u015b\u0107 klocka: 57 mmKlocki wyst\u0119puj\u0105 w 4 kolorach &#8211; czerwony, niebieski, zielony, \u017c\u00f3\u0142tyUwaga! Samochodzik &#8211; pojazd producent liczy jako 5 element\u00f3w, czyli 1x podstawa + 4x ko\u0142a, Figurka &#8211; jako 7 element\u00f3w.<\/p>\n<h2>Hemar Du\u017cy Kuferek Z Klockami K3 100El. Hemar<\/h2>\n<p>dobrej nocy i sza, \u0142ama\u0144ce j\u0119zykowe dla dzieci, mia, ci\u0119\u017ckie zagadki, p\u0142onie ognisko w lesie, pomys\u0142 na prezent dla 15 latki, co kupi\u0107 na roczek, kolorowanki spongebob, w uk\u0142adzie s\u0142onecznym, pieski, bajka do czytania na dobranoc, bajki dla niemowl\u0105t do czytania, co na prezent dla nastolatk\u00f3w, iwo imie, pokemon kolorowanki, sentencje napisy cytaty o rodzinie, test z ani z zielonego wzg\u00f3rza, zagadki na logik\u0119, zagadki dla ma\u0142ych dzieci, test z lektury opowie\u015bci z narni lew czarownica i stara szafa, atrakcje dla dzieci wielkopolska<\/p>\n<p>yyyyy<\/p>\n<p>&nbsp;<\/p>\n","protected":false},"excerpt":{"rendered":"<p>Hemar du\u017cy kuferek z klockami K3, ok. 100 element\u00f3wProducent: HemarNr katalogowy: K3Zawarto\u015b\u0107: 2 zmontowane figurki, 6 drzewa, 4 platformy z ko\u0142ami, 3 klocki z oknem\/drzwiami, ok. 40 klock\u00f3w, 1 lokomotywa, 1 wagonikKuferek: zielonyKreatywne budowanie dost\u0119pne w por\u0119cznym kuferku. Z blisko 100 element\u00f3w mo\u017cna wyczarowa\u0107 wiele ciekawych budowli i konstrukcji. Dzi\u0119ki do\u0142\u0105czonym drzwiom i oknom budynki [&hellip;]<\/p>\n","protected":false},"featured_media":9382,"comment_status":"closed","ping_status":"open","template":"","meta":[],"product_cat":[1820,113],"product_tag":[865,821,602,651,860,779],"class_list":["post-9381","product","type-product","status-publish","has-post-thumbnail","hentry","product_cat-hemar","product_cat-klocki","product_tag-cytaty-o-dzieciach","product_tag-marianna","product_tag-quiz-o-zwierzetach-domowych","product_tag-quizy-online","product_tag-zagadki-logiczne-dla-doroslych","product_tag-zarty-na-prima-aprilis-w-domu"],"_links":{"self":[{"href":"http:\/\/klubmamgdynia.pl\/index.php\/wp-json\/wp\/v2\/product\/9381","targetHints":{"allow":["GET"]}}],"collection":[{"href":"http:\/\/klubmamgdynia.pl\/index.php\/wp-json\/wp\/v2\/product"}],"about":[{"href":"http:\/\/klubmamgdynia.pl\/index.php\/wp-json\/wp\/v2\/types\/product"}],"replies":[{"embeddable":true,"href":"http:\/\/klubmamgdynia.pl\/index.php\/wp-json\/wp\/v2\/comments?post=9381"}],"wp:featuredmedia":[{"embeddable":true,"href":"http:\/\/klubmamgdynia.pl\/index.php\/wp-json\/wp\/v2\/media\/9382"}],"wp:attachment":[{"href":"http:\/\/klubmamgdynia.pl\/index.php\/wp-json\/wp\/v2\/media?parent=9381"}],"wp:term":[{"taxonomy":"product_cat","embeddable":true,"href":"http:\/\/klubmamgdynia.pl\/index.php\/wp-json\/wp\/v2\/product_cat?post=9381"},{"taxonomy":"product_tag","embeddable":true,"href":"http:\/\/klubmamgdynia.pl\/index.php\/wp-json\/wp\/v2\/product_tag?post=9381"}],"curies":[{"name":"wp","href":"https:\/\/api.w.org\/{rel}","templated":true}]}}