{"id":9383,"date":"2021-07-06T23:17:10","date_gmt":"2021-07-06T21:17:10","guid":{"rendered":"http:\/\/klubmamgdynia.pl\/index.php\/produkt\/glow-lab-plecak-szkolny-nube-jasnoniebieski-20x28x8cm\/"},"modified":"2026-04-28T13:51:49","modified_gmt":"2026-04-28T11:51:49","slug":"glow-lab-plecak-szkolny-nube-jasnoniebieski-20x28x8cm","status":"publish","type":"product","link":"http:\/\/klubmamgdynia.pl\/index.php\/produkt\/glow-lab-plecak-szkolny-nube-jasnoniebieski-20x28x8cm\/","title":{"rendered":"Glow Lab Plecak Szkolny Nube Jasnoniebieski 20X28X8Cm"},"content":{"rendered":"<p>Dzieci zas\u0142uguj\u0105 na to co najlepsze, dlatego przedstawiamy Ci Plecak szkolny Glow Lab Nube Jasnoniebieski (20 x 28 x 8 cm), idealny dla tych, kt\u00f3rzy szukaj\u0105 produkt\u00f3w wysokiej jako\u015bci dla dzieci! Zdob\u0105d\u017a Glow Lab i inne produkty markowe i licencyjne w najlepszych cenach!W\u0142a\u015bciwo\u015bci: Wy\u015bcie\u0142ane ramionaUchwyt u g\u00f3ryPrzystosowany do w\u00f3zka do plecakaWizyt\u00f3wkaKolor: JasnoniebieskiMateria\u0142: Poliester 600DPrzegr\u00f3dki: Przednia kiesze\u0144 zamykana na suwak1 Przegr\u00f3dkiZalecane stosowanie: Dzieci\u0119cyWymiary ok.: 20 x 28 x 8 cmP\u0142e\u0107: Unisex dzieci\u0119cyDesign: ChmuryStyl: SzkolnyRodzaj zapi\u0119cia: Zamek b\u0142yskawiczny&#8230;<\/p>\n<h2>Glow Lab Plecak Szkolny Nube Jasnoniebieski 20X28X8Cm <\/h2>\n<p>pierniki na bo\u017ce narodzenie, co mo\u017cna zrobi\u0107 z rolki papieru, kolorowanka star wars, bajka na dobranoc, kolorowanki do druku dla ch\u0142opc\u00f3w, karty pracy dla dzieci z ukrainy klasa 3, kolorowanka mia i ja, fajne rzeczy dla nastolatk\u00f3w<\/p>\n<p>yyyyy<\/p>\n<p>&nbsp;<\/p>\n","protected":false},"excerpt":{"rendered":"<p>Dzieci zas\u0142uguj\u0105 na to co najlepsze, dlatego przedstawiamy Ci Plecak szkolny Glow Lab Nube Jasnoniebieski (20 x 28 x 8 cm), idealny dla tych, kt\u00f3rzy szukaj\u0105 produkt\u00f3w wysokiej jako\u015bci dla dzieci! Zdob\u0105d\u017a Glow Lab i inne produkty markowe i licencyjne w najlepszych cenach!W\u0142a\u015bciwo\u015bci: Wy\u015bcie\u0142ane ramionaUchwyt u g\u00f3ryPrzystosowany do w\u00f3zka do plecakaWizyt\u00f3wkaKolor: JasnoniebieskiMateria\u0142: Poliester 600DPrzegr\u00f3dki: Przednia [&hellip;]<\/p>\n","protected":false},"featured_media":9384,"comment_status":"closed","ping_status":"open","template":"","meta":[],"product_cat":[329],"product_tag":[598,795,809,581,746],"class_list":["post-9383","product","type-product","status-publish","has-post-thumbnail","hentry","product_cat-plecaki-szkolne","product_tag-co-na-roczek-dla-dziewczynki","product_tag-mini-zoo-warszawa","product_tag-zagadki","product_tag-zagadki-dla-8-latka","product_tag-zagadki-typu-co-to-jest"],"_links":{"self":[{"href":"http:\/\/klubmamgdynia.pl\/index.php\/wp-json\/wp\/v2\/product\/9383","targetHints":{"allow":["GET"]}}],"collection":[{"href":"http:\/\/klubmamgdynia.pl\/index.php\/wp-json\/wp\/v2\/product"}],"about":[{"href":"http:\/\/klubmamgdynia.pl\/index.php\/wp-json\/wp\/v2\/types\/product"}],"replies":[{"embeddable":true,"href":"http:\/\/klubmamgdynia.pl\/index.php\/wp-json\/wp\/v2\/comments?post=9383"}],"wp:featuredmedia":[{"embeddable":true,"href":"http:\/\/klubmamgdynia.pl\/index.php\/wp-json\/wp\/v2\/media\/9384"}],"wp:attachment":[{"href":"http:\/\/klubmamgdynia.pl\/index.php\/wp-json\/wp\/v2\/media?parent=9383"}],"wp:term":[{"taxonomy":"product_cat","embeddable":true,"href":"http:\/\/klubmamgdynia.pl\/index.php\/wp-json\/wp\/v2\/product_cat?post=9383"},{"taxonomy":"product_tag","embeddable":true,"href":"http:\/\/klubmamgdynia.pl\/index.php\/wp-json\/wp\/v2\/product_tag?post=9383"}],"curies":[{"name":"wp","href":"https:\/\/api.w.org\/{rel}","templated":true}]}}