{"id":9385,"date":"2015-12-09T06:52:02","date_gmt":"2015-12-09T05:52:02","guid":{"rendered":"http:\/\/klubmamgdynia.pl\/index.php\/produkt\/tm-toys-swinka-peppa-plusz-george-25-cm-innpepe4\/"},"modified":"2026-04-03T17:30:42","modified_gmt":"2026-04-03T15:30:42","slug":"tm-toys-swinka-peppa-plusz-george-25-cm-innpepe4","status":"publish","type":"product","link":"http:\/\/klubmamgdynia.pl\/index.php\/produkt\/tm-toys-swinka-peppa-plusz-george-25-cm-innpepe4\/","title":{"rendered":"Tm Toys \u015awinka Peppa Plusz George 25 Cm Innpepe4"},"content":{"rendered":"<p>George 25 cmZabawka pluszowa George z bajki winka Peppa, wykonana z miekkiego materiau, dziki czemu dzieci uwielbiaj si do niej przytula.EAN:  4893825024643Gwarancja:  24 miesi\u0105ceKod dostawcy:  INNPEPE4Nr katalogowy:  INNPEPE4Rodzaj:  BajkoweMarka:  \u015awinka PeppaWymagania wiekowe:  od 3 latP\u0142e\u0107:  Dziewczynki i ch\u0142opcyKolor:  R\u00f3\u017cowyWysoko\u015b\u0107:  25 cm<\/p>\n<h2>Tm Toys \u015awinka Peppa Plusz George 25 Cm Innpepe4 TM Toys<\/h2>\n<p>prezent dla ch\u0142opca 7 lat, zagadki na logik\u0119, kolorowanka pikachu, my little pony kolorowanki celestia, warsztaty dla dzieci warszawa, kwiecie\u0144 plecie\u0144 wiersz, rozalia imi\u0119, ma\u0142y ksi\u0105\u017c\u0119 cytaty o mi\u0142o\u015bci, quiz flagi, sentencje na dzie\u0144 nauczyciela, zagadki o zwierz\u0119tach dla dzieci, kolorowanka dla dzieci, cytaty korczak, najlepsze \u017carty na prima aprilis, tajemniczy ogr\u00f3d test z odpowiedziami, zagadka, maurycy<\/p>\n<p>yyyyy<\/p>\n<p>&nbsp;<\/p>\n","protected":false},"excerpt":{"rendered":"<p>George 25 cmZabawka pluszowa George z bajki winka Peppa, wykonana z miekkiego materiau, dziki czemu dzieci uwielbiaj si do niej przytula.EAN: 4893825024643Gwarancja: 24 miesi\u0105ceKod dostawcy: INNPEPE4Nr katalogowy: INNPEPE4Rodzaj: BajkoweMarka: \u015awinka PeppaWymagania wiekowe: od 3 latP\u0142e\u0107: Dziewczynki i ch\u0142opcyKolor: R\u00f3\u017cowyWysoko\u015b\u0107: 25 cm Tm Toys \u015awinka Peppa Plusz George 25 Cm Innpepe4 TM Toys prezent dla ch\u0142opca [&hellip;]<\/p>\n","protected":false},"featured_media":9386,"comment_status":"closed","ping_status":"open","template":"","meta":[],"product_cat":[42,145],"product_tag":[740,745,695,712],"class_list":["post-9385","product","type-product","status-publish","has-post-thumbnail","hentry","product_cat-maskotki","product_cat-tm-toys","product_tag-fajne-prezenty-dla-nastolatkow","product_tag-prezent-dla-15-latki","product_tag-rzadkie-imiona-zenskie","product_tag-zagadki-o-zwierzetach"],"_links":{"self":[{"href":"http:\/\/klubmamgdynia.pl\/index.php\/wp-json\/wp\/v2\/product\/9385","targetHints":{"allow":["GET"]}}],"collection":[{"href":"http:\/\/klubmamgdynia.pl\/index.php\/wp-json\/wp\/v2\/product"}],"about":[{"href":"http:\/\/klubmamgdynia.pl\/index.php\/wp-json\/wp\/v2\/types\/product"}],"replies":[{"embeddable":true,"href":"http:\/\/klubmamgdynia.pl\/index.php\/wp-json\/wp\/v2\/comments?post=9385"}],"wp:featuredmedia":[{"embeddable":true,"href":"http:\/\/klubmamgdynia.pl\/index.php\/wp-json\/wp\/v2\/media\/9386"}],"wp:attachment":[{"href":"http:\/\/klubmamgdynia.pl\/index.php\/wp-json\/wp\/v2\/media?parent=9385"}],"wp:term":[{"taxonomy":"product_cat","embeddable":true,"href":"http:\/\/klubmamgdynia.pl\/index.php\/wp-json\/wp\/v2\/product_cat?post=9385"},{"taxonomy":"product_tag","embeddable":true,"href":"http:\/\/klubmamgdynia.pl\/index.php\/wp-json\/wp\/v2\/product_tag?post=9385"}],"curies":[{"name":"wp","href":"https:\/\/api.w.org\/{rel}","templated":true}]}}