{"id":9389,"date":"2019-09-03T17:15:11","date_gmt":"2019-09-03T15:15:11","guid":{"rendered":"http:\/\/klubmamgdynia.pl\/index.php\/produkt\/bruder-62003-bworld-jcb-koparka-minikoparka-jcb\/"},"modified":"2026-04-25T10:44:02","modified_gmt":"2026-04-25T08:44:02","slug":"bruder-62003-bworld-jcb-koparka-minikoparka-jcb","status":"publish","type":"product","link":"http:\/\/klubmamgdynia.pl\/index.php\/produkt\/bruder-62003-bworld-jcb-koparka-minikoparka-jcb\/","title":{"rendered":"Bruder 62003 bWorld Jcb koparka minikoparka Jcb"},"content":{"rendered":"<p>Mikrokoparka JCB 8010 CTS Bruder 62003Skala 1:16Seria bWorldPojazd mo\u017ce by\u0107 wykorzystany w po\u0142\u0105czeniu z innymi zabawkami Brudera do stworzenia bogatej,kszta\u0142tuj\u0105cej wyobra\u017ani\u0119 dziecka scenerii placu zabaw odzwierciedlaj\u0105cej zdarzenia z doros\u0142ego \u015bwiata. NAZWA MIKROKOPARKA JCB 8010 CTS PRODUCENT BRUDER WIEK 3+ EAN 4001702620035 Znajd\u017a podobne wed\u0142ug klucza: BRUDER (426195)<\/p>\n<h2>Bruder 62003 bWorld Jcb koparka minikoparka Jcb Bruder<\/h2>\n<p>szlaczki, ma\u0142y ksi\u0105\u017ce cytaty o przyja\u017ani, julian znaczenie imienia, zima z\u0142a tekst, pierwszy obudzi\u0142 si\u0119 pierwiosnek tekst, zagadki podchwytliwe, prezenty na dzie\u0144 dziecka dla nastolatk\u00f3w, szablony postacie do szopki do druku, zagadki matematyczne dla dzieci 7 lat, bo\u017ce narodzenie (film)<\/p>\n<p>yyyyy<\/p>\n<p>&nbsp;<\/p>\n","protected":false},"excerpt":{"rendered":"<p>Mikrokoparka JCB 8010 CTS Bruder 62003Skala 1:16Seria bWorldPojazd mo\u017ce by\u0107 wykorzystany w po\u0142\u0105czeniu z innymi zabawkami Brudera do stworzenia bogatej,kszta\u0142tuj\u0105cej wyobra\u017ani\u0119 dziecka scenerii placu zabaw odzwierciedlaj\u0105cej zdarzenia z doros\u0142ego \u015bwiata. NAZWA MIKROKOPARKA JCB 8010 CTS PRODUCENT BRUDER WIEK 3+ EAN 4001702620035 Znajd\u017a podobne wed\u0142ug klucza: BRUDER (426195) Bruder 62003 bWorld Jcb koparka minikoparka Jcb Bruder [&hellip;]<\/p>\n","protected":false},"featured_media":9390,"comment_status":"closed","ping_status":"open","template":"","meta":[],"product_cat":[1076,1821],"product_tag":[750,583,793],"class_list":["post-9389","product","type-product","status-publish","has-post-thumbnail","hentry","product_cat-bruder","product_cat-hodowla-zwierzat","product_tag-imie-kostek","product_tag-kolysanki-dla-dzieci-tekst","product_tag-zagadki-smieszne-podchwytliwe"],"_links":{"self":[{"href":"http:\/\/klubmamgdynia.pl\/index.php\/wp-json\/wp\/v2\/product\/9389","targetHints":{"allow":["GET"]}}],"collection":[{"href":"http:\/\/klubmamgdynia.pl\/index.php\/wp-json\/wp\/v2\/product"}],"about":[{"href":"http:\/\/klubmamgdynia.pl\/index.php\/wp-json\/wp\/v2\/types\/product"}],"replies":[{"embeddable":true,"href":"http:\/\/klubmamgdynia.pl\/index.php\/wp-json\/wp\/v2\/comments?post=9389"}],"wp:featuredmedia":[{"embeddable":true,"href":"http:\/\/klubmamgdynia.pl\/index.php\/wp-json\/wp\/v2\/media\/9390"}],"wp:attachment":[{"href":"http:\/\/klubmamgdynia.pl\/index.php\/wp-json\/wp\/v2\/media?parent=9389"}],"wp:term":[{"taxonomy":"product_cat","embeddable":true,"href":"http:\/\/klubmamgdynia.pl\/index.php\/wp-json\/wp\/v2\/product_cat?post=9389"},{"taxonomy":"product_tag","embeddable":true,"href":"http:\/\/klubmamgdynia.pl\/index.php\/wp-json\/wp\/v2\/product_tag?post=9389"}],"curies":[{"name":"wp","href":"https:\/\/api.w.org\/{rel}","templated":true}]}}