{"id":9391,"date":"2024-08-02T07:42:12","date_gmt":"2024-08-02T05:42:12","guid":{"rendered":"http:\/\/klubmamgdynia.pl\/?post_type=product&#038;p=9391"},"modified":"2026-04-25T01:23:15","modified_gmt":"2026-04-24T23:23:15","slug":"trefl-puzzle-3w1-strazak-sam-w-akcji-34844","status":"publish","type":"product","link":"http:\/\/klubmamgdynia.pl\/index.php\/produkt\/trefl-puzzle-3w1-strazak-sam-w-akcji-34844\/","title":{"rendered":"Trefl Puzzle 3W1 Stra\u017cak Sam W Akcji 34844"},"content":{"rendered":"<p>Trefl Puzzle 3W1 Stra\u017cak Sam W Akcji 34844Puzzle 3w1 to trzy uk\u0142adanki r\u00f3\u017cnej wielko\u015bci z ulubionymi bohaterami najm\u0142odszych. Zestaw doskonale spe\u0142nia oczekiwania rodze\u0144stwa &#8211; ka\u017cdy u\u0142o\u017cy sw\u00f3j ulubiony obrazek nawet w tym samym czasie. Zr\u00f3\u017cnicowana liczba element\u00f3w pozwala na zabaw\u0119 zar\u00f3wno m\u0142odszym, jak i nieco starszym dzieciom. Dodatkowym urozmaiceniem zabawy mo\u017ce by\u0107 uk\u0142adanie na czas, por\u00f3wnywanie obrazk\u00f3w, szukanie r\u00f3\u017cnic i podobie\u0144stw.                            <\/p>\n<p>                    Sprawd\u017a inne puzzle Trefl:<\/p>\n<p>            Trefl Puzzle 4W1 Jak Wytresowa\u0107 Smoka 34341<\/p>\n<p>                        od<br \/>\n                            22,90<br \/>\n                            z\u0142<\/p>\n<p>                    Zobacz<\/p>\n<p>            Trefl Puzzle 4W1 Weso\u0142e Pieski 34394<\/p>\n<p>                        od<br \/>\n                            17,68<br \/>\n                            z\u0142<\/p>\n<p>                    Zobacz<\/p>\n<p>            Trefl Puzzle 3W1 Samoloty  34197<\/p>\n<p>                        od<br \/>\n                            8,00<br \/>\n                            z\u0142<\/p>\n<p>                    Zobacz<\/p>\n<p>            Trefl Puzzle 4W1 Du\u017ce Maszyny Budowlane 34353<\/p>\n<p>                        od<br \/>\n                            18,63<br \/>\n                            z\u0142<\/p>\n<p>                    Zobacz<\/p>\n<p>            Trefl Puzzle 4W1 Wyj\u0105tkowe dinozaury 34609<\/p>\n<p>                        od<br \/>\n                            17,94<br \/>\n                            z\u0142<\/p>\n<p>                    Zobacz<\/p>\n<p>            Trefl Puzzle 4W1 Gro\u017ane Dinozaury 34607<\/p>\n<p>                        od<br \/>\n                            17,95<br \/>\n                            z\u0142<\/p>\n<p>                    Zobacz<\/p>\n<p>            Trefl Puzzle 4W1 Przygody Kr\u00f3la Lwa 34605<\/p>\n<p>                        od<br \/>\n                            23,99<br \/>\n                            z\u0142<\/p>\n<p>                    Zobacz<\/p>\n<p>            Trefl Puzzle 4W1 Le\u015bne Przygody Maszy 34388<\/p>\n<p>                        od<br \/>\n                            18,48<br \/>\n                            z\u0142<\/p>\n<p>                    Zobacz<\/p>\n<p>            Trefl Puzzle 4W1 Super Zings Bohaterowie Serii 4 34343<\/p>\n<p>                        od<br \/>\n                            14,95<br \/>\n                            z\u0142<\/p>\n<p>                    Zobacz<\/p>\n<p>            Trefl Puzzle 4W1 Tajemniczy \u015bwiat zwierz\u0105t 34382<\/p>\n<p>                        od<br \/>\n                            17,90<br \/>\n                            z\u0142<\/p>\n<p>                    Zobacz<\/p>\n<p>            Trefl Puzzle 4W1 Zabawne kotki 34396<\/p>\n<p>                        od<br \/>\n                            17,00<br \/>\n                            z\u0142<\/p>\n<p>                    Zobacz<\/p>\n<p>            Trefl Puzzle 4W1 Psi Patrol w mie\u015bcie 34374<\/p>\n<p>                        od<br \/>\n                            17,75<br \/>\n                            z\u0142<\/p>\n<p>                    Zobacz<\/p>\n<p>            Trefl Puzzle 4W1 Harry Potter 93104<\/p>\n<p>                        od<br \/>\n                            18,60<br \/>\n                            z\u0142<\/p>\n<p>                    Zobacz<\/p>\n<p>            Trefl Puzzle 10W1 Na Patrolu Psi Patrol 90391<\/p>\n<p>                        od<br \/>\n                            25,64<br \/>\n                            z\u0142<\/p>\n<p>                    Zobacz<\/p>\n<p>            Trefl Puzzle 4W1 Myszka Miki Zabawy W Parku 34261<\/p>\n<p>                        od<br \/>\n                            17,36<br \/>\n                            z\u0142<\/p>\n<p>                    Zobacz<\/p>\n<p>            Trefl Puzzle 4W1 Weso\u0142a Ekipa Psiego Patrolu 34346<\/p>\n<p>                        od<br \/>\n                            18,86<br \/>\n                            z\u0142<\/p>\n<p>                    Zobacz<\/p>\n<p>            Trefl Puzzle 4W1 Magia w lesie Frozen 2 34398<\/p>\n<p>                        od<br \/>\n                            16,45<br \/>\n                            z\u0142<\/p>\n<p>                    Zobacz<\/p>\n<p>            Trefl Puzzle 4W1 Wakacyjny Psi Patrol 34395<\/p>\n<p>                        od<br \/>\n                            17,41<br \/>\n                            z\u0142<\/p>\n<p>                    Zobacz<\/p>\n<p>            Trefl Puzzle 10W1 Ekipa Psiego Patrolu 90355<\/p>\n<p>                        od<br \/>\n                            29,22<br \/>\n                            z\u0142<\/p>\n<p>                    Zobacz<\/p>\n<p>            Trefl Puzzle 3W1 Marshall Rubble I Chase 34839<\/p>\n<p>                        od<br \/>\n                            14,35<br \/>\n                            z\u0142<\/p>\n<p>                    Zobacz<\/p>\n<p>            Trefl Puzzle 10W1 Poznaj ekip\u0119 Stra\u017caka Sama 90382<\/p>\n<p>                        od<br \/>\n                            18,92<br \/>\n                            z\u0142<\/p>\n<p>                    Zobacz<\/p>\n<p>            Trefl Puzzle 4W1 Baby Classic Weso\u0142e Muminki 36094<\/p>\n<p>                        od<br \/>\n                            15,48<br \/>\n                            z\u0142<\/p>\n<p>                    Zobacz<\/p>\n<p>            Trefl Puzzle 4W1 \u015awinka Peppa 34359<\/p>\n<p>                        od<br \/>\n                            17,81<br \/>\n                            z\u0142<\/p>\n<p>                    Zobacz<\/p>\n<p>            Trefl Puzzle 4W1 Weso\u0142y Dzie\u0144 Binga 34335<\/p>\n<p>                        od<br \/>\n                            16,38<br \/>\n                            z\u0142<\/p>\n<p>                    Zobacz<\/p>\n<p>            Trefl Puzzle 4w1 Poznaj laleczki 34613<\/p>\n<p>                        od<br \/>\n                            17,95<br \/>\n                            z\u0142<\/p>\n<p>                    Zobacz<\/p>\n<p>            Trefl Puzzle 4W1 Pomocny Stra\u017cak Sam 34373<\/p>\n<p>                        od<br \/>\n                            17,00<br \/>\n                            z\u0142<\/p>\n<p>                    Zobacz<\/p>\n<p>            Trefl Puzzle 4W1 Pracowity Dzie\u0144 Bob Budowniczy 34350<\/p>\n<p>                        od<br \/>\n                            18,28<br \/>\n                            z\u0142<\/p>\n<p>                    Zobacz<\/p>\n<p>            Trefl Puzzle 4W1 Rodzina Rekin\u00f3w Baby Shark 34378<\/p>\n<p>                        od<br \/>\n                            13,99<br \/>\n                            z\u0142<\/p>\n<p>                    Zobacz<\/p>\n<p>            Trefl Puzzle 4W1 Fajny dzie\u0144 Mickiego 34604<\/p>\n<p>                        od<br \/>\n                            17,94<br \/>\n                            z\u0142<\/p>\n<p>                    Zobacz<\/p>\n<p>            Trefl Puzzle 4W1 Przygody Pszcz\u00f3\u0142ki Mai 34320<\/p>\n<p>                        od<br \/>\n                            18,35<br \/>\n                            z\u0142<\/p>\n<p>                    Zobacz<\/p>\n<h2>Trefl Puzzle 3W1 Stra\u017cak Sam W Akcji 34844 Trefl<\/h2>\n<p>prezent dla dwunastolatka, zabawy na dzie\u0144 dziecka w szkole, szablony do wyklejania plastelin\u0105, imie leon, test z lektury felix net i nika oraz gang niewidzialnych ludzi, opis do zdj\u0119cia dziecka, p\u0142ywalnie warszawa, bajki dla chlopcow<\/p>\n<p>yyyyy<\/p>\n<p>&nbsp;<\/p>\n","protected":false},"excerpt":{"rendered":"<p>Trefl Puzzle 3W1 Stra\u017cak Sam W Akcji 34844Puzzle 3w1 to trzy uk\u0142adanki r\u00f3\u017cnej wielko\u015bci z ulubionymi bohaterami najm\u0142odszych. Zestaw doskonale spe\u0142nia oczekiwania rodze\u0144stwa &#8211; ka\u017cdy u\u0142o\u017cy sw\u00f3j ulubiony obrazek nawet w tym samym czasie. Zr\u00f3\u017cnicowana liczba element\u00f3w pozwala na zabaw\u0119 zar\u00f3wno m\u0142odszym, jak i nieco starszym dzieciom. Dodatkowym urozmaiceniem zabawy mo\u017ce by\u0107 uk\u0142adanie na czas, [&hellip;]<\/p>\n","protected":false},"featured_media":9392,"comment_status":"closed","ping_status":"open","template":"","meta":[],"product_cat":[90,104],"product_tag":[702,610,724],"class_list":["post-9391","product","type-product","status-publish","has-post-thumbnail","hentry","product_cat-puzzle","product_cat-trefl","product_tag-co-kupic-na-roczek-dla-dziewczynki","product_tag-co-na-prezent-dla-nastolatkow","product_tag-zagadki-podchwytliwe"],"_links":{"self":[{"href":"http:\/\/klubmamgdynia.pl\/index.php\/wp-json\/wp\/v2\/product\/9391","targetHints":{"allow":["GET"]}}],"collection":[{"href":"http:\/\/klubmamgdynia.pl\/index.php\/wp-json\/wp\/v2\/product"}],"about":[{"href":"http:\/\/klubmamgdynia.pl\/index.php\/wp-json\/wp\/v2\/types\/product"}],"replies":[{"embeddable":true,"href":"http:\/\/klubmamgdynia.pl\/index.php\/wp-json\/wp\/v2\/comments?post=9391"}],"wp:featuredmedia":[{"embeddable":true,"href":"http:\/\/klubmamgdynia.pl\/index.php\/wp-json\/wp\/v2\/media\/9392"}],"wp:attachment":[{"href":"http:\/\/klubmamgdynia.pl\/index.php\/wp-json\/wp\/v2\/media?parent=9391"}],"wp:term":[{"taxonomy":"product_cat","embeddable":true,"href":"http:\/\/klubmamgdynia.pl\/index.php\/wp-json\/wp\/v2\/product_cat?post=9391"},{"taxonomy":"product_tag","embeddable":true,"href":"http:\/\/klubmamgdynia.pl\/index.php\/wp-json\/wp\/v2\/product_tag?post=9391"}],"curies":[{"name":"wp","href":"https:\/\/api.w.org\/{rel}","templated":true}]}}