{"id":9395,"date":"2014-11-06T22:00:29","date_gmt":"2014-11-06T21:00:29","guid":{"rendered":"http:\/\/klubmamgdynia.pl\/index.php\/produkt\/mam-baby-torba-do-sterylizacji-uvc-led-mummy-bag-1-sztuka\/"},"modified":"2026-04-06T02:26:11","modified_gmt":"2026-04-06T00:26:11","slug":"mam-baby-torba-do-sterylizacji-uvc-led-mummy-bag-1-sztuka","status":"publish","type":"product","link":"http:\/\/klubmamgdynia.pl\/index.php\/produkt\/mam-baby-torba-do-sterylizacji-uvc-led-mummy-bag-1-sztuka\/","title":{"rendered":"Mam Baby Torba Do Sterylizacji Uvc Led Mummy Bag 1 Sztuka"},"content":{"rendered":"<p>Torba\/Plecak do sterylizacji59S s\u0105 to unikalne urz\u0105dzenia UVC do sterylizacji na sucho. Posiadaj\u0105 badania potwierdzaj\u0105ce niszczenie cz\u0105steczek RNA\/DNA wirus\u00f3w i baterii. Ten typ sterylizacji pozwala , na sucho w przeci\u0105gu 59 sekund zabi\u0107 99,9% wirus\u00f3w , bakterii.Nowoczesny sterylizator o wszechstronnym zastosowaniu. Idealny do sterylizacji przedmiot\u00f3w codziennego u\u017cytku takich jak odzie\u017c, r\u0119czniki, laktator. Wystarczy 1 &#8211; klikni\u0119cie, aby skutecznie zniszczy\u0107 99,9% baterii i wirus\u00f3w w zaledwie 59 sekund. Przeno\u015bny system sterylizacji. Urz\u0105dzenie wykorzystuje unikaln\u0105 technologi\u0119 UVC LED. W podr\u00f3\u017cy mo\u017cliwo\u015b\u0107 korzystania zapewnia \u0142\u0105cze USB: urz\u0105dzenie posiada mo\u017cliwo\u015b\u0107 podpi\u0119cia do zewn\u0119trznego \u017ar\u00f3d\u0142a zasilania takiego, jak: smartphone, power bank, port USB w samochodzie.Zastostowanie: sterylizacja przedmiot\u00f3w codzienngo u\u017cytku: odzie\u017c, laktator, r\u0119czniki, zabawki, akcesoria dzieci\u0119ce, przybory do makija\u017cu itp.Materia\u0142 wykonania: Al stop, PCB, Plastik, Diody LEDTyp: urz\u0105dzenie elektroniczneZasilanie: wej\u015bcie 5V = 1A (posiada port USB)Wymiar: 250x270x170 mmWaga netto: 600gD\u0142ugo\u015b\u0107 fali: 260-280nmUrz\u0105dzenia s\u0105 bardzo wysokiej jako\u015bci. Po raz pierwszy sterylizacja i dezynfekcja zosta\u0142a \u201eprzeniesiona&#8221; do urz\u0105dze\u0144 przeno\u015bnych (USB\/Power bank\/mo\u017cliwo\u015b\u0107 podpi\u0119cia do telefonu). Skuteczno\u015b\u0107 por\u00f3wnywalna jest do profesjonalnych urz\u0105dze\u0144 typu autoclaw szpitalnych. Urz\u0105dzenia na sta\u0142e wpisz\u0105 si\u0119 nie tylko przy sterylizacji butelek czy smoczk\u00f3w ale tak\u017ce w gospodarstwa domowe (sterylizacja maseczek\/ubra\u0144\/bi\u017cuterii\/telefon\u00f3w\/po prostu wszystkiego.<\/p>\n<h2>Mam Baby Torba Do Sterylizacji Uvc Led Mummy Bag 1 Sztuka <\/h2>\n<p>kolorowanki konie, mapa polski do wydrukowania za darmo, pytania logiczne, quiz o usa, prezenty dla nastolatki, jak narysowa\u0107 konia, quiz o samochodach, rysowanie po \u015bladzie pdf, kolorowanka do druku lol, \u0142atwe ale podchwytliwe zagadki, test z lektury felix net i nika oraz gang niewidzialnych ludzi, mandale do druku, pisanie literek do druku, quiz bajki, by\u0142a sobie \u017cabka ma\u0142a tekst, bajki dla dzieci na dobranoc, \u0142atwe zagadki, zagadki logiczne matematyczne dla dzieci, kolorowanka harry potter do druku<\/p>\n<p>yyyyy<\/p>\n<p>&nbsp;<\/p>\n","protected":false},"excerpt":{"rendered":"<p>Torba\/Plecak do sterylizacji59S s\u0105 to unikalne urz\u0105dzenia UVC do sterylizacji na sucho. Posiadaj\u0105 badania potwierdzaj\u0105ce niszczenie cz\u0105steczek RNA\/DNA wirus\u00f3w i baterii. Ten typ sterylizacji pozwala , na sucho w przeci\u0105gu 59 sekund zabi\u0107 99,9% wirus\u00f3w , bakterii.Nowoczesny sterylizator o wszechstronnym zastosowaniu. Idealny do sterylizacji przedmiot\u00f3w codziennego u\u017cytku takich jak odzie\u017c, r\u0119czniki, laktator. Wystarczy 1 &#8211; [&hellip;]<\/p>\n","protected":false},"featured_media":9396,"comment_status":"closed","ping_status":"open","template":"","meta":[],"product_cat":[1696],"product_tag":[593,766,599,770,597],"class_list":["post-9395","product","type-product","status-publish","has-post-thumbnail","hentry","product_cat-podgrzewacze-i-sterylizatory","product_tag-jak-narysowac-konia","product_tag-kira","product_tag-prezent-dla-nastolatkow-2021","product_tag-samolot-z-papieru","product_tag-zagadki-o-zimie"],"_links":{"self":[{"href":"http:\/\/klubmamgdynia.pl\/index.php\/wp-json\/wp\/v2\/product\/9395","targetHints":{"allow":["GET"]}}],"collection":[{"href":"http:\/\/klubmamgdynia.pl\/index.php\/wp-json\/wp\/v2\/product"}],"about":[{"href":"http:\/\/klubmamgdynia.pl\/index.php\/wp-json\/wp\/v2\/types\/product"}],"replies":[{"embeddable":true,"href":"http:\/\/klubmamgdynia.pl\/index.php\/wp-json\/wp\/v2\/comments?post=9395"}],"wp:featuredmedia":[{"embeddable":true,"href":"http:\/\/klubmamgdynia.pl\/index.php\/wp-json\/wp\/v2\/media\/9396"}],"wp:attachment":[{"href":"http:\/\/klubmamgdynia.pl\/index.php\/wp-json\/wp\/v2\/media?parent=9395"}],"wp:term":[{"taxonomy":"product_cat","embeddable":true,"href":"http:\/\/klubmamgdynia.pl\/index.php\/wp-json\/wp\/v2\/product_cat?post=9395"},{"taxonomy":"product_tag","embeddable":true,"href":"http:\/\/klubmamgdynia.pl\/index.php\/wp-json\/wp\/v2\/product_tag?post=9395"}],"curies":[{"name":"wp","href":"https:\/\/api.w.org\/{rel}","templated":true}]}}