{"id":9397,"date":"2022-11-29T04:44:32","date_gmt":"2022-11-29T03:44:32","guid":{"rendered":"http:\/\/klubmamgdynia.pl\/?post_type=product&#038;p=9397"},"modified":"2026-04-05T22:31:03","modified_gmt":"2026-04-05T20:31:03","slug":"collecta-zwierzeta-dzikie-okapi-88532","status":"publish","type":"product","link":"http:\/\/klubmamgdynia.pl\/index.php\/produkt\/collecta-zwierzeta-dzikie-okapi-88532\/","title":{"rendered":"Collecta Zwierz\u0119ta dzikie Okapi (88532)"},"content":{"rendered":"<p>Stoj\u0105cy samiec &#8211; okapi le\u015bne.Wymiary oko\u0142o: 13 cm x 10 cmFigurki malowane s\u0105 r\u0119cznie z dba\u0142o\u015bci\u0105 o szczeg\u00f3\u0142y, mog\u0105 nieznacznie r\u00f3\u017cni\u0107 si\u0119 mi\u0119dzy sob\u0105.Zabawka przeznaczona dla dzieci powy\u017cej 3 lat.Wszystkie zabawki posiadaj\u0105 certyfikat CE &#8211; Znak ten jest wyznacznikiem wysokiej jako\u015bci produkt\u00f3w.Zabawki z tym znakiem s\u0105 bezpieczne, nie zawieraj\u0105 szkodliwych dla zdrowia barwnik\u00f3w i materia\u0142\u00f3w.<\/p>\n<h2>Collecta Zwierz\u0119ta dzikie Okapi (88532) Collecta<\/h2>\n<p>bajka na dobranoc do czytania, walentynka kolorowanka, zabawy ruchowe dla dzieci w przedszkolu, \u015bmieszne kanapki kanapki dla dzieci, wr\u00f3\u017cby andrzejkowe online dla dzieci, prosta zagadka, zagadki rymowane, zagadki dla 8 latk\u00f3w<\/p>\n<p>yyyyy<\/p>\n<p>&nbsp;<\/p>\n","protected":false},"excerpt":{"rendered":"<p>Stoj\u0105cy samiec &#8211; okapi le\u015bne.Wymiary oko\u0142o: 13 cm x 10 cmFigurki malowane s\u0105 r\u0119cznie z dba\u0142o\u015bci\u0105 o szczeg\u00f3\u0142y, mog\u0105 nieznacznie r\u00f3\u017cni\u0107 si\u0119 mi\u0119dzy sob\u0105.Zabawka przeznaczona dla dzieci powy\u017cej 3 lat.Wszystkie zabawki posiadaj\u0105 certyfikat CE &#8211; Znak ten jest wyznacznikiem wysokiej jako\u015bci produkt\u00f3w.Zabawki z tym znakiem s\u0105 bezpieczne, nie zawieraj\u0105 szkodliwych dla zdrowia barwnik\u00f3w i materia\u0142\u00f3w. [&hellip;]<\/p>\n","protected":false},"featured_media":9398,"comment_status":"closed","ping_status":"open","template":"","meta":[],"product_cat":[490,95],"product_tag":[611,748,870,840,824,708],"class_list":["post-9397","product","type-product","status-publish","has-post-thumbnail","hentry","product_cat-collecta","product_cat-figurki-makiety-i-zestawy","product_tag-bajki-do-czytania-psi-patrol","product_tag-okolice-wroclawia-atrakcje","product_tag-prezent-dla-chlopca-na-roczek","product_tag-stare-bajki","product_tag-warszawa-atrakcje-dla-dzieci","product_tag-zabawy-ruchowe-dla-dzieci"],"_links":{"self":[{"href":"http:\/\/klubmamgdynia.pl\/index.php\/wp-json\/wp\/v2\/product\/9397","targetHints":{"allow":["GET"]}}],"collection":[{"href":"http:\/\/klubmamgdynia.pl\/index.php\/wp-json\/wp\/v2\/product"}],"about":[{"href":"http:\/\/klubmamgdynia.pl\/index.php\/wp-json\/wp\/v2\/types\/product"}],"replies":[{"embeddable":true,"href":"http:\/\/klubmamgdynia.pl\/index.php\/wp-json\/wp\/v2\/comments?post=9397"}],"wp:featuredmedia":[{"embeddable":true,"href":"http:\/\/klubmamgdynia.pl\/index.php\/wp-json\/wp\/v2\/media\/9398"}],"wp:attachment":[{"href":"http:\/\/klubmamgdynia.pl\/index.php\/wp-json\/wp\/v2\/media?parent=9397"}],"wp:term":[{"taxonomy":"product_cat","embeddable":true,"href":"http:\/\/klubmamgdynia.pl\/index.php\/wp-json\/wp\/v2\/product_cat?post=9397"},{"taxonomy":"product_tag","embeddable":true,"href":"http:\/\/klubmamgdynia.pl\/index.php\/wp-json\/wp\/v2\/product_tag?post=9397"}],"curies":[{"name":"wp","href":"https:\/\/api.w.org\/{rel}","templated":true}]}}