{"id":94,"date":"2019-06-14T19:30:45","date_gmt":"2019-06-14T17:30:45","guid":{"rendered":"http:\/\/klubmamgdynia.pl\/index.php\/produkt\/babyono-zabawka-edukacyjna-zawieszka-do-wozka-fairy-tales-armadillo-arnold-1szt\/"},"modified":"2026-05-17T22:50:45","modified_gmt":"2026-05-17T20:50:45","slug":"babyono-zabawka-edukacyjna-zawieszka-do-wozka-fairy-tales-armadillo-arnold-1szt","status":"publish","type":"product","link":"http:\/\/klubmamgdynia.pl\/index.php\/produkt\/babyono-zabawka-edukacyjna-zawieszka-do-wozka-fairy-tales-armadillo-arnold-1szt\/","title":{"rendered":"BABYONO Zabawka edukacyjna \u2013 zawieszka do w\u00f3zka FAIRY TALES ARMADILLO ARNOLD, 1szt."},"content":{"rendered":"<p>Zawieszka do w\u00f3zka i fotelika dla noworodka. Zabawka BabyOno<\/p>\n<h2>BABYONO Zabawka edukacyjna \u2013 zawieszka do w\u00f3zka FAIRY TALES ARMADILLO ARNOLD, 1szt. BabyOno<\/h2>\n<p>opisy do zdj dziecka, \u0142amig\u0142\u00f3wki matematyczne, adriana imi\u0119, karty pracy dla dzieci z ukrainy pdf, gry planszowe dla nastolatk\u00f3w, historia pluszowego misia, jak zrobi\u0107 wulkan, opowie\u015bci z narni lew czarownica i stara szafa test, liwia imi\u0119, iwo imi\u0119, zagadki logiczne, kr\u00f3tkie \u017cyczenia wielkanocne dla dzieci, gdzie nad wod\u0119 ko\u0142o warszawy, quiz kajko i kokosz szko\u0142a latania, kamila, mia imi\u0119, piosenka na dzie\u0144 nauczyciela przedszkole, kuku\u0142eczka kuka tekst, szablony do wyklejania plastelin\u0105, prezent dla 17 latki<\/p>\n<p>yyyyy<\/p>\n<p>&nbsp;<\/p>\n","protected":false},"excerpt":{"rendered":"<p>Zawieszka do w\u00f3zka i fotelika dla noworodka. Zabawka BabyOno BABYONO Zabawka edukacyjna \u2013 zawieszka do w\u00f3zka FAIRY TALES ARMADILLO ARNOLD, 1szt. BabyOno opisy do zdj dziecka, \u0142amig\u0142\u00f3wki matematyczne, adriana imi\u0119, karty pracy dla dzieci z ukrainy pdf, gry planszowe dla nastolatk\u00f3w, historia pluszowego misia, jak zrobi\u0107 wulkan, opowie\u015bci z narni lew czarownica i stara szafa [&hellip;]<\/p>\n","protected":false},"featured_media":95,"comment_status":"closed","ping_status":"open","template":"","meta":[],"product_cat":[27,26],"product_tag":[658,778,849,577],"class_list":["post-94","product","type-product","status-publish","has-post-thumbnail","hentry","product_cat-babyono","product_cat-zabawki-do-wozka-lozeczka-i-fotelika","product_tag-alan-znaczenie-imienia","product_tag-zabawki-na-roczek-dla-chlopca","product_tag-zagadki-matematyczne-dla-dzieci","product_tag-znaki-drogowe-test"],"_links":{"self":[{"href":"http:\/\/klubmamgdynia.pl\/index.php\/wp-json\/wp\/v2\/product\/94","targetHints":{"allow":["GET"]}}],"collection":[{"href":"http:\/\/klubmamgdynia.pl\/index.php\/wp-json\/wp\/v2\/product"}],"about":[{"href":"http:\/\/klubmamgdynia.pl\/index.php\/wp-json\/wp\/v2\/types\/product"}],"replies":[{"embeddable":true,"href":"http:\/\/klubmamgdynia.pl\/index.php\/wp-json\/wp\/v2\/comments?post=94"}],"wp:featuredmedia":[{"embeddable":true,"href":"http:\/\/klubmamgdynia.pl\/index.php\/wp-json\/wp\/v2\/media\/95"}],"wp:attachment":[{"href":"http:\/\/klubmamgdynia.pl\/index.php\/wp-json\/wp\/v2\/media?parent=94"}],"wp:term":[{"taxonomy":"product_cat","embeddable":true,"href":"http:\/\/klubmamgdynia.pl\/index.php\/wp-json\/wp\/v2\/product_cat?post=94"},{"taxonomy":"product_tag","embeddable":true,"href":"http:\/\/klubmamgdynia.pl\/index.php\/wp-json\/wp\/v2\/product_tag?post=94"}],"curies":[{"name":"wp","href":"https:\/\/api.w.org\/{rel}","templated":true}]}}