{"id":9401,"date":"2019-11-13T13:05:41","date_gmt":"2019-11-13T12:05:41","guid":{"rendered":"http:\/\/klubmamgdynia.pl\/index.php\/produkt\/mattel-disney-pixar-auta-mikroauto-jackson-storm-gkf65-gkf70\/"},"modified":"2026-04-06T00:14:26","modified_gmt":"2026-04-05T22:14:26","slug":"mattel-disney-pixar-auta-mikroauto-jackson-storm-gkf65-gkf70","status":"publish","type":"product","link":"http:\/\/klubmamgdynia.pl\/index.php\/produkt\/mattel-disney-pixar-auta-mikroauto-jackson-storm-gkf65-gkf70\/","title":{"rendered":"Mattel Disney Pixar Auta Mikroauto &#8211; Jackson Storm (GKF65 GKF70)"},"content":{"rendered":"<p>MATTEL DISNEY PIXAR CARS MIKROAUTO JACKSON STORM (GKF65 GKF70)                            <\/p>\n<p>MATTEL CARS MIKROAUTO GKF65Do akcji wje\u017cd\u017ca mn\u00f3stwo r\u00f3\u017cnych miniaturowych pojazd\u00f3w z film\u00f3w Disney Pixar \u201eAuta\u201d!\u00a0 Mo\u017cesz stan\u0105\u0107 do wy\u015bcig\u00f3w i odgrywa\u0107 filmowe scenki w domu lub w podr\u00f3\u017cy.\u00a0Wszystkie pojazdy maj\u0105 metalow\u0105 karoseri\u0119, obracaj\u0105ce si\u0119 k\u00f3\u0142ka i r\u00f3\u017cne cechy charakterystyczne, a ich niewielkie rozmiary sprawiaj\u0105, \u017ce doskonale nadaj\u0105 si\u0119 do zabawy w domu i poza nim \u2013 \u0142atwo zabra\u0107 je ze sob\u0105!\u00a0Wybieraj spo\u015br\u00f3d kultowych bohater\u00f3w, takich jak Zygzak McQueen, Z\u0142omek, Kamasz, Cruz Ramirez czy Jackson Sztorm. Dost\u0119pnych jest jeszcze wiele innych znanych postaci w mikrorozmiarze, wszystkie wykonane z metalu.\u00a0Miniaturowe auta s\u0105 sprzedawane oddzielnie, w zale\u017cno\u015bci od dost\u0119pno\u015bci. Opakowanie zawiera 1 mikroauto Jackson Storm (GKF65\/GKF70)<\/p>\n<h2>Mattel Disney Pixar Auta Mikroauto &#8211; Jackson Storm (GKF65 GKF70) Mattel<\/h2>\n<p>dzie\u0144 \u015bw patryka symbole do druku, niech \u017cyj\u0105 wakacje, wilga, halloween dla dzieci 2021, maska psi patrol do druku, prezenty roczek, prezenty urodzinowe dla nastolatk\u00f3w, ja\u015bmina, proste szczere \u017cyczenia bo\u017conarodzeniowe, leon imi\u0119, zagadka matematyczna dla dzieci, misie z film\u00f3w animowanych, zabawy dla 7 latki, quiz o ro\u015blinach, julian znaczenie<\/p>\n<p>yyyyy<\/p>\n<p>&nbsp;<\/p>\n","protected":false},"excerpt":{"rendered":"<p>MATTEL DISNEY PIXAR CARS MIKROAUTO JACKSON STORM (GKF65 GKF70) MATTEL CARS MIKROAUTO GKF65Do akcji wje\u017cd\u017ca mn\u00f3stwo r\u00f3\u017cnych miniaturowych pojazd\u00f3w z film\u00f3w Disney Pixar \u201eAuta\u201d!\u00a0 Mo\u017cesz stan\u0105\u0107 do wy\u015bcig\u00f3w i odgrywa\u0107 filmowe scenki w domu lub w podr\u00f3\u017cy.\u00a0Wszystkie pojazdy maj\u0105 metalow\u0105 karoseri\u0119, obracaj\u0105ce si\u0119 k\u00f3\u0142ka i r\u00f3\u017cne cechy charakterystyczne, a ich niewielkie rozmiary sprawiaj\u0105, \u017ce doskonale [&hellip;]<\/p>\n","protected":false},"featured_media":9402,"comment_status":"closed","ping_status":"open","template":"","meta":[],"product_cat":[83,289],"product_tag":[833,718,735],"class_list":["post-9401","product","type-product","status-publish","has-post-thumbnail","hentry","product_cat-auta-i-inne-pojazdy-do-zabawy","product_cat-mattel","product_tag-bajki-dla-dzieci-do-czytania","product_tag-prezent-na-roczek-dla-chrzesniaka","product_tag-prezent-na-roczek-dziewczynka"],"_links":{"self":[{"href":"http:\/\/klubmamgdynia.pl\/index.php\/wp-json\/wp\/v2\/product\/9401","targetHints":{"allow":["GET"]}}],"collection":[{"href":"http:\/\/klubmamgdynia.pl\/index.php\/wp-json\/wp\/v2\/product"}],"about":[{"href":"http:\/\/klubmamgdynia.pl\/index.php\/wp-json\/wp\/v2\/types\/product"}],"replies":[{"embeddable":true,"href":"http:\/\/klubmamgdynia.pl\/index.php\/wp-json\/wp\/v2\/comments?post=9401"}],"wp:featuredmedia":[{"embeddable":true,"href":"http:\/\/klubmamgdynia.pl\/index.php\/wp-json\/wp\/v2\/media\/9402"}],"wp:attachment":[{"href":"http:\/\/klubmamgdynia.pl\/index.php\/wp-json\/wp\/v2\/media?parent=9401"}],"wp:term":[{"taxonomy":"product_cat","embeddable":true,"href":"http:\/\/klubmamgdynia.pl\/index.php\/wp-json\/wp\/v2\/product_cat?post=9401"},{"taxonomy":"product_tag","embeddable":true,"href":"http:\/\/klubmamgdynia.pl\/index.php\/wp-json\/wp\/v2\/product_tag?post=9401"}],"curies":[{"name":"wp","href":"https:\/\/api.w.org\/{rel}","templated":true}]}}