{"id":9405,"date":"2019-07-25T01:52:19","date_gmt":"2019-07-24T23:52:19","guid":{"rendered":"http:\/\/klubmamgdynia.pl\/index.php\/produkt\/maileg-mama-myszka-mum-mouse\/"},"modified":"2026-05-02T11:50:40","modified_gmt":"2026-05-02T09:50:40","slug":"maileg-mama-myszka-mum-mouse","status":"publish","type":"product","link":"http:\/\/klubmamgdynia.pl\/index.php\/produkt\/maileg-mama-myszka-mum-mouse\/","title":{"rendered":"Maileg Mama Myszka &#8211; Mum Mouse"},"content":{"rendered":"<p>Nowo\u015b\u0107 marki MailegMyszka ma na sobie czerwon\u0105 koszul\u0119, niebiesk\u0105 sp\u00f3dniczk\u0119 i zabawn\u0105 torebk\u0119 w dziury jak w serze.Wysoko\u015b\u0107: 15 cm<\/p>\n<h2>Maileg Mama Myszka &#8211; Mum Mouse Maileg<\/h2>\n<p>maska psi patrol do druku, zagadki o lesie, gry planszowe dla nastolatk\u00f3w, ninjago kolorowanka, papugi do druku, kolorowanki do pobrania, prezent dla nastolatk\u00f3w na \u015bwi\u0119ta, rysunki dla pocz\u0105tkuj\u0105cych, szablony zimowe do wydruku, malowanie kamieni, prezent dla nastolatk\u00f3w, cytat rodzina, rozalia imie, kolorowanki dla dziewczyn, j\u0119zyk polski dla dzieci z ukrainy, lol surprise kolorowanka, quizy dla dzieci<\/p>\n<p>yyyyy<\/p>\n<p>&nbsp;<\/p>\n","protected":false},"excerpt":{"rendered":"<p>Nowo\u015b\u0107 marki MailegMyszka ma na sobie czerwon\u0105 koszul\u0119, niebiesk\u0105 sp\u00f3dniczk\u0119 i zabawn\u0105 torebk\u0119 w dziury jak w serze.Wysoko\u015b\u0107: 15 cm Maileg Mama Myszka &#8211; Mum Mouse Maileg maska psi patrol do druku, zagadki o lesie, gry planszowe dla nastolatk\u00f3w, ninjago kolorowanka, papugi do druku, kolorowanki do pobrania, prezent dla nastolatk\u00f3w na \u015bwi\u0119ta, rysunki dla pocz\u0105tkuj\u0105cych, [&hellip;]<\/p>\n","protected":false},"featured_media":9406,"comment_status":"closed","ping_status":"open","template":"","meta":[],"product_cat":[947,42],"product_tag":[797,748,678,771],"class_list":["post-9405","product","type-product","status-publish","has-post-thumbnail","hentry","product_cat-maileg","product_cat-maskotki","product_tag-kiekrz","product_tag-okolice-wroclawia-atrakcje","product_tag-prezent-na-roczek-dla-dziewczynki","product_tag-stolice-europy-quiz"],"_links":{"self":[{"href":"http:\/\/klubmamgdynia.pl\/index.php\/wp-json\/wp\/v2\/product\/9405","targetHints":{"allow":["GET"]}}],"collection":[{"href":"http:\/\/klubmamgdynia.pl\/index.php\/wp-json\/wp\/v2\/product"}],"about":[{"href":"http:\/\/klubmamgdynia.pl\/index.php\/wp-json\/wp\/v2\/types\/product"}],"replies":[{"embeddable":true,"href":"http:\/\/klubmamgdynia.pl\/index.php\/wp-json\/wp\/v2\/comments?post=9405"}],"wp:featuredmedia":[{"embeddable":true,"href":"http:\/\/klubmamgdynia.pl\/index.php\/wp-json\/wp\/v2\/media\/9406"}],"wp:attachment":[{"href":"http:\/\/klubmamgdynia.pl\/index.php\/wp-json\/wp\/v2\/media?parent=9405"}],"wp:term":[{"taxonomy":"product_cat","embeddable":true,"href":"http:\/\/klubmamgdynia.pl\/index.php\/wp-json\/wp\/v2\/product_cat?post=9405"},{"taxonomy":"product_tag","embeddable":true,"href":"http:\/\/klubmamgdynia.pl\/index.php\/wp-json\/wp\/v2\/product_tag?post=9405"}],"curies":[{"name":"wp","href":"https:\/\/api.w.org\/{rel}","templated":true}]}}