{"id":9407,"date":"2022-09-13T17:09:43","date_gmt":"2022-09-13T15:09:43","guid":{"rendered":"http:\/\/klubmamgdynia.pl\/index.php\/produkt\/maileg-pizama-mlodszy-brat-pyjamas-for-little-brother-mouse\/"},"modified":"2026-04-12T18:23:12","modified_gmt":"2026-04-12T16:23:12","slug":"maileg-pizama-mlodszy-brat-pyjamas-for-little-brother-mouse","status":"publish","type":"product","link":"http:\/\/klubmamgdynia.pl\/index.php\/produkt\/maileg-pizama-mlodszy-brat-pyjamas-for-little-brother-mouse\/","title":{"rendered":"Maileg Pi\u017cama M\u0142odszy Brat. Pyjamas For Little Brother Mouse"},"content":{"rendered":"<p>Pi\u017cama m\u0142odszy brat. Pyjamas for little brother mouseWysoko\u015b\u0107 w cm: 8,5<\/p>\n<h2>Maileg Pi\u017cama M\u0142odszy Brat. Pyjamas For Little Brother Mouse Maileg<\/h2>\n<p>znaczenie imienia milan, kaczuszka, p\u0142atki \u015bniegu szablon, quiz dla dzieci, gdzie na ferie zimowe 2022, \u015bmieszne \u0142ama\u0144ce j\u0119zykowe, super zings do druku, swinka peppa obrazek, imi\u0119 iwo, co na prezent dla 7 latki<\/p>\n<p>yyyyy<\/p>\n<p>&nbsp;<\/p>\n","protected":false},"excerpt":{"rendered":"<p>Pi\u017cama m\u0142odszy brat. Pyjamas for little brother mouseWysoko\u015b\u0107 w cm: 8,5 Maileg Pi\u017cama M\u0142odszy Brat. Pyjamas For Little Brother Mouse Maileg znaczenie imienia milan, kaczuszka, p\u0142atki \u015bniegu szablon, quiz dla dzieci, gdzie na ferie zimowe 2022, \u015bmieszne \u0142ama\u0144ce j\u0119zykowe, super zings do druku, swinka peppa obrazek, imi\u0119 iwo, co na prezent dla 7 latki yyyyy [&hellip;]<\/p>\n","protected":false},"featured_media":9408,"comment_status":"closed","ping_status":"open","template":"","meta":[],"product_cat":[947,42],"product_tag":[813,623,701],"class_list":["post-9407","product","type-product","status-publish","has-post-thumbnail","hentry","product_cat-maileg","product_cat-maskotki","product_tag-krotkie-zagadki-matematyczne-z-odpowiedziami","product_tag-zagadki-logiczne-smieszne","product_tag-zgadywanki-dla-dzieci"],"_links":{"self":[{"href":"http:\/\/klubmamgdynia.pl\/index.php\/wp-json\/wp\/v2\/product\/9407","targetHints":{"allow":["GET"]}}],"collection":[{"href":"http:\/\/klubmamgdynia.pl\/index.php\/wp-json\/wp\/v2\/product"}],"about":[{"href":"http:\/\/klubmamgdynia.pl\/index.php\/wp-json\/wp\/v2\/types\/product"}],"replies":[{"embeddable":true,"href":"http:\/\/klubmamgdynia.pl\/index.php\/wp-json\/wp\/v2\/comments?post=9407"}],"wp:featuredmedia":[{"embeddable":true,"href":"http:\/\/klubmamgdynia.pl\/index.php\/wp-json\/wp\/v2\/media\/9408"}],"wp:attachment":[{"href":"http:\/\/klubmamgdynia.pl\/index.php\/wp-json\/wp\/v2\/media?parent=9407"}],"wp:term":[{"taxonomy":"product_cat","embeddable":true,"href":"http:\/\/klubmamgdynia.pl\/index.php\/wp-json\/wp\/v2\/product_cat?post=9407"},{"taxonomy":"product_tag","embeddable":true,"href":"http:\/\/klubmamgdynia.pl\/index.php\/wp-json\/wp\/v2\/product_tag?post=9407"}],"curies":[{"name":"wp","href":"https:\/\/api.w.org\/{rel}","templated":true}]}}