{"id":9409,"date":"2019-05-30T14:25:04","date_gmt":"2019-05-30T12:25:04","guid":{"rendered":"http:\/\/klubmamgdynia.pl\/index.php\/produkt\/jokomisiada-auto-karetka-ambulans-dzwiek-swiatlo-syrena-za3398\/"},"modified":"2026-04-06T12:45:52","modified_gmt":"2026-04-06T10:45:52","slug":"jokomisiada-auto-karetka-ambulans-dzwiek-swiatlo-syrena-za3398","status":"publish","type":"product","link":"http:\/\/klubmamgdynia.pl\/index.php\/produkt\/jokomisiada-auto-karetka-ambulans-dzwiek-swiatlo-syrena-za3398\/","title":{"rendered":"Jokomisiada Auto Karetka Ambulans D\u017awi\u0119k \u015awiat\u0142o Syrena ZA3398"},"content":{"rendered":"<p>Takiej zabawki nie mo\u017ce zabrakn\u0105\u0107 w \u017cadnej ekipie specjalnej, ruszaj\u0105cej na ratunek. Dzi\u0119ki niej ka\u017cdy ma\u0142y ratownik b\u0119dzie si\u0119 czu\u0142 jak profesjonalista.Zalety samochodziku:Autko posiada 4 przyciski kt\u00f3re wydaj\u0105 d\u017awi\u0119ki i efekty \u015bwietlne.1.przycisk-odpalenie silnika+mrugaj\u0105ce \u015bwiat\u0142a2.przycisk-klakson i migaj\u0105ce \u015bwiat\u0142a3.przycisk-d\u017awi\u0119k cofania,4.przycisk-odg\u0142os syreny+migaj\u0105ce \u015bwiat\u0142aWymiary karetki:d\u0142.21cmwys.11cmszer.9cmSamoch\u00f3d zasilany jest bateriami 3 x AG13 (w zestawie).Samochodzik wykonany bardzo starannie i estetycznie, zapakowany w \u0142adne opakowanie idealnie nadaj\u0105ce si\u0119 na prezent.<\/p>\n<h2>Jokomisiada Auto Karetka Ambulans D\u017awi\u0119k \u015awiat\u0142o Syrena ZA3398 Jokomisiada<\/h2>\n<p>zabawy na bal karnawa\u0142owy w przedszkolu, bajki do czytania dla ch\u0142opc\u00f3w, lol surprise kolorowanka, wiersz na wielkanocnym stole, u\u015bmiech dziecka wiersz, mi\u0142osz imi\u0119<\/p>\n<p>yyyyy<\/p>\n<p>&nbsp;<\/p>\n","protected":false},"excerpt":{"rendered":"<p>Takiej zabawki nie mo\u017ce zabrakn\u0105\u0107 w \u017cadnej ekipie specjalnej, ruszaj\u0105cej na ratunek. Dzi\u0119ki niej ka\u017cdy ma\u0142y ratownik b\u0119dzie si\u0119 czu\u0142 jak profesjonalista.Zalety samochodziku:Autko posiada 4 przyciski kt\u00f3re wydaj\u0105 d\u017awi\u0119ki i efekty \u015bwietlne.1.przycisk-odpalenie silnika+mrugaj\u0105ce \u015bwiat\u0142a2.przycisk-klakson i migaj\u0105ce \u015bwiat\u0142a3.przycisk-d\u017awi\u0119k cofania,4.przycisk-odg\u0142os syreny+migaj\u0105ce \u015bwiat\u0142aWymiary karetki:d\u0142.21cmwys.11cmszer.9cmSamoch\u00f3d zasilany jest bateriami 3 x AG13 (w zestawie).Samochodzik wykonany bardzo starannie i estetycznie, zapakowany [&hellip;]<\/p>\n","protected":false},"featured_media":9410,"comment_status":"closed","ping_status":"open","template":"","meta":[],"product_cat":[83,131],"product_tag":[802,854,605,748,770,773,812],"class_list":["post-9409","product","type-product","status-publish","has-post-thumbnail","hentry","product_cat-auta-i-inne-pojazdy-do-zabawy","product_cat-jokomisiada","product_tag-co-kupic-dziewczynce-na-roczek","product_tag-cytaty-rodzina","product_tag-milena","product_tag-okolice-wroclawia-atrakcje","product_tag-samolot-z-papieru","product_tag-test-z-lektury-opowiesci-z-narnii-lew-czarownica-i-stara-szafa","product_tag-zagadki-logiczne-na-inteligencje"],"_links":{"self":[{"href":"http:\/\/klubmamgdynia.pl\/index.php\/wp-json\/wp\/v2\/product\/9409","targetHints":{"allow":["GET"]}}],"collection":[{"href":"http:\/\/klubmamgdynia.pl\/index.php\/wp-json\/wp\/v2\/product"}],"about":[{"href":"http:\/\/klubmamgdynia.pl\/index.php\/wp-json\/wp\/v2\/types\/product"}],"replies":[{"embeddable":true,"href":"http:\/\/klubmamgdynia.pl\/index.php\/wp-json\/wp\/v2\/comments?post=9409"}],"wp:featuredmedia":[{"embeddable":true,"href":"http:\/\/klubmamgdynia.pl\/index.php\/wp-json\/wp\/v2\/media\/9410"}],"wp:attachment":[{"href":"http:\/\/klubmamgdynia.pl\/index.php\/wp-json\/wp\/v2\/media?parent=9409"}],"wp:term":[{"taxonomy":"product_cat","embeddable":true,"href":"http:\/\/klubmamgdynia.pl\/index.php\/wp-json\/wp\/v2\/product_cat?post=9409"},{"taxonomy":"product_tag","embeddable":true,"href":"http:\/\/klubmamgdynia.pl\/index.php\/wp-json\/wp\/v2\/product_tag?post=9409"}],"curies":[{"name":"wp","href":"https:\/\/api.w.org\/{rel}","templated":true}]}}