{"id":9411,"date":"2011-03-31T02:04:51","date_gmt":"2011-03-31T00:04:51","guid":{"rendered":"http:\/\/klubmamgdynia.pl\/index.php\/produkt\/collecta-zwierzeta-domowe-kot-syjamski-przeciagajcy-sie-88332\/"},"modified":"2026-04-06T18:02:01","modified_gmt":"2026-04-06T16:02:01","slug":"collecta-zwierzeta-domowe-kot-syjamski-przeciagajcy-sie-88332","status":"publish","type":"product","link":"http:\/\/klubmamgdynia.pl\/index.php\/produkt\/collecta-zwierzeta-domowe-kot-syjamski-przeciagajcy-sie-88332\/","title":{"rendered":"Collecta Zwierz\u0119ta domowe Kot Syjamski Przeci\u0105gajcy Si\u0119 (88332)"},"content":{"rendered":"<p>Misj\u0105 firmy Collecta jest budowanie \u015bwiata przyrody w miniaturze dla kolekcjoner\u00f3w. Figurki Collecta: wykonane z najwy\u017csz\u0105 dba\u0142o\u015bci\u0105 o szczeg\u00f3\u0142y, wiernie oddaj\u0105 wygl\u0105d rzeczywisty zwierz\u0119cia czy postaci, spe\u0142niaj\u0105 najwy\u017csze standardy bezpiecze\u0144stwa i jako\u015bci. Kolekcja figurek obejmuje:  figurki dzikich zwierz\u0105t, koni rasowych, zwierz\u0105t  gospodarskich, kot\u00f3w i ps\u00f3w  rasowych, zwierz\u0105t prehistorycznych, zwierz\u0105t egzotycznych, owad\u00f3w, zwierz\u0105t morskich i postaci mitycznych. Collecta to jeden z najwi\u0119kszych na \u015bwiecie producent\u00f3w zabawkowych replik zwierz\u0105t oraz postaci mitologicznych. Figurki mog\u0105 by\u0107 wykorzystywane w odgrywaniu r\u00f3l w celach edukacyjnych, ale tak\u017ce przypominaj\u0105 o zagro\u017conych gatunkach, rozwijaj\u0105c potrzeb\u0119 ochrony \u015brodowiska z korzy\u015bci\u0105 dla zwierz\u0105t, kt\u00f3re reprezentuj\u0105. Firma Collecta z pomoc\u0105 paleontolog\u00f3w z Wielkiej Brytanii stworzy\u0142a jedn\u0105 z najwi\u0119kszych kolekcji dinozaur\u00f3w na \u015bwiecie, natomia<\/p>\n<h2>Collecta Zwierz\u0119ta domowe Kot Syjamski Przeci\u0105gajcy Si\u0119 (88332) Collecta<\/h2>\n<p>prezent dla nastolatk\u00f3w, nasza zima z\u0142a tekst, pierniki na bo\u017ce narodzenie, pierwsze urodziny prezent na roczek dla ch\u0142opca, kolorowanka do wydruku, proste zagadki logiczne, prezent na roczek dziewczynka, kolorowanki do druku super zings, milan imie, szablon choinki do wydruku, zaproszenia na urodziny do wydruku czarno bia\u0142e, nela w krainie wombat\u00f3w, psikusy na prima aprilis, kamila, pieski, pokemon kolorowanki, kontynenty dla dzieci do druku, mini kanapki dla dzieci, minecraft quiz, co kupi\u0107 dziecku na roczek<\/p>\n<p>yyyyy<\/p>\n<p>&nbsp;<\/p>\n","protected":false},"excerpt":{"rendered":"<p>Misj\u0105 firmy Collecta jest budowanie \u015bwiata przyrody w miniaturze dla kolekcjoner\u00f3w. Figurki Collecta: wykonane z najwy\u017csz\u0105 dba\u0142o\u015bci\u0105 o szczeg\u00f3\u0142y, wiernie oddaj\u0105 wygl\u0105d rzeczywisty zwierz\u0119cia czy postaci, spe\u0142niaj\u0105 najwy\u017csze standardy bezpiecze\u0144stwa i jako\u015bci. Kolekcja figurek obejmuje: figurki dzikich zwierz\u0105t, koni rasowych, zwierz\u0105t gospodarskich, kot\u00f3w i ps\u00f3w rasowych, zwierz\u0105t prehistorycznych, zwierz\u0105t egzotycznych, owad\u00f3w, zwierz\u0105t morskich i postaci [&hellip;]<\/p>\n","protected":false},"featured_media":9412,"comment_status":"closed","ping_status":"open","template":"","meta":[],"product_cat":[490,95],"product_tag":[807,704,705,764],"class_list":["post-9411","product","type-product","status-publish","has-post-thumbnail","hentry","product_cat-collecta","product_cat-figurki-makiety-i-zestawy","product_tag-logiczne-zagadki","product_tag-prezent-dla-nastolatka","product_tag-prezent-na-roczek-dla-chlopca","product_tag-prezenty-na-roczek-dla-dziewczynki"],"_links":{"self":[{"href":"http:\/\/klubmamgdynia.pl\/index.php\/wp-json\/wp\/v2\/product\/9411","targetHints":{"allow":["GET"]}}],"collection":[{"href":"http:\/\/klubmamgdynia.pl\/index.php\/wp-json\/wp\/v2\/product"}],"about":[{"href":"http:\/\/klubmamgdynia.pl\/index.php\/wp-json\/wp\/v2\/types\/product"}],"replies":[{"embeddable":true,"href":"http:\/\/klubmamgdynia.pl\/index.php\/wp-json\/wp\/v2\/comments?post=9411"}],"wp:featuredmedia":[{"embeddable":true,"href":"http:\/\/klubmamgdynia.pl\/index.php\/wp-json\/wp\/v2\/media\/9412"}],"wp:attachment":[{"href":"http:\/\/klubmamgdynia.pl\/index.php\/wp-json\/wp\/v2\/media?parent=9411"}],"wp:term":[{"taxonomy":"product_cat","embeddable":true,"href":"http:\/\/klubmamgdynia.pl\/index.php\/wp-json\/wp\/v2\/product_cat?post=9411"},{"taxonomy":"product_tag","embeddable":true,"href":"http:\/\/klubmamgdynia.pl\/index.php\/wp-json\/wp\/v2\/product_tag?post=9411"}],"curies":[{"name":"wp","href":"https:\/\/api.w.org\/{rel}","templated":true}]}}