{"id":9413,"date":"2024-07-24T06:58:12","date_gmt":"2024-07-24T04:58:12","guid":{"rendered":"http:\/\/klubmamgdynia.pl\/?post_type=product&#038;p=9413"},"modified":"2026-04-05T22:12:52","modified_gmt":"2026-04-05T20:12:52","slug":"naklejki-a0-poziom-zloty-samochod-bmw-auto","status":"publish","type":"product","link":"http:\/\/klubmamgdynia.pl\/index.php\/produkt\/naklejki-a0-poziom-zloty-samochod-bmw-auto\/","title":{"rendered":"Naklejki A0 Poziom Z\u0142oty Samoch\u00f3d Bmw Auto"},"content":{"rendered":"<p>Naklejka na wymiarRozmiar (szeroko\u015b\u0107 x wysoko\u015b\u0107): A0 &#8211; 118,90 x 84,10 cmNumer wzoru: H8698M_NS1A0_POZIOMNaklejka satynowaNaklejka drukowana na wymiar na folii samoprzylepnejPowierzchnia satynowaIdealna dekoracjaSuper pomys\u0142 na prezentStan: Nowy produktNaklejka satynowa idealnie nadaje si\u0119 na prezent dla ukochanej osoby, dla kobiety, dla faceta. Mo\u017ce by\u0107 u\u017cyty jako:prezent dla mamyprezent dla te\u015bciowejprezent dla \u017conyprezent dla dziewczynyprezent dla narzeczonejprezent dla tatyprezent dla te\u015bciaprezent dla ch\u0142opakaprezent dla nauczycielaNaklejki drukowane na dowolny wymiar doskonale nadaj\u0105 si\u0119 na prezent na r\u00f3\u017cne okazje. Mog\u0105 znale\u017a\u0107 zastosowanie jako:prezent na \u015blub (naklejki na prezenty \u015blubne to doskona\u0142y pomys\u0142 na podarunek \u015blubny)prezent na chrzcinyprezent na komuni\u0119prezent\/gad\u017cet na osiemnastk\u0119 (naklejki na prezenty na 18 to wspania\u0142e rozwi\u0105zanie)prezent na imieninyprezent na urodziny (nie wiesz jaki wybra\u0107 prezent dla 3 latki, dla 9 latki dla 18 latki, 50 latki?)prezent na jubileuszS\u0142owem prezent perfekt.Naklejk\u0119 mo\u017cna naklei\u0107 w ka\u017cdym pomieszczeniu. Pasuje do biura. Naklejka do salonu to doskona\u0142a dekoracja. Naklejki jako dekoracje do kuchni pasuj\u0105 do ka\u017cdego domu. Naklejka do gabinetu lekarskiego? Czemu nie. Naklejki jako dekoracje \u015bcienne do kuchni, \u0142azienki, hallu, jadalni? Dobrze szukasz. Naklejki to nowoczesne i pi\u0119kne ozdoby &#8211; nie jest to wprost do opisania. Nowoczesna naklejka do g\u00f3ry nogami postawi Twoj\u0105 wizj\u0119 dekoracji wn\u0119trz.<\/p>\n<h2>Naklejki A0 Poziom Z\u0142oty Samoch\u00f3d Bmw Auto <\/h2>\n<p>maska kota do druku, \u0142atwe laurki, cytaty o macierzy\u0144stwie, pomys\u0142 na prima aprilis, zagadki dla dzieci 10 lat, prezenty dla rocznego dziecka<\/p>\n<p>yyyyy<\/p>\n<p>&nbsp;<\/p>\n","protected":false},"excerpt":{"rendered":"<p>Naklejka na wymiarRozmiar (szeroko\u015b\u0107 x wysoko\u015b\u0107): A0 &#8211; 118,90 x 84,10 cmNumer wzoru: H8698M_NS1A0_POZIOMNaklejka satynowaNaklejka drukowana na wymiar na folii samoprzylepnejPowierzchnia satynowaIdealna dekoracjaSuper pomys\u0142 na prezentStan: Nowy produktNaklejka satynowa idealnie nadaje si\u0119 na prezent dla ukochanej osoby, dla kobiety, dla faceta. Mo\u017ce by\u0107 u\u017cyty jako:prezent dla mamyprezent dla te\u015bciowejprezent dla \u017conyprezent dla dziewczynyprezent dla narzeczonejprezent [&hellip;]<\/p>\n","protected":false},"featured_media":9414,"comment_status":"closed","ping_status":"open","template":"","meta":[],"product_cat":[555],"product_tag":[781,854,853,590],"class_list":["post-9413","product","type-product","status-publish","has-post-thumbnail","hentry","product_cat-dzieciece-akcesoria-dekoracyjne","product_tag-cytaty-o-wychowaniu-dzieci","product_tag-cytaty-rodzina","product_tag-kolorowanki-do-druku-dla-doroslych","product_tag-plac-zabaw-warszawa"],"_links":{"self":[{"href":"http:\/\/klubmamgdynia.pl\/index.php\/wp-json\/wp\/v2\/product\/9413","targetHints":{"allow":["GET"]}}],"collection":[{"href":"http:\/\/klubmamgdynia.pl\/index.php\/wp-json\/wp\/v2\/product"}],"about":[{"href":"http:\/\/klubmamgdynia.pl\/index.php\/wp-json\/wp\/v2\/types\/product"}],"replies":[{"embeddable":true,"href":"http:\/\/klubmamgdynia.pl\/index.php\/wp-json\/wp\/v2\/comments?post=9413"}],"wp:featuredmedia":[{"embeddable":true,"href":"http:\/\/klubmamgdynia.pl\/index.php\/wp-json\/wp\/v2\/media\/9414"}],"wp:attachment":[{"href":"http:\/\/klubmamgdynia.pl\/index.php\/wp-json\/wp\/v2\/media?parent=9413"}],"wp:term":[{"taxonomy":"product_cat","embeddable":true,"href":"http:\/\/klubmamgdynia.pl\/index.php\/wp-json\/wp\/v2\/product_cat?post=9413"},{"taxonomy":"product_tag","embeddable":true,"href":"http:\/\/klubmamgdynia.pl\/index.php\/wp-json\/wp\/v2\/product_tag?post=9413"}],"curies":[{"name":"wp","href":"https:\/\/api.w.org\/{rel}","templated":true}]}}