{"id":9415,"date":"2018-03-31T12:58:22","date_gmt":"2018-03-31T10:58:22","guid":{"rendered":"http:\/\/klubmamgdynia.pl\/index.php\/produkt\/naklejki-plakaty-a1-poziom-motocykl-motor-ducati\/"},"modified":"2026-04-26T16:31:05","modified_gmt":"2026-04-26T14:31:05","slug":"naklejki-plakaty-a1-poziom-motocykl-motor-ducati","status":"publish","type":"product","link":"http:\/\/klubmamgdynia.pl\/index.php\/produkt\/naklejki-plakaty-a1-poziom-motocykl-motor-ducati\/","title":{"rendered":"Naklejki Plakaty A1 Poziom Motocykl Motor Ducati"},"content":{"rendered":"<p>Naklejka na wymiarRozmiar (szeroko\u015b\u0107 x wysoko\u015b\u0107): A1 &#8211; 84,10 x 59,40 cmNumer wzoru: H7950M_NS1A1_POZIOMNaklejka satynowaNaklejka drukowana na wymiar na folii samoprzylepnejPowierzchnia satynowaIdealna dekoracjaSuper pomys\u0142 na prezentStan: Nowy produktNaklejka satynowa idealnie nadaje si\u0119 na prezent dla ukochanej osoby, dla kobiety, dla faceta. Mo\u017ce by\u0107 u\u017cyty jako:prezent dla mamyprezent dla te\u015bciowejprezent dla \u017conyprezent dla dziewczynyprezent dla narzeczonejprezent dla tatyprezent dla te\u015bciaprezent dla ch\u0142opakaprezent dla nauczycielaNaklejki drukowane na dowolny wymiar doskonale nadaj\u0105 si\u0119 na prezent na r\u00f3\u017cne okazje. Mog\u0105 znale\u017a\u0107 zastosowanie jako:prezent na \u015blub (naklejki na prezenty \u015blubne to doskona\u0142y pomys\u0142 na podarunek \u015blubny)prezent na chrzcinyprezent na komuni\u0119prezent\/gad\u017cet na osiemnastk\u0119 (naklejki na prezenty na 18 to wspania\u0142e rozwi\u0105zanie)prezent na imieninyprezent na urodziny (nie wiesz jaki wybra\u0107 prezent dla 3 latki, dla 9 latki dla 18 latki, 50 latki?)prezent na jubileuszS\u0142owem prezent perfekt.Naklejk\u0119 mo\u017cna naklei\u0107 w ka\u017cdym pomieszczeniu. Pasuje do biura. Naklejka do salonu to doskona\u0142a dekoracja. Naklejki jako dekoracje do kuchni pasuj\u0105 do ka\u017cdego domu. Naklejka do gabinetu lekarskiego? Czemu nie. Naklejki jako dekoracje \u015bcienne do kuchni, \u0142azienki, hallu, jadalni? Dobrze szukasz. Naklejki to nowoczesne i pi\u0119kne ozdoby &#8211; nie jest to wprost do opisania. Nowoczesna naklejka do g\u00f3ry nogami postawi Twoj\u0105 wizj\u0119 dekoracji wn\u0119trz.<\/p>\n<h2>Naklejki Plakaty A1 Poziom Motocykl Motor Ducati <\/h2>\n<p>co kupic dziewczynce na roczek, prezent dla dziewczynki 7 lat, kolorowanki kotki, test z lektury opowie\u015bci z narnii lew czarownica i stara szafa z odpowiedziami<\/p>\n<p>yyyyy<\/p>\n<p>&nbsp;<\/p>\n","protected":false},"excerpt":{"rendered":"<p>Naklejka na wymiarRozmiar (szeroko\u015b\u0107 x wysoko\u015b\u0107): A1 &#8211; 84,10 x 59,40 cmNumer wzoru: H7950M_NS1A1_POZIOMNaklejka satynowaNaklejka drukowana na wymiar na folii samoprzylepnejPowierzchnia satynowaIdealna dekoracjaSuper pomys\u0142 na prezentStan: Nowy produktNaklejka satynowa idealnie nadaje si\u0119 na prezent dla ukochanej osoby, dla kobiety, dla faceta. Mo\u017ce by\u0107 u\u017cyty jako:prezent dla mamyprezent dla te\u015bciowejprezent dla \u017conyprezent dla dziewczynyprezent dla narzeczonejprezent [&hellip;]<\/p>\n","protected":false},"featured_media":9416,"comment_status":"closed","ping_status":"open","template":"","meta":[],"product_cat":[555],"product_tag":[700,826,756],"class_list":["post-9415","product","type-product","status-publish","has-post-thumbnail","hentry","product_cat-dzieciece-akcesoria-dekoracyjne","product_tag-bajki-do-czytania-dla-dzieci","product_tag-prezent-dla-15-latka","product_tag-zaproszenie-na-urodziny-do-druku"],"_links":{"self":[{"href":"http:\/\/klubmamgdynia.pl\/index.php\/wp-json\/wp\/v2\/product\/9415","targetHints":{"allow":["GET"]}}],"collection":[{"href":"http:\/\/klubmamgdynia.pl\/index.php\/wp-json\/wp\/v2\/product"}],"about":[{"href":"http:\/\/klubmamgdynia.pl\/index.php\/wp-json\/wp\/v2\/types\/product"}],"replies":[{"embeddable":true,"href":"http:\/\/klubmamgdynia.pl\/index.php\/wp-json\/wp\/v2\/comments?post=9415"}],"wp:featuredmedia":[{"embeddable":true,"href":"http:\/\/klubmamgdynia.pl\/index.php\/wp-json\/wp\/v2\/media\/9416"}],"wp:attachment":[{"href":"http:\/\/klubmamgdynia.pl\/index.php\/wp-json\/wp\/v2\/media?parent=9415"}],"wp:term":[{"taxonomy":"product_cat","embeddable":true,"href":"http:\/\/klubmamgdynia.pl\/index.php\/wp-json\/wp\/v2\/product_cat?post=9415"},{"taxonomy":"product_tag","embeddable":true,"href":"http:\/\/klubmamgdynia.pl\/index.php\/wp-json\/wp\/v2\/product_tag?post=9415"}],"curies":[{"name":"wp","href":"https:\/\/api.w.org\/{rel}","templated":true}]}}