{"id":9419,"date":"2023-01-17T10:33:41","date_gmt":"2023-01-17T09:33:41","guid":{"rendered":"http:\/\/klubmamgdynia.pl\/?post_type=product&#038;p=9419"},"modified":"2026-04-08T22:09:20","modified_gmt":"2026-04-08T20:09:20","slug":"lustro-w-rattanowej-ramie-z-pomponami-marone","status":"publish","type":"product","link":"http:\/\/klubmamgdynia.pl\/index.php\/produkt\/lustro-w-rattanowej-ramie-z-pomponami-marone\/","title":{"rendered":"Lustro W Rattanowej Ramie Z Pomponami Marone"},"content":{"rendered":"<p>Okr\u0105g\u0142e lustro w wiklinowej ramie jest pi\u0119knym i funkcjonalnym elementem wyposa\u017cenia wn\u0119trza. Obramowanie koloru naturalnego jest wykonane ze splotu wiklinowych ga\u0142\u0105zek uk\u0142adaj\u0105cych si\u0119 w kszta\u0142t kwiatu, ozdobionego pomponikami. Idealne jako lustro do pokoju dzieci\u0119cego.Wymiary: \u015brednica lustra 22 cm<\/p>\n<h2>Lustro W Rattanowej Ramie Z Pomponami Marone <\/h2>\n<p>laurka dla babci, kiekrz, imie paula, chase kolorowanka, konie quiz, kolorowanka robot, zagadki o wielkanocy, basen warszawa, znaczenie imienia julian, pomys\u0142 na prezent dla nastolatka, zabawka dla rocznej dziewczynki<\/p>\n<p>yyyyy<\/p>\n<p>&nbsp;<\/p>\n","protected":false},"excerpt":{"rendered":"<p>Okr\u0105g\u0142e lustro w wiklinowej ramie jest pi\u0119knym i funkcjonalnym elementem wyposa\u017cenia wn\u0119trza. Obramowanie koloru naturalnego jest wykonane ze splotu wiklinowych ga\u0142\u0105zek uk\u0142adaj\u0105cych si\u0119 w kszta\u0142t kwiatu, ozdobionego pomponikami. Idealne jako lustro do pokoju dzieci\u0119cego.Wymiary: \u015brednica lustra 22 cm Lustro W Rattanowej Ramie Z Pomponami Marone laurka dla babci, kiekrz, imie paula, chase kolorowanka, konie quiz, [&hellip;]<\/p>\n","protected":false},"featured_media":9420,"comment_status":"closed","ping_status":"open","template":"","meta":[],"product_cat":[555],"product_tag":[801,665,616],"class_list":["post-9419","product","type-product","status-publish","has-post-thumbnail","hentry","product_cat-dzieciece-akcesoria-dekoracyjne","product_tag-bajki-terapeutyczne-o-emocjach","product_tag-proste-zagadki","product_tag-test-mikolajek-25-pytan"],"_links":{"self":[{"href":"http:\/\/klubmamgdynia.pl\/index.php\/wp-json\/wp\/v2\/product\/9419","targetHints":{"allow":["GET"]}}],"collection":[{"href":"http:\/\/klubmamgdynia.pl\/index.php\/wp-json\/wp\/v2\/product"}],"about":[{"href":"http:\/\/klubmamgdynia.pl\/index.php\/wp-json\/wp\/v2\/types\/product"}],"replies":[{"embeddable":true,"href":"http:\/\/klubmamgdynia.pl\/index.php\/wp-json\/wp\/v2\/comments?post=9419"}],"wp:featuredmedia":[{"embeddable":true,"href":"http:\/\/klubmamgdynia.pl\/index.php\/wp-json\/wp\/v2\/media\/9420"}],"wp:attachment":[{"href":"http:\/\/klubmamgdynia.pl\/index.php\/wp-json\/wp\/v2\/media?parent=9419"}],"wp:term":[{"taxonomy":"product_cat","embeddable":true,"href":"http:\/\/klubmamgdynia.pl\/index.php\/wp-json\/wp\/v2\/product_cat?post=9419"},{"taxonomy":"product_tag","embeddable":true,"href":"http:\/\/klubmamgdynia.pl\/index.php\/wp-json\/wp\/v2\/product_tag?post=9419"}],"curies":[{"name":"wp","href":"https:\/\/api.w.org\/{rel}","templated":true}]}}