{"id":942,"date":"2015-05-17T10:15:57","date_gmt":"2015-05-17T08:15:57","guid":{"rendered":"http:\/\/klubmamgdynia.pl\/index.php\/produkt\/simba-traktor-sterowany-kablowo-14-cm-farm-fendt\/"},"modified":"2026-04-29T17:20:55","modified_gmt":"2026-04-29T15:20:55","slug":"simba-traktor-sterowany-kablowo-14-cm-farm-fendt","status":"publish","type":"product","link":"http:\/\/klubmamgdynia.pl\/index.php\/produkt\/simba-traktor-sterowany-kablowo-14-cm-farm-fendt\/","title":{"rendered":"Simba Traktor Sterowany Kablowo 14 Cm Farm Fendt"},"content":{"rendered":"<h2>Simba Traktor Sterowany Kablowo 14 Cm Farm Fendt Simba<\/h2>\n<p>imi\u0119 nadia, zagadki zagadki, literki, zabawy logiczne dla dzieci, zagadki dla dzieci 14 lat, maski superbohater\u00f3w do wydrukowania, prezenty na urodziny dla nastolatk\u00f3w, kolorowanki dla ch\u0142opc\u00f3w, \u015bmieszne zagadki<\/p>\n<p>yyyyy<\/p>\n<p>&nbsp;<\/p>\n","protected":false},"excerpt":{"rendered":"<p>Simba Traktor Sterowany Kablowo 14 Cm Farm Fendt Simba imi\u0119 nadia, zagadki zagadki, literki, zabawy logiczne dla dzieci, zagadki dla dzieci 14 lat, maski superbohater\u00f3w do wydrukowania, prezenty na urodziny dla nastolatk\u00f3w, kolorowanki dla ch\u0142opc\u00f3w, \u015bmieszne zagadki yyyyy &nbsp;<\/p>\n","protected":false},"featured_media":943,"comment_status":"closed","ping_status":"open","template":"","meta":[],"product_cat":[83,279],"product_tag":[790,579,811,796],"class_list":["post-942","product","type-product","status-publish","has-post-thumbnail","hentry","product_cat-auta-i-inne-pojazdy-do-zabawy","product_cat-simba","product_tag-gry-planszowe-dla-nastolatkow","product_tag-quiz-opowiesci-z-narnii-lew-czarownica-i-stara-szafa","product_tag-zagadki-logiczne-dla-dzieci","product_tag-zagatki"],"_links":{"self":[{"href":"http:\/\/klubmamgdynia.pl\/index.php\/wp-json\/wp\/v2\/product\/942","targetHints":{"allow":["GET"]}}],"collection":[{"href":"http:\/\/klubmamgdynia.pl\/index.php\/wp-json\/wp\/v2\/product"}],"about":[{"href":"http:\/\/klubmamgdynia.pl\/index.php\/wp-json\/wp\/v2\/types\/product"}],"replies":[{"embeddable":true,"href":"http:\/\/klubmamgdynia.pl\/index.php\/wp-json\/wp\/v2\/comments?post=942"}],"wp:featuredmedia":[{"embeddable":true,"href":"http:\/\/klubmamgdynia.pl\/index.php\/wp-json\/wp\/v2\/media\/943"}],"wp:attachment":[{"href":"http:\/\/klubmamgdynia.pl\/index.php\/wp-json\/wp\/v2\/media?parent=942"}],"wp:term":[{"taxonomy":"product_cat","embeddable":true,"href":"http:\/\/klubmamgdynia.pl\/index.php\/wp-json\/wp\/v2\/product_cat?post=942"},{"taxonomy":"product_tag","embeddable":true,"href":"http:\/\/klubmamgdynia.pl\/index.php\/wp-json\/wp\/v2\/product_tag?post=942"}],"curies":[{"name":"wp","href":"https:\/\/api.w.org\/{rel}","templated":true}]}}