{"id":9421,"date":"2014-01-17T10:08:54","date_gmt":"2014-01-17T09:08:54","guid":{"rendered":"http:\/\/klubmamgdynia.pl\/index.php\/produkt\/rabbitfriends-lampka-dla-niemowlat-mis-z-glosniczkiem\/"},"modified":"2026-05-17T22:28:46","modified_gmt":"2026-05-17T20:28:46","slug":"rabbitfriends-lampka-dla-niemowlat-mis-z-glosniczkiem","status":"publish","type":"product","link":"http:\/\/klubmamgdynia.pl\/index.php\/produkt\/rabbitfriends-lampka-dla-niemowlat-mis-z-glosniczkiem\/","title":{"rendered":"Rabbit&amp;Friends Lampka dla niemowl\u0105t Mi\u015b z g\u0142o\u015bniczkiem"},"content":{"rendered":"<p>Silikonowa lampka Rabbit&amp;Friends delikatnie rozprasza mrok i u\u0142atwia dzieciom zasypianie. Idealny produkt od pierwszych dni \u017cycia. Lampka jest w kszta\u0142cie misia. U\u0142atwia zasypianie dzieciom, gdy\u017c ich delikatne \u015bwiat\u0142o mo\u017ce im \u015bwieci\u0107 przy \u0142\u00f3\u017ceczku.Mi\u015b mo\u017ce dzia\u0142a\u0107 jako lampka, kt\u00f3ra mo\u017ce by\u0107 sterowana za pomoc\u0105 pilota \u2013 zmiana kolor\u00f3w i intensywno\u015b\u0107.Dzia\u0142a r\u00f3wnie\u017c na poklepywanie. Mi\u015b ma r\u00f3wnie\u017c wbudowany g\u0142o\u015bnik. Przy u\u017cyciu bezprzewodowego urz\u0105dzenia mo\u017cna si\u0119 po\u0142\u0105czy\u0107 za pomoc\u0105 Bluetooth z Misiem. \u0141\u0105czy si\u0119 z urz\u0105dzeniem bezprzewodowym za po\u015brednictwem BluetoothDo lampki do\u0142\u0105czony jest r\u00f3wnie\u017c pilot dzi\u0119ki kt\u00f3remu mo\u017cna zmienia\u0107 kolor \u015bwiat\u0142a lampki i jej intensywno\u015b\u0107.Lampk\u0119 mo\u017cna zawsze zabra\u0107 w podr\u00f3\u017c, aby mog\u0142a roz\u015bwietli\u0107 nowe wn\u0119trze dzieciom szczeg\u00f3lnie w nocy.Bardzo gor\u0105co polecamy! Sami u\u017cywamy!\u0141adowanie na micro USB (do\u0142\u0105czony kabelek). Po na\u0142adowaniu \u015bwieci 12-15 h.Uwagi: lampka nie jest zabawk\u0105. Przed u\u017cyciem zapoznaj si\u0119 z instrukcj\u0105 w opakowaniu.Producent : Rabbit&amp;Friends<\/p>\n<h2>Rabbit&amp;Friends Lampka dla niemowl\u0105t Mi\u015b z g\u0142o\u015bniczkiem Rabbit&amp;Friends<\/h2>\n<p>ciekawostki o je\u017cach, trudne zagadki i odpowiedzi, kr\u00f3tkie \u017cyczenia wielkanocne dla dzieci, kolorowanki ninjago, opowie\u015bci z narni lew czarownica i stara szafa test, zadania logiczne dla dzieci, co kupi\u0107 na roczek dla ch\u0142opca, kolorowanki dla ch\u0142opc\u00f3w, pomys\u0142y na pakowanie prezent\u00f3w, opisy o dziecku, szlaczki dla dzieci, wierszyki o wakacjach kr\u00f3tkie, bajka o smoku wawelskim, zagadki dla dzieci 10-12 lat trudne, dzie\u0144 pluszowego misia, zagadki wiosenne dla dzieci<\/p>\n<p>yyyyy<\/p>\n<p>&nbsp;<\/p>\n","protected":false},"excerpt":{"rendered":"<p>Silikonowa lampka Rabbit&amp;Friends delikatnie rozprasza mrok i u\u0142atwia dzieciom zasypianie. Idealny produkt od pierwszych dni \u017cycia. Lampka jest w kszta\u0142cie misia. U\u0142atwia zasypianie dzieciom, gdy\u017c ich delikatne \u015bwiat\u0142o mo\u017ce im \u015bwieci\u0107 przy \u0142\u00f3\u017ceczku.Mi\u015b mo\u017ce dzia\u0142a\u0107 jako lampka, kt\u00f3ra mo\u017ce by\u0107 sterowana za pomoc\u0105 pilota \u2013 zmiana kolor\u00f3w i intensywno\u015b\u0107.Dzia\u0142a r\u00f3wnie\u017c na poklepywanie. Mi\u015b ma r\u00f3wnie\u017c [&hellip;]<\/p>\n","protected":false},"featured_media":9422,"comment_status":"closed","ping_status":"open","template":"","meta":[],"product_cat":[138,1822],"product_tag":[781,637,809,592],"class_list":["post-9421","product","type-product","status-publish","has-post-thumbnail","hentry","product_cat-lampki-dzieciece","product_cat-rabbitfriends","product_tag-cytaty-o-wychowaniu-dzieci","product_tag-niech-zyja-wakacje-tekst","product_tag-zagadki","product_tag-zagadki-dla-dzieci"],"_links":{"self":[{"href":"http:\/\/klubmamgdynia.pl\/index.php\/wp-json\/wp\/v2\/product\/9421","targetHints":{"allow":["GET"]}}],"collection":[{"href":"http:\/\/klubmamgdynia.pl\/index.php\/wp-json\/wp\/v2\/product"}],"about":[{"href":"http:\/\/klubmamgdynia.pl\/index.php\/wp-json\/wp\/v2\/types\/product"}],"replies":[{"embeddable":true,"href":"http:\/\/klubmamgdynia.pl\/index.php\/wp-json\/wp\/v2\/comments?post=9421"}],"wp:featuredmedia":[{"embeddable":true,"href":"http:\/\/klubmamgdynia.pl\/index.php\/wp-json\/wp\/v2\/media\/9422"}],"wp:attachment":[{"href":"http:\/\/klubmamgdynia.pl\/index.php\/wp-json\/wp\/v2\/media?parent=9421"}],"wp:term":[{"taxonomy":"product_cat","embeddable":true,"href":"http:\/\/klubmamgdynia.pl\/index.php\/wp-json\/wp\/v2\/product_cat?post=9421"},{"taxonomy":"product_tag","embeddable":true,"href":"http:\/\/klubmamgdynia.pl\/index.php\/wp-json\/wp\/v2\/product_tag?post=9421"}],"curies":[{"name":"wp","href":"https:\/\/api.w.org\/{rel}","templated":true}]}}