{"id":9425,"date":"2020-04-26T11:59:17","date_gmt":"2020-04-26T09:59:17","guid":{"rendered":"http:\/\/klubmamgdynia.pl\/index.php\/produkt\/playmobil-70206-dollhouse-kuchnia-wielokolorowy\/"},"modified":"2026-05-17T22:02:57","modified_gmt":"2026-05-17T20:02:57","slug":"playmobil-70206-dollhouse-kuchnia-wielokolorowy","status":"publish","type":"product","link":"http:\/\/klubmamgdynia.pl\/index.php\/produkt\/playmobil-70206-dollhouse-kuchnia-wielokolorowy\/","title":{"rendered":"Playmobil 70206 Dollhouse Kuchnia Wielokolorowy"},"content":{"rendered":"<p>Zasi\u0105d\u017a do sto\u0142u wraz z figurkami Playmobil w ich Rodzinnej kuchniWeso\u0142a rodzinka z zestawu z figurkami Playmobil Dollhouse zaprasza wszystkie maluszki powy\u017cej 4-go roku \u017cycia na wsp\u00f3lne gotowanie w przyjaznej atmosferze! Przemi\u0142a mama wraz ze swoim synkiem ju\u017c przygotowuj\u0105 wszystkie niezb\u0119dne akcesoria i sk\u0142adniki, \u017ceby upichci\u0107 wsp\u00f3lnie smakowite dania! Pe\u0142na uroku Rodzinna kuchnia to kolejna kolorowa propozycja od Playmobill Dollhouse, kt\u00f3ra porwie ka\u017cdego malucha do fantastycznej i niezwykle rozbudowanej zabawy w dom. W tym przytulnym zestawie z figurkami znajdziecie a\u017c 129 barwnych akcesori\u00f3w do odtwarzania rozmaitych, kuchennych scenek oraz dwie figurki \u2013 mam\u0119 i synka \u2013 z kt\u00f3rymi przygotujecie pyszne \u015bniadania, pachn\u0105ce obiady i s\u0142odkie podwieczorki!Mn\u00f3stwo tematycznych akcesori\u00f3w pobudzi wasz\u0105 kucharsk\u0105 kreatywno\u015b\u0107!Przemy\u015blane elementy tego pobudzaj\u0105cego wyobra\u017ani\u0119 zestawu z figurkami z serii Playmobill Dollhouse pozwol\u0105 dzieciakom dowolnie urz\u0105dza\u0107 swoja Rodzinn\u0105 kuchni\u0119 i przerabia\u0107 j\u0105 wedle uznania! W kuchennym asortymencie maj\u0105 do wykorzystania trzy blaty \u2013 ze zlewem, piekarnikiem i p\u0142yt\u0105 oraz pusty blat roboczy \u2013 pe\u0142n\u0105 akcesori\u00f3w lod\u00f3wk\u0119, wysp\u0119 z czterema krzese\u0142kami oraz wspania\u0142\u0105 p\u00f3\u0142k\u0119 pe\u0142n\u0105 kulinarnych narz\u0119dzi. Dzisiaj nasza rodzinka planuje zrobi\u0107 pyszne ciasto! Na blacie stoi ju\u017c imponuj\u0105cy mikser, jajka, m\u0105ka, kubeczek do odmierzenia porcji i kartonik mleka, czujnie obserwowany przez rudego kotka. Sprawd\u017acie, co jeszcze kryje si\u0119 w lod\u00f3wce, a tak\u017ce w\u015br\u00f3d p\u00f3\u0142ek Rodzinnej kuchni i pom\u00f3\u017ccie figurkom upiec nie tylko przepyszne ciasto, ale i inne wspania\u0142e dania!O serii \u2013 zestawy Playmobil DollhouseUrocza seria Dollhouse od Playmobilinspiruje si\u0119 wszystkimi aspektami codziennego \u017cycia w domowym zaciszu oraz rozmaitymi sprawami domownik\u00f3w. Ka\u017cdy zestaw przedstawia kolorow\u0105 scenk\u0119 wyj\u0119t\u0105 z dnia weso\u0142ej rodzinki figurekPlaymobil, kt\u00f3re razem jedz\u0105 \u015bniadania, obchodz\u0105 urodziny, odrabiaj\u0105 lekcje, szykuj\u0105 si\u0119 w \u0142azience do spania i wiele innych.R\u00f3\u017cnorodne zestawy Playmobil Dollhousepozwalaj\u0105 dzieciakom zbudowa\u0107 kompletny domek z liczn\u0105, weso\u0142\u0105 rodzin\u0105 i odgrywa\u0107 z nimi rozmaite historyjki w\u015br\u00f3d domowych pieleszy. Pomaga im to rozwija\u0107 w\u0142asny rytm dnia, uczy ich odpowiedzialno\u015bci, a przy tym zapewnia \u015bwietn\u0105 zabaw\u0119 z licznymi akcesoriami.<\/p>\n<h2>Playmobil 70206 Dollhouse Kuchnia Wielokolorowy Playmobil<\/h2>\n<p>motylek, ja\u015bmina imi\u0119, quizy ma\u0142y ksi\u0105\u017c\u0119, bajka do czytania, psi patrol kolorowanka, rysowanki, maski karnawa\u0142owe do druku, zabawy dla 6 latk\u00f3w, cytaty o dzieci\u0144stwie, psikusy na prima aprilis, kolorowanki do druku kotki<\/p>\n<p>yyyyy<\/p>\n<p>&nbsp;<\/p>\n","protected":false},"excerpt":{"rendered":"<p>Zasi\u0105d\u017a do sto\u0142u wraz z figurkami Playmobil w ich Rodzinnej kuchniWeso\u0142a rodzinka z zestawu z figurkami Playmobil Dollhouse zaprasza wszystkie maluszki powy\u017cej 4-go roku \u017cycia na wsp\u00f3lne gotowanie w przyjaznej atmosferze! Przemi\u0142a mama wraz ze swoim synkiem ju\u017c przygotowuj\u0105 wszystkie niezb\u0119dne akcesoria i sk\u0142adniki, \u017ceby upichci\u0107 wsp\u00f3lnie smakowite dania! Pe\u0142na uroku Rodzinna kuchnia to kolejna [&hellip;]<\/p>\n","protected":false},"featured_media":9426,"comment_status":"closed","ping_status":"open","template":"","meta":[],"product_cat":[113,466],"product_tag":[789,612,856,665,850,799],"class_list":["post-9425","product","type-product","status-publish","has-post-thumbnail","hentry","product_cat-klocki","product_cat-playmobil","product_tag-kaczuszka","product_tag-kolorowanki-do-druku","product_tag-prezent-dla-16-latki","product_tag-proste-zagadki","product_tag-wroclaw-atrakcje-dla-dzieci","product_tag-zagadka-logiczna"],"_links":{"self":[{"href":"http:\/\/klubmamgdynia.pl\/index.php\/wp-json\/wp\/v2\/product\/9425","targetHints":{"allow":["GET"]}}],"collection":[{"href":"http:\/\/klubmamgdynia.pl\/index.php\/wp-json\/wp\/v2\/product"}],"about":[{"href":"http:\/\/klubmamgdynia.pl\/index.php\/wp-json\/wp\/v2\/types\/product"}],"replies":[{"embeddable":true,"href":"http:\/\/klubmamgdynia.pl\/index.php\/wp-json\/wp\/v2\/comments?post=9425"}],"wp:featuredmedia":[{"embeddable":true,"href":"http:\/\/klubmamgdynia.pl\/index.php\/wp-json\/wp\/v2\/media\/9426"}],"wp:attachment":[{"href":"http:\/\/klubmamgdynia.pl\/index.php\/wp-json\/wp\/v2\/media?parent=9425"}],"wp:term":[{"taxonomy":"product_cat","embeddable":true,"href":"http:\/\/klubmamgdynia.pl\/index.php\/wp-json\/wp\/v2\/product_cat?post=9425"},{"taxonomy":"product_tag","embeddable":true,"href":"http:\/\/klubmamgdynia.pl\/index.php\/wp-json\/wp\/v2\/product_tag?post=9425"}],"curies":[{"name":"wp","href":"https:\/\/api.w.org\/{rel}","templated":true}]}}