{"id":9429,"date":"2018-06-15T23:04:57","date_gmt":"2018-06-15T21:04:57","guid":{"rendered":"http:\/\/klubmamgdynia.pl\/index.php\/produkt\/hencz-toys-moms-care-tymek-piszczek-z-gryzakiem\/"},"modified":"2026-05-17T22:03:03","modified_gmt":"2026-05-17T20:03:03","slug":"hencz-toys-moms-care-tymek-piszczek-z-gryzakiem","status":"publish","type":"product","link":"http:\/\/klubmamgdynia.pl\/index.php\/produkt\/hencz-toys-moms-care-tymek-piszczek-z-gryzakiem\/","title":{"rendered":"Hencz Toys Mom&#8217;S Care Tymek Piszczek Z Gryzakiem"},"content":{"rendered":"<p>Przytulanka, kt\u00f3ra stanie si\u0119 najlepszym przyjacielem Twojego dziecka w poznawaniu \u015bwiata!KONIK TYMEK Tymek, Kr\u00f3liczyca i Rzekotka to tr\u00f3jka przyjaci\u00f3\u0142 z kolekcji Mom\u2019s Care.Ka\u017cdy z osobna to ca\u0142y komplet dozna\u0144 w jednym. Gryzak, przytulanka i gwizdek pozwala na pe\u0142n\u0105 stymulacj\u0119 tw\u00f3rczego m\u00f3zgu dziecka. Dodatkokwo zabawka motywuje pociech\u0119 do ruchu i \u0107wicze\u0144 badawczych plauszk\u00f3w dzi\u0119ki kontrastowym barwom materia\u0142u i metek.Multisensoryczna zabawka rozwija:- wzrok \u2013 dzi\u0119ki czarnobia\u0142ym geometrycznym wzorom- s\u0142uch \u2013 d\u017awi\u0119k gwizdka zwraca uwag\u0119 dziecka i motywuje do ruchu- koncentracje i motoryke \u2013 po\u0142\u0105czenie d\u017awi\u0119k\u00f3w, barw i r\u00f3\u017cnych faktur pozwala na jednoczesne do\u015bwiadczanie na p\u0142aszczy\u017anie dotyku i pracy m\u00f3zgu.- dotyk \u2013 metki, posta\u0107 pluszaka, mi\u0119kko\u015b\u0107, silikonowy bezpieczny gryzak- wyobra\u017anieCa\u0142o\u015b\u0107 dope\u0142nia pi\u0119kny design \u2013 dzi\u0119ki czemu, dla ka\u017cdego maluszka znajdzie si\u0119 to odpowiednie, ulubione zwierz\u0105tko.Rozmiar: 15&#215;22 cmMiejsce produkcji: 0+Surowiec: tkanina frotte, metkiMiejsce produkcji: Polska<\/p>\n<h2>Hencz Toys MomS Care Tymek Piszczek Z Gryzakiem Hencz<\/h2>\n<p>alan znaczenie imienia, ninjago kolorowanki, zagatki, znaczenie imiona marcel, bajka terapeutyczna o emocjach, znajd\u017a r\u00f3\u017cnice do druku, irma, quizy ortograficzne trudne, kolorowanka antystresowa, kolorowanki pi\u0142karskie, pomys\u0142 na prezent dla nastolatki, fabian, eksperymenty dla dzieci wulkan, ma\u0142y ksi\u0105\u017c\u0119 sprawdzian, impreza halloween 2021 dla dzieci, lol surprise kolorowanki, nadia imi\u0119<\/p>\n<p>yyyyy<\/p>\n<p>&nbsp;<\/p>\n","protected":false},"excerpt":{"rendered":"<p>Przytulanka, kt\u00f3ra stanie si\u0119 najlepszym przyjacielem Twojego dziecka w poznawaniu \u015bwiata!KONIK TYMEK Tymek, Kr\u00f3liczyca i Rzekotka to tr\u00f3jka przyjaci\u00f3\u0142 z kolekcji Mom\u2019s Care.Ka\u017cdy z osobna to ca\u0142y komplet dozna\u0144 w jednym. Gryzak, przytulanka i gwizdek pozwala na pe\u0142n\u0105 stymulacj\u0119 tw\u00f3rczego m\u00f3zgu dziecka. Dodatkokwo zabawka motywuje pociech\u0119 do ruchu i \u0107wicze\u0144 badawczych plauszk\u00f3w dzi\u0119ki kontrastowym barwom [&hellip;]<\/p>\n","protected":false},"featured_media":9430,"comment_status":"closed","ping_status":"open","template":"","meta":[],"product_cat":[63,166],"product_tag":[611,735,840,822,679,812],"class_list":["post-9429","product","type-product","status-publish","has-post-thumbnail","hentry","product_cat-grzechotki-i-gryzaki","product_cat-hencz","product_tag-bajki-do-czytania-psi-patrol","product_tag-prezent-na-roczek-dziewczynka","product_tag-stare-bajki","product_tag-wierszyki-o-wakacjach-krotkie","product_tag-zabawki-na-roczek-dla-dziewczynki","product_tag-zagadki-logiczne-na-inteligencje"],"_links":{"self":[{"href":"http:\/\/klubmamgdynia.pl\/index.php\/wp-json\/wp\/v2\/product\/9429","targetHints":{"allow":["GET"]}}],"collection":[{"href":"http:\/\/klubmamgdynia.pl\/index.php\/wp-json\/wp\/v2\/product"}],"about":[{"href":"http:\/\/klubmamgdynia.pl\/index.php\/wp-json\/wp\/v2\/types\/product"}],"replies":[{"embeddable":true,"href":"http:\/\/klubmamgdynia.pl\/index.php\/wp-json\/wp\/v2\/comments?post=9429"}],"wp:featuredmedia":[{"embeddable":true,"href":"http:\/\/klubmamgdynia.pl\/index.php\/wp-json\/wp\/v2\/media\/9430"}],"wp:attachment":[{"href":"http:\/\/klubmamgdynia.pl\/index.php\/wp-json\/wp\/v2\/media?parent=9429"}],"wp:term":[{"taxonomy":"product_cat","embeddable":true,"href":"http:\/\/klubmamgdynia.pl\/index.php\/wp-json\/wp\/v2\/product_cat?post=9429"},{"taxonomy":"product_tag","embeddable":true,"href":"http:\/\/klubmamgdynia.pl\/index.php\/wp-json\/wp\/v2\/product_tag?post=9429"}],"curies":[{"name":"wp","href":"https:\/\/api.w.org\/{rel}","templated":true}]}}