{"id":9433,"date":"2017-01-04T06:20:48","date_gmt":"2017-01-04T05:20:48","guid":{"rendered":"http:\/\/klubmamgdynia.pl\/index.php\/produkt\/hencz-toys-moms-care-osmiornica-z-odglosami-prenatalnymi-bialo-czarna\/"},"modified":"2026-04-20T11:15:16","modified_gmt":"2026-04-20T09:15:16","slug":"hencz-toys-moms-care-osmiornica-z-odglosami-prenatalnymi-bialo-czarna","status":"publish","type":"product","link":"http:\/\/klubmamgdynia.pl\/index.php\/produkt\/hencz-toys-moms-care-osmiornica-z-odglosami-prenatalnymi-bialo-czarna\/","title":{"rendered":"Hencz Toys Mom&#8217;S Care O\u015bmiornica Z Odg\u0142osami Prenatalnymi Bia\u0142o Czarna"},"content":{"rendered":"<p>Hencz Toys MomS Care O\u015bmiornica Z Odg\u0142osami Prenatalnymi Bia\u0142o Czarna<\/p>\n<p>O\u015bmiornica z odg\u0142osami prenatalnymi 964 Hencz to mi\u0119kka,<br \/>\npluszowa przytulanka stworzona z my\u015bl\u0105 o najmniejszych dzieciach &#8211; przeznaczona<br \/>\ndla noworodk\u00f3w ju\u017c od dnia narodzin.<\/p>\n<p>Zabawka posiada pozytywk\u0119, kt\u00f3ra wygrywa przyjazne dla maluszk\u00f3w d\u017awi\u0119ki.<br \/>\nDziecko mo\u017ce us\u0142ysze\u0107 odg\u0142osy prenatalne, a wi\u0119c d\u017awi\u0119ki, kt\u00f3re kojarz\u0105 si\u0119 z<br \/>\n\u017cyciem p\u0142odowym i uspokajaj\u0105.                            <\/p>\n<p>O\u015bmiornica Hencz dzia\u0142a relaksuj\u0105co, poniewa\u017c bicie serca<br \/>\nmamy czy szum w\u00f3d p\u0142odowych to podstawowe d\u017awi\u0119ki, kt\u00f3re s\u0142ysza\u0142o male\u0144stwo<br \/>\nprzed porodem.P\u0142acz dziecka aktywuje zabawk\u0119, po czym d\u017awi\u0119ki prenatalne<br \/>\ns\u0105 wydawane przez 30 minut. Pluszak przypomina dziecku \u015brodowisko, w kt\u00f3rym<br \/>\nprzebywa\u0142o 9 miesi\u0119cy, daj\u0105c tym samym poczucie bezpiecze\u0144stwa i blisko\u015bci.                             <\/p>\n<p>O\u015bmiorniczki wyst\u0119puj\u0105 w dw\u00f3ch wariantach kolorystycznych &#8211;<br \/>\nka\u017cdy z nich jest kontrastowy. To w\u0142a\u015bnie takich zabawek potrzebuje niemowl\u0119,<br \/>\nkt\u00f3re nie widzi kolor\u00f3w. Bia\u0142o-czarne barwy i geometryczne wzory b\u0119d\u0105 idealnym<br \/>\nwyborem.<\/p>\n<p>Wiek dziecka: 0 +<br \/>\nWymagane baterie: 3 x AAA<br \/>\nBaterie nie s\u0105 do\u0142\u0105czone do zestawu.<br \/>\nWysoko\u015b\u0107 zabawki: 30 cm<br \/>\nWymiary opakowania: 17 x 17 x 7.5 cm<br \/>\nOpakowanie stanowi element produktu.<\/p>\n<h2>Hencz Toys MomS Care O\u015bmiornica Z Odg\u0142osami Prenatalnymi Bia\u0142o Czarna Hencz<\/h2>\n<p>sentencje o rodzinie, test detektyw pozytywka, najrzadsze imiona, quizy ortograficzne trudne, sentencja dla dziecka, litery kolorowanka, literki, test z lektury dynastia mizio\u0142k\u00f3w<\/p>\n<p>yyyyy<\/p>\n<p>&nbsp;<\/p>\n","protected":false},"excerpt":{"rendered":"<p>Hencz Toys MomS Care O\u015bmiornica Z Odg\u0142osami Prenatalnymi Bia\u0142o Czarna O\u015bmiornica z odg\u0142osami prenatalnymi 964 Hencz to mi\u0119kka, pluszowa przytulanka stworzona z my\u015bl\u0105 o najmniejszych dzieciach &#8211; przeznaczona dla noworodk\u00f3w ju\u017c od dnia narodzin. Zabawka posiada pozytywk\u0119, kt\u00f3ra wygrywa przyjazne dla maluszk\u00f3w d\u017awi\u0119ki. Dziecko mo\u017ce us\u0142ysze\u0107 odg\u0142osy prenatalne, a wi\u0119c d\u017awi\u0119ki, kt\u00f3re kojarz\u0105 si\u0119 z [&hellip;]<\/p>\n","protected":false},"featured_media":9434,"comment_status":"closed","ping_status":"open","template":"","meta":[],"product_cat":[166,61],"product_tag":[821,627,794,782,873],"class_list":["post-9433","product","type-product","status-publish","has-post-thumbnail","hentry","product_cat-hencz","product_cat-zabawki-edukacyjne-dla-niemowlat","product_tag-marianna","product_tag-quiz-dzieci-z-bullerbyn","product_tag-test-opowiesci-z-narnii-lew-czarownica-i-stara-szafa-do-druku","product_tag-zagadki-dla-dzieci-z-odpowiedziami","product_tag-zagadki-z-odpowiedziami-dla-dzieci"],"_links":{"self":[{"href":"http:\/\/klubmamgdynia.pl\/index.php\/wp-json\/wp\/v2\/product\/9433","targetHints":{"allow":["GET"]}}],"collection":[{"href":"http:\/\/klubmamgdynia.pl\/index.php\/wp-json\/wp\/v2\/product"}],"about":[{"href":"http:\/\/klubmamgdynia.pl\/index.php\/wp-json\/wp\/v2\/types\/product"}],"replies":[{"embeddable":true,"href":"http:\/\/klubmamgdynia.pl\/index.php\/wp-json\/wp\/v2\/comments?post=9433"}],"wp:featuredmedia":[{"embeddable":true,"href":"http:\/\/klubmamgdynia.pl\/index.php\/wp-json\/wp\/v2\/media\/9434"}],"wp:attachment":[{"href":"http:\/\/klubmamgdynia.pl\/index.php\/wp-json\/wp\/v2\/media?parent=9433"}],"wp:term":[{"taxonomy":"product_cat","embeddable":true,"href":"http:\/\/klubmamgdynia.pl\/index.php\/wp-json\/wp\/v2\/product_cat?post=9433"},{"taxonomy":"product_tag","embeddable":true,"href":"http:\/\/klubmamgdynia.pl\/index.php\/wp-json\/wp\/v2\/product_tag?post=9433"}],"curies":[{"name":"wp","href":"https:\/\/api.w.org\/{rel}","templated":true}]}}