{"id":9437,"date":"2023-06-24T06:07:22","date_gmt":"2023-06-24T04:07:22","guid":{"rendered":"http:\/\/klubmamgdynia.pl\/?post_type=product&#038;p=9437"},"modified":"2026-04-04T16:01:03","modified_gmt":"2026-04-04T14:01:03","slug":"papo-katapulta","status":"publish","type":"product","link":"http:\/\/klubmamgdynia.pl\/index.php\/produkt\/papo-katapulta\/","title":{"rendered":"Papo Katapulta"},"content":{"rendered":"<p>Producent:\u00a0PapoID: PAP-39346Figurka kolekcjonerska francuskiej marki Papo.Atuty produktu:<br \/>\n&#8211; precyzyjnie r\u0119cznie malowana;<br \/>\n&#8211; pasuje do zamk\u00f3w i ko\u0144 rycerskich.Rekomendowany wiek: od 3 lat( 18m 2l 3l 4l 5l )<br \/>\nWielko\u015b\u0107: 14x9x7cmPrzyk\u0142adowa aran\u017cacja:<\/p>\n<h2>Papo Katapulta Papo<\/h2>\n<p>cytaty o przyjazni, \u017carty na prima aprilis dla mamy, teksty ko\u0142ysanek, lukrecja imi\u0119, prosta zagadka, klockownia wroc\u0142aw, kiedy dzieci chodz\u0105 na halloween, m\u0105dre prezenty dla 7 latki, gad\u017cety dla nastolatk\u00f3w 2021, god\u0142o polski do druku, imi\u0119 leon<\/p>\n<p>yyyyy<\/p>\n<p>&nbsp;<\/p>\n","protected":false},"excerpt":{"rendered":"<p>Producent:\u00a0PapoID: PAP-39346Figurka kolekcjonerska francuskiej marki Papo.Atuty produktu: &#8211; precyzyjnie r\u0119cznie malowana; &#8211; pasuje do zamk\u00f3w i ko\u0144 rycerskich.Rekomendowany wiek: od 3 lat( 18m 2l 3l 4l 5l ) Wielko\u015b\u0107: 14x9x7cmPrzyk\u0142adowa aran\u017cacja: Papo Katapulta Papo cytaty o przyjazni, \u017carty na prima aprilis dla mamy, teksty ko\u0142ysanek, lukrecja imi\u0119, prosta zagadka, klockownia wroc\u0142aw, kiedy dzieci chodz\u0105 na [&hellip;]<\/p>\n","protected":false},"featured_media":9438,"comment_status":"closed","ping_status":"open","template":"","meta":[],"product_cat":[95,880],"product_tag":[683,768,678,606,733,725],"class_list":["post-9437","product","type-product","status-publish","has-post-thumbnail","hentry","product_cat-figurki-makiety-i-zestawy","product_cat-papo","product_tag-karaluchy-pod-poduchy","product_tag-krotkie-zagadki-logiczne","product_tag-prezent-na-roczek-dla-dziewczynki","product_tag-stala-pod-sniegiem","product_tag-zarty-na-prima-aprilis","product_tag-zgadywanki"],"_links":{"self":[{"href":"http:\/\/klubmamgdynia.pl\/index.php\/wp-json\/wp\/v2\/product\/9437","targetHints":{"allow":["GET"]}}],"collection":[{"href":"http:\/\/klubmamgdynia.pl\/index.php\/wp-json\/wp\/v2\/product"}],"about":[{"href":"http:\/\/klubmamgdynia.pl\/index.php\/wp-json\/wp\/v2\/types\/product"}],"replies":[{"embeddable":true,"href":"http:\/\/klubmamgdynia.pl\/index.php\/wp-json\/wp\/v2\/comments?post=9437"}],"wp:featuredmedia":[{"embeddable":true,"href":"http:\/\/klubmamgdynia.pl\/index.php\/wp-json\/wp\/v2\/media\/9438"}],"wp:attachment":[{"href":"http:\/\/klubmamgdynia.pl\/index.php\/wp-json\/wp\/v2\/media?parent=9437"}],"wp:term":[{"taxonomy":"product_cat","embeddable":true,"href":"http:\/\/klubmamgdynia.pl\/index.php\/wp-json\/wp\/v2\/product_cat?post=9437"},{"taxonomy":"product_tag","embeddable":true,"href":"http:\/\/klubmamgdynia.pl\/index.php\/wp-json\/wp\/v2\/product_tag?post=9437"}],"curies":[{"name":"wp","href":"https:\/\/api.w.org\/{rel}","templated":true}]}}