{"id":944,"date":"2022-01-03T12:17:34","date_gmt":"2022-01-03T11:17:34","guid":{"rendered":"http:\/\/klubmamgdynia.pl\/index.php\/produkt\/chicco-urzadzenie-ultradzwiekowe-przeciw-komarom-do-gniazdka-1-szt\/"},"modified":"2026-04-30T20:24:55","modified_gmt":"2026-04-30T18:24:55","slug":"chicco-urzadzenie-ultradzwiekowe-przeciw-komarom-do-gniazdka-1-szt","status":"publish","type":"product","link":"http:\/\/klubmamgdynia.pl\/index.php\/produkt\/chicco-urzadzenie-ultradzwiekowe-przeciw-komarom-do-gniazdka-1-szt\/","title":{"rendered":"CHICCO Urz\u0105dzenie ultrad\u017awi\u0119kowe przeciw komarom do gniazdka 1 szt."},"content":{"rendered":"<p>Opis produktuUltrad\u017awi\u0119koweBezpieczne ultrad\u017awi\u0119ki, odstraszaj\u0105ce komary!Ma\u0142e rozmiaryMa\u0142y rozmiar urz\u0105dzenia pozwala na u\u017cycie go w ka\u017cdym miejscu.EkologiczneUrz\u0105dzenie energooszcz\u0119dne i ekologiczne w u\u017cyciu.Bezpieczne dla dzieckaNie zawiera substancji chemicznych, przez co nie jest konieczne wietrzenie pomieszcze\u0144 po jego u\u017cyciu. Bezpieczne nawet dla niemowl\u0105t.Mo\u017cna stosowa\u0107 dla niemowl\u0105t ju\u017c od pierwszych dni po urodzeniu.Zasilanie: Sieciowe<\/p>\n<h2>CHICCO Urz\u0105dzenie ultrad\u017awi\u0119kowe przeciw komarom do gniazdka 1 szt. Chicco<\/h2>\n<p>imie kuba, prezenty dla nastolatk\u00f3w do 50 z\u0142, znaki drogowe test, bajki dla dzieci na dobranoc do czytania, pisanki woskiem wzory, sentencje o przyja\u017ani, z\u0142ote my\u015bli kubu\u015b puchatek cytaty, zagadki o bo\u017cym narodzeniu, babciu droga babciu tekst<\/p>\n<p>yyyyy<\/p>\n<p>&nbsp;<\/p>\n","protected":false},"excerpt":{"rendered":"<p>Opis produktuUltrad\u017awi\u0119koweBezpieczne ultrad\u017awi\u0119ki, odstraszaj\u0105ce komary!Ma\u0142e rozmiaryMa\u0142y rozmiar urz\u0105dzenia pozwala na u\u017cycie go w ka\u017cdym miejscu.EkologiczneUrz\u0105dzenie energooszcz\u0119dne i ekologiczne w u\u017cyciu.Bezpieczne dla dzieckaNie zawiera substancji chemicznych, przez co nie jest konieczne wietrzenie pomieszcze\u0144 po jego u\u017cyciu. Bezpieczne nawet dla niemowl\u0105t.Mo\u017cna stosowa\u0107 dla niemowl\u0105t ju\u017c od pierwszych dni po urodzeniu.Zasilanie: Sieciowe CHICCO Urz\u0105dzenie ultrad\u017awi\u0119kowe przeciw komarom do [&hellip;]<\/p>\n","protected":false},"featured_media":945,"comment_status":"closed","ping_status":"open","template":"","meta":[],"product_cat":[312,313],"product_tag":[789,785,631,876,579,762],"class_list":["post-944","product","type-product","status-publish","has-post-thumbnail","hentry","product_cat-chicco","product_cat-zwalczanie-i-odstraszanie-szkodnikow","product_tag-kaczuszka","product_tag-prezent-dla-nastolatkow","product_tag-prezent-na-roczek","product_tag-przyjazn","product_tag-quiz-opowiesci-z-narnii-lew-czarownica-i-stara-szafa","product_tag-trudne-zagadki-dla-dzieci"],"_links":{"self":[{"href":"http:\/\/klubmamgdynia.pl\/index.php\/wp-json\/wp\/v2\/product\/944","targetHints":{"allow":["GET"]}}],"collection":[{"href":"http:\/\/klubmamgdynia.pl\/index.php\/wp-json\/wp\/v2\/product"}],"about":[{"href":"http:\/\/klubmamgdynia.pl\/index.php\/wp-json\/wp\/v2\/types\/product"}],"replies":[{"embeddable":true,"href":"http:\/\/klubmamgdynia.pl\/index.php\/wp-json\/wp\/v2\/comments?post=944"}],"wp:featuredmedia":[{"embeddable":true,"href":"http:\/\/klubmamgdynia.pl\/index.php\/wp-json\/wp\/v2\/media\/945"}],"wp:attachment":[{"href":"http:\/\/klubmamgdynia.pl\/index.php\/wp-json\/wp\/v2\/media?parent=944"}],"wp:term":[{"taxonomy":"product_cat","embeddable":true,"href":"http:\/\/klubmamgdynia.pl\/index.php\/wp-json\/wp\/v2\/product_cat?post=944"},{"taxonomy":"product_tag","embeddable":true,"href":"http:\/\/klubmamgdynia.pl\/index.php\/wp-json\/wp\/v2\/product_tag?post=944"}],"curies":[{"name":"wp","href":"https:\/\/api.w.org\/{rel}","templated":true}]}}