{"id":9441,"date":"2022-05-31T15:44:37","date_gmt":"2022-05-31T13:44:37","guid":{"rendered":"http:\/\/klubmamgdynia.pl\/index.php\/produkt\/geomag-supercolor-panels-recycled-klocki-magnetyczne-78el-geo-379\/"},"modified":"2026-04-06T01:33:33","modified_gmt":"2026-04-05T23:33:33","slug":"geomag-supercolor-panels-recycled-klocki-magnetyczne-78el-geo-379","status":"publish","type":"product","link":"http:\/\/klubmamgdynia.pl\/index.php\/produkt\/geomag-supercolor-panels-recycled-klocki-magnetyczne-78el-geo-379\/","title":{"rendered":"Geomag Supercolor Panels Recycled Klocki magnetyczne 78el. GEO-379"},"content":{"rendered":"<p>Geomag Supercolor Panels Recycled Klocki magnetyczne 78el. GEO-379Klocki magnetyczne Geomag umo\u017cliwi\u0105 zbudowanie wielu konstrukcji, tak naprawd\u0119 ograniczeniem jest tylko wyobra\u017ania! Poprzez zabaw\u0119 dzieci rozwijaj\u0105 intelekt i kreatywno\u015b\u0107. Zestaw zawiera magnetyczne patyczki i kulki metalowe, kt\u00f3re poprzez \u0142\u0105czenie mog\u0105 stworzy\u0107 niesamowite budowle. Mali konstruktorzy rozwijaj\u0105 swoje zdolno\u015bci manualne przy okazji \u0107wicz\u0105c koncentracje. Zabawa klockami pobudza ciekawo\u015b\u0107 matematyczn\u0105.Dbamy o nasz\u0105 planet\u0119! Dlatego klocki, pude\u0142ka, panele wykonane s\u0105 z tworzywa sztucznego pochodz\u0105cego w 100% z recyklingu, co sprawia \u017ce s\u0105 przyjazne dla \u015brodowiska naturalnego.Supercolor Panels to nie s\u0105 zwyczajne klocki \u2013 to wr\u0119cz eksplozja kolor\u00f3w! Od kolor\u00f3w ju\u017c tylko jeden krok do kreatywno\u015bci. Mocne magnesy, wysokiej jako\u015bci materia\u0142y, mocne konstrukcje i \u015bwietne kolory to w 100% Geomag.                            <\/p>\n<p>                    Sprawd\u017a inne zabawki Geomag:<\/p>\n<p>            Geomag Klocki Magnetyczne Panele 192el. GEO-464<\/p>\n<p>                        od<br \/>\n                            238,99<br \/>\n                            z\u0142<\/p>\n<p>                    Zobacz<\/p>\n<p>            Geomag Klocki Magnetyczne Mechanics Motion Re 3Magnetic Gears  160el. GEO-768<\/p>\n<p>                        od<br \/>\n                            170,99<br \/>\n                            z\u0142<\/p>\n<p>                    Zobacz<\/p>\n<p>            Geomag Klocki magnetyczne Mechanics Challenge RE Strike 185el. GEO-779<\/p>\n<p>                        od<br \/>\n                            138,00<br \/>\n                            z\u0142<\/p>\n<p>                    Zobacz<\/p>\n<p>            Geomag Klocki Magnetyczne Mechanics 222el. GEO-723<\/p>\n<p>                        od<br \/>\n                            322,56<br \/>\n                            z\u0142<\/p>\n<p>                    Zobacz<\/p>\n<p>            Geomag Klocki Magnetyczne Tazoo Paco 71el. KOR-602<\/p>\n<p>                        od<br \/>\n                            50,40<br \/>\n                            z\u0142<\/p>\n<p>                    Zobacz<\/p>\n<p>            Geomag Klocki Magnetyczne PRO-L 50el. GEO-022<\/p>\n<p>                        od<br \/>\n                            83,92<br \/>\n                            z\u0142<\/p>\n<p>                    Zobacz<\/p>\n<p>            Geomag Supercolor Panels Recycled Klocki magnetyczne 52el. GEO-378<\/p>\n<p>                        od<br \/>\n                            99,00<br \/>\n                            z\u0142<\/p>\n<p>                    Zobacz<\/p>\n<p>            Geomag Klocki Magnetyczne Pro-L 75el. GEO-023<\/p>\n<p>                        od<br \/>\n                            127,65<br \/>\n                            z\u0142<\/p>\n<p>                    Zobacz<\/p>\n<p>            Geomag Klocki Magnetyczne 84el. Nasa Rakieta GEO-810<\/p>\n<p>                        od<br \/>\n                            89,99<br \/>\n                            z\u0142<\/p>\n<p>                    Zobacz<\/p>\n<p>            Geomag Klocki Magnetyczne Mechanics Gravity 169el. GEO-773<\/p>\n<p>                        od<br \/>\n                            197,00<br \/>\n                            z\u0142<\/p>\n<p>                    Zobacz<\/p>\n<p>            Geomag Klocki Magnetyczne Mechanics 86el. GEO-721<\/p>\n<p>                        od<br \/>\n                            99,00<br \/>\n                            z\u0142<\/p>\n<p>                    Zobacz<\/p>\n<p>            Geomag Klocki magnetyczne Glitter Recycled 60el. GEO-536<\/p>\n<p>                        od<br \/>\n                            96,00<br \/>\n                            z\u0142<\/p>\n<p>                    Zobacz<\/p>\n<p>            Geomag Klocki Magnetyczne Magicube S\u0142owa + Klipsy 79el. GEO-084<\/p>\n<p>                        od<br \/>\n                            139,99<br \/>\n                            z\u0142<\/p>\n<p>                    Zobacz<\/p>\n<p>            Geomag Klocki Magnetyczne Glow 22el. GEO-334<\/p>\n<p>                        od<br \/>\n                            29,85<br \/>\n                            z\u0142<\/p>\n<p>                    Zobacz<\/p>\n<p>            Geomag Klocki Magnetyczne Mechanics Gravity Re Elev Circuit  207el. GEO-765<\/p>\n<p>                        od<br \/>\n                            149,90<br \/>\n                            z\u0142<\/p>\n<p>                    Zobacz<\/p>\n<p>            Geomag Klocki Magnetyczne 2.0 Blue 55el. KOR-673<\/p>\n<p>                        od<br \/>\n                            82,11<br \/>\n                            z\u0142<\/p>\n<p>                    Zobacz<\/p>\n<p>            Geomag Klocki Magnetyczne Wheels Jasnoniebieski Team Nitro 25el. GEO-711<\/p>\n<p>                        od<br \/>\n                            39,98<br \/>\n                            z\u0142<\/p>\n<p>                    Zobacz<\/p>\n<p>            Geomag Klocki Magnetyczne Masterbox Panele Kolory Ciep\u0142e 148el. GEO-164<\/p>\n<p>                        od<br \/>\n                            227,46<br \/>\n                            z\u0142<\/p>\n<p>                    Zobacz<\/p>\n<p>            Geomag Klocki Magnetyczne Magicube FullColor Recycled Try me 16el. GEO-067<\/p>\n<p>                        od<br \/>\n                            112,05<br \/>\n                            z\u0142<\/p>\n<p>                    Zobacz<\/p>\n<p>            Geomag Klocki Magnetyczne PRO-L 110el. GEO-024<\/p>\n<p>                        od<br \/>\n                            206,87<br \/>\n                            z\u0142<\/p>\n<p>                    Zobacz<\/p>\n<p>            Geomag Klocki Magnetyczne Mechanics Gravity Re Vertical Motor  183el. GEO-764<\/p>\n<p>                        od<br \/>\n                            124,99<br \/>\n                            z\u0142<\/p>\n<p>                    Zobacz<\/p>\n<p>            Geomag Klocki magnetyczne Glow Recycled 60el. GEO-338<\/p>\n<p>                        od<br \/>\n                            122,00<br \/>\n                            z\u0142<\/p>\n<p>                    Zobacz<\/p>\n<p>            Geomag Klocki Magnetyczne Magicube Matematyka + Klipsy 61el. GEO-083<\/p>\n<p>                        od<br \/>\n                            139,99<br \/>\n                            z\u0142<\/p>\n<p>                    Zobacz<\/p>\n<p>            Geomag Klocki Magnetyczne Klasyczne 142el. GEO-274<\/p>\n<p>                        od<br \/>\n                            208,00<br \/>\n                            z\u0142<\/p>\n<p>                    Zobacz<\/p>\n<p>            Geomag Klocki magnetyczne Mechanics Challenge 96el. GEO-778<\/p>\n<p>                        od<br \/>\n                            75,92<br \/>\n                            z\u0142<\/p>\n<p>                    Zobacz<\/p>\n<p>            Geomag Klocki Magnetyczne Magicube Savana 3el. GEO-109<\/p>\n<p>                        od<br \/>\n                            32,99<br \/>\n                            z\u0142<\/p>\n<p>                    Zobacz<\/p>\n<p>            Geomag Klocki Magnetyczne Tazoo Beto 68el. KOR-601<\/p>\n<p>                        od<br \/>\n                            69,99<br \/>\n                            z\u0142<\/p>\n<p>                    Zobacz<\/p>\n<p>            Geomag Klocki Magnetyczne Magicube Green Line 16el. GEO-055<\/p>\n<p>                        od<br \/>\n                            108,99<br \/>\n                            z\u0142<\/p>\n<p>                    Zobacz<\/p>\n<p>            Geomag Klocki Magnetyczne Panele Glitter 68el. GEO-533<\/p>\n<p>                        od<br \/>\n                            100,82<br \/>\n                            z\u0142<\/p>\n<p>                    Zobacz<\/p>\n<p>            Geomag Klocki Magnetyczne Klasyczne Panele 114el. GEO-473<\/p>\n<p>                        od<br \/>\n                            172,00<br \/>\n                            z\u0142<\/p>\n<p>                    Zobacz<\/p>\n<h2>Geomag Supercolor Panels Recycled Klocki magnetyczne 78el. GEO-379 Geomag<\/h2>\n<p>bajka psi patrol do czytania, hot wheels kolorowanka, wakacyjne kolorowanki, poczytaj mi wiersz<\/p>\n<p>yyyyy<\/p>\n<p>&nbsp;<\/p>\n","protected":false},"excerpt":{"rendered":"<p>Geomag Supercolor Panels Recycled Klocki magnetyczne 78el. GEO-379Klocki magnetyczne Geomag umo\u017cliwi\u0105 zbudowanie wielu konstrukcji, tak naprawd\u0119 ograniczeniem jest tylko wyobra\u017ania! Poprzez zabaw\u0119 dzieci rozwijaj\u0105 intelekt i kreatywno\u015b\u0107. Zestaw zawiera magnetyczne patyczki i kulki metalowe, kt\u00f3re poprzez \u0142\u0105czenie mog\u0105 stworzy\u0107 niesamowite budowle. Mali konstruktorzy rozwijaj\u0105 swoje zdolno\u015bci manualne przy okazji \u0107wicz\u0105c koncentracje. Zabawa klockami pobudza ciekawo\u015b\u0107 [&hellip;]<\/p>\n","protected":false},"featured_media":9442,"comment_status":"closed","ping_status":"open","template":"","meta":[],"product_cat":[999,113],"product_tag":[666,859,669,657,747,629],"class_list":["post-9441","product","type-product","status-publish","has-post-thumbnail","hentry","product_cat-geomag","product_cat-klocki","product_tag-afrykanskie-imiona","product_tag-dobranoc-pchly-na-noc","product_tag-kolorowanki","product_tag-lol-kolorowanka","product_tag-malowanki-do-druku","product_tag-smieszne-zagadki-z-odpowiedziami"],"_links":{"self":[{"href":"http:\/\/klubmamgdynia.pl\/index.php\/wp-json\/wp\/v2\/product\/9441","targetHints":{"allow":["GET"]}}],"collection":[{"href":"http:\/\/klubmamgdynia.pl\/index.php\/wp-json\/wp\/v2\/product"}],"about":[{"href":"http:\/\/klubmamgdynia.pl\/index.php\/wp-json\/wp\/v2\/types\/product"}],"replies":[{"embeddable":true,"href":"http:\/\/klubmamgdynia.pl\/index.php\/wp-json\/wp\/v2\/comments?post=9441"}],"wp:featuredmedia":[{"embeddable":true,"href":"http:\/\/klubmamgdynia.pl\/index.php\/wp-json\/wp\/v2\/media\/9442"}],"wp:attachment":[{"href":"http:\/\/klubmamgdynia.pl\/index.php\/wp-json\/wp\/v2\/media?parent=9441"}],"wp:term":[{"taxonomy":"product_cat","embeddable":true,"href":"http:\/\/klubmamgdynia.pl\/index.php\/wp-json\/wp\/v2\/product_cat?post=9441"},{"taxonomy":"product_tag","embeddable":true,"href":"http:\/\/klubmamgdynia.pl\/index.php\/wp-json\/wp\/v2\/product_tag?post=9441"}],"curies":[{"name":"wp","href":"https:\/\/api.w.org\/{rel}","templated":true}]}}