{"id":9443,"date":"2019-05-10T08:45:11","date_gmt":"2019-05-10T06:45:11","guid":{"rendered":"http:\/\/klubmamgdynia.pl\/index.php\/produkt\/geomag-klocki-magnetyczne-mechanics-magnetic-motion-35el-geo-770\/"},"modified":"2026-04-30T17:20:26","modified_gmt":"2026-04-30T15:20:26","slug":"geomag-klocki-magnetyczne-mechanics-magnetic-motion-35el-geo-770","status":"publish","type":"product","link":"http:\/\/klubmamgdynia.pl\/index.php\/produkt\/geomag-klocki-magnetyczne-mechanics-magnetic-motion-35el-geo-770\/","title":{"rendered":"Geomag Klocki Magnetyczne Mechanics Magnetic Motion 35el. GEO-770"},"content":{"rendered":"<p>Geomag Klocki Magnetyczne Mechanics Magnetic Motion 35el. GEO-770Klocki Geomag Magnetic Motion zosta\u0142y zaprojektowane, aby dawa\u0142y mo\u017cliwo\u015b\u0107 budowania tr\u00f3jwymiarowych struktur, kt\u00f3re mo\u017cna wprawia\u0107 w ruch. Zr\u00f3b modele maszyn, d\u017awigni, kt\u00f3re obracaj\u0105 si\u0119, nap\u0119dzaj\u0105 i przesuwaj\u0105.                            <\/p>\n<p>                    Sprawd\u017a inne zabawki Geomag:<\/p>\n<p>            Geomag Klocki Magnetyczne Panele 192el. GEO-464<\/p>\n<p>                        od<br \/>\n                            238,99<br \/>\n                            z\u0142<\/p>\n<p>                    Zobacz<\/p>\n<p>            Geomag Klocki Magnetyczne Mechanics Motion Re 3Magnetic Gears  160el. GEO-768<\/p>\n<p>                        od<br \/>\n                            170,99<br \/>\n                            z\u0142<\/p>\n<p>                    Zobacz<\/p>\n<p>            Geomag Klocki magnetyczne Mechanics Challenge RE Strike 185el. GEO-779<\/p>\n<p>                        od<br \/>\n                            138,00<br \/>\n                            z\u0142<\/p>\n<p>                    Zobacz<\/p>\n<p>            Geomag Klocki Magnetyczne Mechanics 222el. GEO-723<\/p>\n<p>                        od<br \/>\n                            322,56<br \/>\n                            z\u0142<\/p>\n<p>                    Zobacz<\/p>\n<p>            Geomag Klocki Magnetyczne Tazoo Paco 71el. KOR-602<\/p>\n<p>                        od<br \/>\n                            50,40<br \/>\n                            z\u0142<\/p>\n<p>                    Zobacz<\/p>\n<p>            Geomag Klocki Magnetyczne PRO-L 50el. GEO-022<\/p>\n<p>                        od<br \/>\n                            83,92<br \/>\n                            z\u0142<\/p>\n<p>                    Zobacz<\/p>\n<p>            Geomag Supercolor Panels Recycled Klocki magnetyczne 52el. GEO-378<\/p>\n<p>                        od<br \/>\n                            99,00<br \/>\n                            z\u0142<\/p>\n<p>                    Zobacz<\/p>\n<p>            Geomag Klocki Magnetyczne Pro-L 75el. GEO-023<\/p>\n<p>                        od<br \/>\n                            127,65<br \/>\n                            z\u0142<\/p>\n<p>                    Zobacz<\/p>\n<p>            Geomag Klocki Magnetyczne 84el. Nasa Rakieta GEO-810<\/p>\n<p>                        od<br \/>\n                            89,99<br \/>\n                            z\u0142<\/p>\n<p>                    Zobacz<\/p>\n<p>            Geomag Klocki Magnetyczne Mechanics Gravity 169el. GEO-773<\/p>\n<p>                        od<br \/>\n                            197,00<br \/>\n                            z\u0142<\/p>\n<p>                    Zobacz<\/p>\n<p>            Geomag Klocki Magnetyczne Mechanics 86el. GEO-721<\/p>\n<p>                        od<br \/>\n                            99,00<br \/>\n                            z\u0142<\/p>\n<p>                    Zobacz<\/p>\n<p>            Geomag Klocki magnetyczne Glitter Recycled 60el. GEO-536<\/p>\n<p>                        od<br \/>\n                            96,00<br \/>\n                            z\u0142<\/p>\n<p>                    Zobacz<\/p>\n<p>            Geomag Klocki Magnetyczne Magicube S\u0142owa + Klipsy 79el. GEO-084<\/p>\n<p>                        od<br \/>\n                            139,99<br \/>\n                            z\u0142<\/p>\n<p>                    Zobacz<\/p>\n<p>            Geomag Klocki Magnetyczne Glow 22el. GEO-334<\/p>\n<p>                        od<br \/>\n                            29,85<br \/>\n                            z\u0142<\/p>\n<p>                    Zobacz<\/p>\n<p>            Geomag Klocki Magnetyczne Mechanics Gravity Re Elev Circuit  207el. GEO-765<\/p>\n<p>                        od<br \/>\n                            149,90<br \/>\n                            z\u0142<\/p>\n<p>                    Zobacz<\/p>\n<p>            Geomag Klocki Magnetyczne 2.0 Blue 55el. KOR-673<\/p>\n<p>                        od<br \/>\n                            82,11<br \/>\n                            z\u0142<\/p>\n<p>                    Zobacz<\/p>\n<p>            Geomag Klocki Magnetyczne Wheels Jasnoniebieski Team Nitro 25el. GEO-711<\/p>\n<p>                        od<br \/>\n                            39,98<br \/>\n                            z\u0142<\/p>\n<p>                    Zobacz<\/p>\n<p>            Geomag Klocki Magnetyczne Masterbox Panele Kolory Ciep\u0142e 148el. GEO-164<\/p>\n<p>                        od<br \/>\n                            227,46<br \/>\n                            z\u0142<\/p>\n<p>                    Zobacz<\/p>\n<p>            Geomag Klocki Magnetyczne Magicube FullColor Recycled Try me 16el. GEO-067<\/p>\n<p>                        od<br \/>\n                            112,05<br \/>\n                            z\u0142<\/p>\n<p>                    Zobacz<\/p>\n<p>            Geomag Klocki Magnetyczne PRO-L 110el. GEO-024<\/p>\n<p>                        od<br \/>\n                            206,86<br \/>\n                            z\u0142<\/p>\n<p>                    Zobacz<\/p>\n<p>            Geomag Klocki Magnetyczne Mechanics Gravity Re Vertical Motor  183el. GEO-764<\/p>\n<p>                        od<br \/>\n                            124,86<br \/>\n                            z\u0142<\/p>\n<p>                    Zobacz<\/p>\n<p>            Geomag Klocki magnetyczne Glow Recycled 60el. GEO-338<\/p>\n<p>                        od<br \/>\n                            122,00<br \/>\n                            z\u0142<\/p>\n<p>                    Zobacz<\/p>\n<p>            Geomag Klocki Magnetyczne Magicube Matematyka + Klipsy 61el. GEO-083<\/p>\n<p>                        od<br \/>\n                            139,99<br \/>\n                            z\u0142<\/p>\n<p>                    Zobacz<\/p>\n<p>            Geomag Klocki Magnetyczne Klasyczne 142el. GEO-274<\/p>\n<p>                        od<br \/>\n                            208,00<br \/>\n                            z\u0142<\/p>\n<p>                    Zobacz<\/p>\n<p>            Geomag Klocki magnetyczne Mechanics Challenge 96el. GEO-778<\/p>\n<p>                        od<br \/>\n                            75,92<br \/>\n                            z\u0142<\/p>\n<p>                    Zobacz<\/p>\n<p>            Geomag Klocki Magnetyczne Magicube Savana 3el. GEO-109<\/p>\n<p>                        od<br \/>\n                            32,99<br \/>\n                            z\u0142<\/p>\n<p>                    Zobacz<\/p>\n<p>            Geomag Klocki Magnetyczne Tazoo Beto 68el. KOR-601<\/p>\n<p>                        od<br \/>\n                            69,99<br \/>\n                            z\u0142<\/p>\n<p>                    Zobacz<\/p>\n<p>            Geomag Klocki Magnetyczne Magicube Green Line 16el. GEO-055<\/p>\n<p>                        od<br \/>\n                            108,99<br \/>\n                            z\u0142<\/p>\n<p>                    Zobacz<\/p>\n<p>            Geomag Klocki Magnetyczne Panele Glitter 68el. GEO-533<\/p>\n<p>                        od<br \/>\n                            100,82<br \/>\n                            z\u0142<\/p>\n<p>                    Zobacz<\/p>\n<p>            Geomag Klocki Magnetyczne Klasyczne Panele 114el. GEO-473<\/p>\n<p>                        od<br \/>\n                            172,00<br \/>\n                            z\u0142<\/p>\n<p>                    Zobacz<\/p>\n<h2>Geomag Klocki Magnetyczne Mechanics Magnetic Motion 35el. GEO-770 Geomag<\/h2>\n<p>darmowe kolorowanki do druku, prezent dla jedenastolatka, 20 pytania do lektury ma\u0142y ksi\u0105\u017c\u0119, najpi\u0119kniejsze cytaty o przyja\u017ani, pytania zagadki, bajka o kreciku, milan imi\u0119, atrakcje we wroc\u0142awiu dla dzieci, pch\u0142y na noc, ko\u0142ysanka tekst, place zabaw warszawa, kawa\u0142y na prima aprilis dla rodzic\u00f3w<\/p>\n<p>yyyyy<\/p>\n<p>&nbsp;<\/p>\n","protected":false},"excerpt":{"rendered":"<p>Geomag Klocki Magnetyczne Mechanics Magnetic Motion 35el. GEO-770Klocki Geomag Magnetic Motion zosta\u0142y zaprojektowane, aby dawa\u0142y mo\u017cliwo\u015b\u0107 budowania tr\u00f3jwymiarowych struktur, kt\u00f3re mo\u017cna wprawia\u0107 w ruch. Zr\u00f3b modele maszyn, d\u017awigni, kt\u00f3re obracaj\u0105 si\u0119, nap\u0119dzaj\u0105 i przesuwaj\u0105. Sprawd\u017a inne zabawki Geomag: Geomag Klocki Magnetyczne Panele 192el. GEO-464 od 238,99 z\u0142 Zobacz Geomag Klocki Magnetyczne Mechanics Motion Re 3Magnetic [&hellip;]<\/p>\n","protected":false},"featured_media":9444,"comment_status":"closed","ping_status":"open","template":"","meta":[],"product_cat":[999,113],"product_tag":[666,801,828,638,692,746],"class_list":["post-9443","product","type-product","status-publish","has-post-thumbnail","hentry","product_cat-geomag","product_cat-klocki","product_tag-afrykanskie-imiona","product_tag-bajki-terapeutyczne-o-emocjach","product_tag-filmy-wigilijne-dla-dzieci","product_tag-miastodzieci","product_tag-prezenty-na-roczek","product_tag-zagadki-typu-co-to-jest"],"_links":{"self":[{"href":"http:\/\/klubmamgdynia.pl\/index.php\/wp-json\/wp\/v2\/product\/9443","targetHints":{"allow":["GET"]}}],"collection":[{"href":"http:\/\/klubmamgdynia.pl\/index.php\/wp-json\/wp\/v2\/product"}],"about":[{"href":"http:\/\/klubmamgdynia.pl\/index.php\/wp-json\/wp\/v2\/types\/product"}],"replies":[{"embeddable":true,"href":"http:\/\/klubmamgdynia.pl\/index.php\/wp-json\/wp\/v2\/comments?post=9443"}],"wp:featuredmedia":[{"embeddable":true,"href":"http:\/\/klubmamgdynia.pl\/index.php\/wp-json\/wp\/v2\/media\/9444"}],"wp:attachment":[{"href":"http:\/\/klubmamgdynia.pl\/index.php\/wp-json\/wp\/v2\/media?parent=9443"}],"wp:term":[{"taxonomy":"product_cat","embeddable":true,"href":"http:\/\/klubmamgdynia.pl\/index.php\/wp-json\/wp\/v2\/product_cat?post=9443"},{"taxonomy":"product_tag","embeddable":true,"href":"http:\/\/klubmamgdynia.pl\/index.php\/wp-json\/wp\/v2\/product_tag?post=9443"}],"curies":[{"name":"wp","href":"https:\/\/api.w.org\/{rel}","templated":true}]}}