{"id":9445,"date":"2013-11-04T16:12:46","date_gmt":"2013-11-04T15:12:46","guid":{"rendered":"http:\/\/klubmamgdynia.pl\/index.php\/produkt\/russell-piornik-girabrilla\/"},"modified":"2026-05-02T11:34:03","modified_gmt":"2026-05-02T09:34:03","slug":"russell-piornik-girabrilla","status":"publish","type":"product","link":"http:\/\/klubmamgdynia.pl\/index.php\/produkt\/russell-piornik-girabrilla\/","title":{"rendered":"Russell Pi\u00f3rnik Girabrilla"},"content":{"rendered":"<p>Pi\u00f3rnik posiada trzy przegrody, jest wyko\u0144czony mi\u0119kk\u0105 tkanin\u0105 z sypmatycznym jednoro\u017ccem pokrytym odwracalnymi cekinami.Zawiera 1 notes, 2 d\u0142ugopisy, linijk\u0119, gumk\u0119, stempel, 16 pisak\u00f3w i 16 kredek&#8230;.<\/p>\n<h2>Russell Pi\u00f3rnik Girabrilla Russell<\/h2>\n<p>zagadki dla 7 latk\u00f3w, szlaczki literopodobne do wydruku, mia\u0142a baba koguta tekst, zabawki na roczek, kolorowanki disney, gdy strumyk p\u0142ynie z wolna, ozdoby \u015bwi\u0105teczne do zrobienia z dzie\u0107mi, prezenty dla nastolatki, znaczenie imienia gabriel, wiersz o marzannie<\/p>\n<p>yyyyy<\/p>\n<p>&nbsp;<\/p>\n","protected":false},"excerpt":{"rendered":"<p>Pi\u00f3rnik posiada trzy przegrody, jest wyko\u0144czony mi\u0119kk\u0105 tkanin\u0105 z sypmatycznym jednoro\u017ccem pokrytym odwracalnymi cekinami.Zawiera 1 notes, 2 d\u0142ugopisy, linijk\u0119, gumk\u0119, stempel, 16 pisak\u00f3w i 16 kredek&#8230;. Russell Pi\u00f3rnik Girabrilla Russell zagadki dla 7 latk\u00f3w, szlaczki literopodobne do wydruku, mia\u0142a baba koguta tekst, zabawki na roczek, kolorowanki disney, gdy strumyk p\u0142ynie z wolna, ozdoby \u015bwi\u0105teczne do [&hellip;]<\/p>\n","protected":false},"featured_media":9446,"comment_status":"closed","ping_status":"open","template":"","meta":[],"product_cat":[976,422],"product_tag":[761,617,769,724],"class_list":["post-9445","product","type-product","status-publish","has-post-thumbnail","hentry","product_cat-piorniki","product_cat-russell","product_tag-choinko-piekna-jak-las-tekst","product_tag-keyword","product_tag-psi-patrol-do-czytania","product_tag-zagadki-podchwytliwe"],"_links":{"self":[{"href":"http:\/\/klubmamgdynia.pl\/index.php\/wp-json\/wp\/v2\/product\/9445","targetHints":{"allow":["GET"]}}],"collection":[{"href":"http:\/\/klubmamgdynia.pl\/index.php\/wp-json\/wp\/v2\/product"}],"about":[{"href":"http:\/\/klubmamgdynia.pl\/index.php\/wp-json\/wp\/v2\/types\/product"}],"replies":[{"embeddable":true,"href":"http:\/\/klubmamgdynia.pl\/index.php\/wp-json\/wp\/v2\/comments?post=9445"}],"wp:featuredmedia":[{"embeddable":true,"href":"http:\/\/klubmamgdynia.pl\/index.php\/wp-json\/wp\/v2\/media\/9446"}],"wp:attachment":[{"href":"http:\/\/klubmamgdynia.pl\/index.php\/wp-json\/wp\/v2\/media?parent=9445"}],"wp:term":[{"taxonomy":"product_cat","embeddable":true,"href":"http:\/\/klubmamgdynia.pl\/index.php\/wp-json\/wp\/v2\/product_cat?post=9445"},{"taxonomy":"product_tag","embeddable":true,"href":"http:\/\/klubmamgdynia.pl\/index.php\/wp-json\/wp\/v2\/product_tag?post=9445"}],"curies":[{"name":"wp","href":"https:\/\/api.w.org\/{rel}","templated":true}]}}