{"id":9447,"date":"2023-03-22T08:53:56","date_gmt":"2023-03-22T07:53:56","guid":{"rendered":"http:\/\/klubmamgdynia.pl\/?post_type=product&#038;p=9447"},"modified":"2026-04-05T22:19:09","modified_gmt":"2026-04-05T20:19:09","slug":"geomag-klocki-magnetyczne-masterbox-248el-jasnozielony-geo-186","status":"publish","type":"product","link":"http:\/\/klubmamgdynia.pl\/index.php\/produkt\/geomag-klocki-magnetyczne-masterbox-248el-jasnozielony-geo-186\/","title":{"rendered":"Geomag Klocki Magnetyczne MasterBox 248el. Jasnozielony GEO-186"},"content":{"rendered":"<p>Geomag MasterBox 248el. Jasnozielony GEO-186\u0141\u0105cz\u0105c magnetyczne pa\u0142eczki z niklowanymi kulkami, mo\u017cemy w bardzo prosty spos\u00f3b budowa\u0107 tr\u00f3jwymiarowe obiekty i przedmioty. Jedynym ograniczeniem jest tu nasza w\u0142asna fantazja.\u00a0Magnetyczne klocki pozwalaj\u0105 na rozw\u00f3j wyobra\u017ani przestrzennej i nieszablonowego my\u015blenia. \u0141\u0105czenie patyczk\u00f3w, kuleczek i paneli w tr\u00f3jwymiarowe figury, sprawi frajd\u0119 dzieciom i doros\u0142ym w ka\u017cdym wieku.                            <\/p>\n<p>                    Sprawd\u017a inne zabawki Geomag:<\/p>\n<p>            Geomag Klocki Magnetyczne Panele 192el. GEO-464<\/p>\n<p>                        od<br \/>\n                            238,99<br \/>\n                            z\u0142<\/p>\n<p>                    Zobacz<\/p>\n<p>            Geomag Klocki Magnetyczne Mechanics Motion Re 3Magnetic Gears  160el. GEO-768<\/p>\n<p>                        od<br \/>\n                            170,99<br \/>\n                            z\u0142<\/p>\n<p>                    Zobacz<\/p>\n<p>            Geomag Klocki magnetyczne Mechanics Challenge RE Strike 185el. GEO-779<\/p>\n<p>                        od<br \/>\n                            138,00<br \/>\n                            z\u0142<\/p>\n<p>                    Zobacz<\/p>\n<p>            Geomag Klocki Magnetyczne Mechanics 222el. GEO-723<\/p>\n<p>                        od<br \/>\n                            322,56<br \/>\n                            z\u0142<\/p>\n<p>                    Zobacz<\/p>\n<p>            Geomag Klocki Magnetyczne Tazoo Paco 71el. KOR-602<\/p>\n<p>                        od<br \/>\n                            50,40<br \/>\n                            z\u0142<\/p>\n<p>                    Zobacz<\/p>\n<p>            Geomag Klocki Magnetyczne PRO-L 50el. GEO-022<\/p>\n<p>                        od<br \/>\n                            83,92<br \/>\n                            z\u0142<\/p>\n<p>                    Zobacz<\/p>\n<p>            Geomag Supercolor Panels Recycled Klocki magnetyczne 52el. GEO-378<\/p>\n<p>                        od<br \/>\n                            99,00<br \/>\n                            z\u0142<\/p>\n<p>                    Zobacz<\/p>\n<p>            Geomag Klocki Magnetyczne Pro-L 75el. GEO-023<\/p>\n<p>                        od<br \/>\n                            127,65<br \/>\n                            z\u0142<\/p>\n<p>                    Zobacz<\/p>\n<p>            Geomag Klocki Magnetyczne 84el. Nasa Rakieta GEO-810<\/p>\n<p>                        od<br \/>\n                            89,99<br \/>\n                            z\u0142<\/p>\n<p>                    Zobacz<\/p>\n<p>            Geomag Klocki Magnetyczne Mechanics Gravity 169el. GEO-773<\/p>\n<p>                        od<br \/>\n                            197,00<br \/>\n                            z\u0142<\/p>\n<p>                    Zobacz<\/p>\n<p>            Geomag Klocki Magnetyczne Mechanics 86el. GEO-721<\/p>\n<p>                        od<br \/>\n                            99,00<br \/>\n                            z\u0142<\/p>\n<p>                    Zobacz<\/p>\n<p>            Geomag Klocki magnetyczne Glitter Recycled 60el. GEO-536<\/p>\n<p>                        od<br \/>\n                            96,00<br \/>\n                            z\u0142<\/p>\n<p>                    Zobacz<\/p>\n<p>            Geomag Klocki Magnetyczne Magicube S\u0142owa + Klipsy 79el. GEO-084<\/p>\n<p>                        od<br \/>\n                            139,99<br \/>\n                            z\u0142<\/p>\n<p>                    Zobacz<\/p>\n<p>            Geomag Klocki Magnetyczne Glow 22el. GEO-334<\/p>\n<p>                        od<br \/>\n                            29,85<br \/>\n                            z\u0142<\/p>\n<p>                    Zobacz<\/p>\n<p>            Geomag Klocki Magnetyczne Mechanics Gravity Re Elev Circuit  207el. GEO-765<\/p>\n<p>                        od<br \/>\n                            149,90<br \/>\n                            z\u0142<\/p>\n<p>                    Zobacz<\/p>\n<p>            Geomag Klocki Magnetyczne 2.0 Blue 55el. KOR-673<\/p>\n<p>                        od<br \/>\n                            82,11<br \/>\n                            z\u0142<\/p>\n<p>                    Zobacz<\/p>\n<p>            Geomag Klocki Magnetyczne Wheels Jasnoniebieski Team Nitro 25el. GEO-711<\/p>\n<p>                        od<br \/>\n                            39,98<br \/>\n                            z\u0142<\/p>\n<p>                    Zobacz<\/p>\n<p>            Geomag Klocki Magnetyczne Masterbox Panele Kolory Ciep\u0142e 148el. GEO-164<\/p>\n<p>                        od<br \/>\n                            227,46<br \/>\n                            z\u0142<\/p>\n<p>                    Zobacz<\/p>\n<p>            Geomag Klocki Magnetyczne Magicube FullColor Recycled Try me 16el. GEO-067<\/p>\n<p>                        od<br \/>\n                            112,05<br \/>\n                            z\u0142<\/p>\n<p>                    Zobacz<\/p>\n<p>            Geomag Klocki Magnetyczne PRO-L 110el. GEO-024<\/p>\n<p>                        od<br \/>\n                            206,87<br \/>\n                            z\u0142<\/p>\n<p>                    Zobacz<\/p>\n<p>            Geomag Klocki Magnetyczne Mechanics Gravity Re Vertical Motor  183el. GEO-764<\/p>\n<p>                        od<br \/>\n                            124,86<br \/>\n                            z\u0142<\/p>\n<p>                    Zobacz<\/p>\n<p>            Geomag Klocki magnetyczne Glow Recycled 60el. GEO-338<\/p>\n<p>                        od<br \/>\n                            122,00<br \/>\n                            z\u0142<\/p>\n<p>                    Zobacz<\/p>\n<p>            Geomag Klocki Magnetyczne Magicube Matematyka + Klipsy 61el. GEO-083<\/p>\n<p>                        od<br \/>\n                            139,99<br \/>\n                            z\u0142<\/p>\n<p>                    Zobacz<\/p>\n<p>            Geomag Klocki Magnetyczne Klasyczne 142el. GEO-274<\/p>\n<p>                        od<br \/>\n                            208,00<br \/>\n                            z\u0142<\/p>\n<p>                    Zobacz<\/p>\n<p>            Geomag Klocki magnetyczne Mechanics Challenge 96el. GEO-778<\/p>\n<p>                        od<br \/>\n                            75,92<br \/>\n                            z\u0142<\/p>\n<p>                    Zobacz<\/p>\n<p>            Geomag Klocki Magnetyczne Magicube Savana 3el. GEO-109<\/p>\n<p>                        od<br \/>\n                            32,99<br \/>\n                            z\u0142<\/p>\n<p>                    Zobacz<\/p>\n<p>            Geomag Klocki Magnetyczne Tazoo Beto 68el. KOR-601<\/p>\n<p>                        od<br \/>\n                            69,99<br \/>\n                            z\u0142<\/p>\n<p>                    Zobacz<\/p>\n<p>            Geomag Klocki Magnetyczne Magicube Green Line 16el. GEO-055<\/p>\n<p>                        od<br \/>\n                            108,99<br \/>\n                            z\u0142<\/p>\n<p>                    Zobacz<\/p>\n<p>            Geomag Klocki Magnetyczne Panele Glitter 68el. GEO-533<\/p>\n<p>                        od<br \/>\n                            100,82<br \/>\n                            z\u0142<\/p>\n<p>                    Zobacz<\/p>\n<p>            Geomag Klocki Magnetyczne Klasyczne Panele 114el. GEO-473<\/p>\n<p>                        od<br \/>\n                            172,00<br \/>\n                            z\u0142<\/p>\n<p>                    Zobacz<\/p>\n<h2>Geomag Klocki Magnetyczne MasterBox 248el. Jasnozielony GEO-186 Geomag<\/h2>\n<p>stanis\u0142awa znaczenie imienia, zaj\u0105czek z jajka ugotowanego, literki do pisania do druku, wroc\u0142aw atrakcje dla dzieci 2021, zagadki z odpowiedziami, dyplomy do wydrukowania a4, co oznacza nazwa jordan, kolorowanki do wydrukowania, flagi pa\u0144stw quiz, lol kolorowanki do druku, test miko\u0142ajek 25 pyta\u0144, kundel bury tekst, ma\u0142y ksi\u0105\u017c\u0119 &#8211; test z odpowiedziami, piosenka na dzie\u0144 mamy tekst, piosenka na dzie\u0144 mamy tekst, zagadki o przyborach szkolnych<\/p>\n<p>yyyyy<\/p>\n<p>&nbsp;<\/p>\n","protected":false},"excerpt":{"rendered":"<p>Geomag MasterBox 248el. Jasnozielony GEO-186\u0141\u0105cz\u0105c magnetyczne pa\u0142eczki z niklowanymi kulkami, mo\u017cemy w bardzo prosty spos\u00f3b budowa\u0107 tr\u00f3jwymiarowe obiekty i przedmioty. Jedynym ograniczeniem jest tu nasza w\u0142asna fantazja.\u00a0Magnetyczne klocki pozwalaj\u0105 na rozw\u00f3j wyobra\u017ani przestrzennej i nieszablonowego my\u015blenia. \u0141\u0105czenie patyczk\u00f3w, kuleczek i paneli w tr\u00f3jwymiarowe figury, sprawi frajd\u0119 dzieciom i doros\u0142ym w ka\u017cdym wieku. Sprawd\u017a inne zabawki [&hellip;]<\/p>\n","protected":false},"featured_media":9448,"comment_status":"closed","ping_status":"open","template":"","meta":[],"product_cat":[999,113],"product_tag":[663,703,803,760,709],"class_list":["post-9447","product","type-product","status-publish","has-post-thumbnail","hentry","product_cat-geomag","product_cat-klocki","product_tag-kolorowanki-dla-dzieci-do-druku","product_tag-prezent-dla-nastolatki","product_tag-szlaczki-do-druku","product_tag-zagadka-matematyczna","product_tag-zagadki-dla-dzieci-6-7-lat"],"_links":{"self":[{"href":"http:\/\/klubmamgdynia.pl\/index.php\/wp-json\/wp\/v2\/product\/9447","targetHints":{"allow":["GET"]}}],"collection":[{"href":"http:\/\/klubmamgdynia.pl\/index.php\/wp-json\/wp\/v2\/product"}],"about":[{"href":"http:\/\/klubmamgdynia.pl\/index.php\/wp-json\/wp\/v2\/types\/product"}],"replies":[{"embeddable":true,"href":"http:\/\/klubmamgdynia.pl\/index.php\/wp-json\/wp\/v2\/comments?post=9447"}],"wp:featuredmedia":[{"embeddable":true,"href":"http:\/\/klubmamgdynia.pl\/index.php\/wp-json\/wp\/v2\/media\/9448"}],"wp:attachment":[{"href":"http:\/\/klubmamgdynia.pl\/index.php\/wp-json\/wp\/v2\/media?parent=9447"}],"wp:term":[{"taxonomy":"product_cat","embeddable":true,"href":"http:\/\/klubmamgdynia.pl\/index.php\/wp-json\/wp\/v2\/product_cat?post=9447"},{"taxonomy":"product_tag","embeddable":true,"href":"http:\/\/klubmamgdynia.pl\/index.php\/wp-json\/wp\/v2\/product_tag?post=9447"}],"curies":[{"name":"wp","href":"https:\/\/api.w.org\/{rel}","templated":true}]}}