{"id":9449,"date":"2018-09-19T06:40:00","date_gmt":"2018-09-19T04:40:00","guid":{"rendered":"http:\/\/klubmamgdynia.pl\/index.php\/produkt\/cotkotu-myszka-violetta\/"},"modified":"2026-04-30T21:45:23","modified_gmt":"2026-04-30T19:45:23","slug":"cotkotu-myszka-violetta","status":"publish","type":"product","link":"http:\/\/klubmamgdynia.pl\/index.php\/produkt\/cotkotu-myszka-violetta\/","title":{"rendered":"Cotkotu Myszka Violetta"},"content":{"rendered":"<p>Myszka Violetta, \u017cona \u0141ysego Ogona, kuzynka Myszki Cotu z planety Cotkotu i znawczyni fioletowych stron \u017cycia. Lubi sw\u00f3j tr\u0105bkowaty nos i lubi zastawia\u0107 pu\u0142apki. Uwielbia kolor fioletowy w ka\u017cdej postaci.Myszka ma 37cm wysoko\u015bci, jest r\u0119cznie malowana, ma r\u0119cznie szyte tyle=font-weight: bold; background-color: #90EE90;&gt;ubranko, a w dodatku cudownie pachnie.<\/p>\n<h2>Cotkotu Myszka Violetta Cotkotu<\/h2>\n<p>zagadki o wielkanocy dla dzieci, bajka terapeutyczna o dokuczaniu, sentencje o przyja\u017ani, walentynka kolorowanka, pawe\u0142, \u0142amig\u0142\u00f3wki logiczne, stare wiersze dla dzieci, kundel bury tekst, w uk\u0142adzie s\u0142onecznym, kolorowanka lol surprise, antystresowe mandale do druku, 45 pa\u0144stw europy i ich stolice quiz, stanis\u0142awa znaczenie imienia, kr\u00f3tkie bajki do czytania pdf, prezent dla 7 latki, zaproszenia do druku<\/p>\n<p>yyyyy<\/p>\n<p>&nbsp;<\/p>\n","protected":false},"excerpt":{"rendered":"<p>Myszka Violetta, \u017cona \u0141ysego Ogona, kuzynka Myszki Cotu z planety Cotkotu i znawczyni fioletowych stron \u017cycia. Lubi sw\u00f3j tr\u0105bkowaty nos i lubi zastawia\u0107 pu\u0142apki. Uwielbia kolor fioletowy w ka\u017cdej postaci.Myszka ma 37cm wysoko\u015bci, jest r\u0119cznie malowana, ma r\u0119cznie szyte tyle=font-weight: bold; background-color: #90EE90;&gt;ubranko, a w dodatku cudownie pachnie. Cotkotu Myszka Violetta Cotkotu zagadki o wielkanocy [&hellip;]<\/p>\n","protected":false},"featured_media":9450,"comment_status":"closed","ping_status":"open","template":"","meta":[],"product_cat":[1823,95],"product_tag":[802,663,826,785],"class_list":["post-9449","product","type-product","status-publish","has-post-thumbnail","hentry","product_cat-cotkotu","product_cat-figurki-makiety-i-zestawy","product_tag-co-kupic-dziewczynce-na-roczek","product_tag-kolorowanki-dla-dzieci-do-druku","product_tag-prezent-dla-15-latka","product_tag-prezent-dla-nastolatkow"],"_links":{"self":[{"href":"http:\/\/klubmamgdynia.pl\/index.php\/wp-json\/wp\/v2\/product\/9449","targetHints":{"allow":["GET"]}}],"collection":[{"href":"http:\/\/klubmamgdynia.pl\/index.php\/wp-json\/wp\/v2\/product"}],"about":[{"href":"http:\/\/klubmamgdynia.pl\/index.php\/wp-json\/wp\/v2\/types\/product"}],"replies":[{"embeddable":true,"href":"http:\/\/klubmamgdynia.pl\/index.php\/wp-json\/wp\/v2\/comments?post=9449"}],"wp:featuredmedia":[{"embeddable":true,"href":"http:\/\/klubmamgdynia.pl\/index.php\/wp-json\/wp\/v2\/media\/9450"}],"wp:attachment":[{"href":"http:\/\/klubmamgdynia.pl\/index.php\/wp-json\/wp\/v2\/media?parent=9449"}],"wp:term":[{"taxonomy":"product_cat","embeddable":true,"href":"http:\/\/klubmamgdynia.pl\/index.php\/wp-json\/wp\/v2\/product_cat?post=9449"},{"taxonomy":"product_tag","embeddable":true,"href":"http:\/\/klubmamgdynia.pl\/index.php\/wp-json\/wp\/v2\/product_tag?post=9449"}],"curies":[{"name":"wp","href":"https:\/\/api.w.org\/{rel}","templated":true}]}}