{"id":9455,"date":"2012-02-03T10:26:11","date_gmt":"2012-02-03T09:26:11","guid":{"rendered":"http:\/\/klubmamgdynia.pl\/index.php\/produkt\/papo-lancelot-czerwony-rycerz\/"},"modified":"2026-05-01T15:11:41","modified_gmt":"2026-05-01T13:11:41","slug":"papo-lancelot-czerwony-rycerz","status":"publish","type":"product","link":"http:\/\/klubmamgdynia.pl\/index.php\/produkt\/papo-lancelot-czerwony-rycerz\/","title":{"rendered":"Papo Lancelot Czerwony -Rycerz"},"content":{"rendered":"<p>Producent:\u00a0PapoID: PAP-39282Figurka kolekcjonerska francuskiej marki Papo.Atuty produktu:<br \/>\n&#8211; precyzyjnie r\u0119cznie malowana;<br \/>\n&#8211; pasuje do zamk\u00f3w i ko\u0144 rycerskich.Rekomendowany wiek: od 3 lat( 18m 2l 3l 4l 5l )<br \/>\nWielko\u015b\u0107: 9cmDodatki:Przyk\u0142adowa aran\u017cacja:<\/p>\n<h2>Papo Lancelot Czerwony -Rycerz Papo<\/h2>\n<p>co dla rocznego dziecka, felix net i nika oraz gang niewidzialnych ludzi test z odpowiedziami, testy na znaki drogowe, konstancja imie, rozalia imi\u0119, ozdoby choinkowe dla dzieci, felix net i nika oraz gang niewidzialnych ludzi quiz, nadia imi\u0119, glupie zagadki, zagadki dla doros\u0142ych z odpowiedziami, pikachu kolorowanka, kr\u00f3tkie bajki dla dzieci do czytania, zrobi\u0107 laurk\u0119 laurka dla babci, zagadki nie do rozwi\u0105zania, wiersze o wio\u015bnie jana brzechwy, ahmed, fajne \u017carty na prima aprilis, laurka kolorowanki na dzie\u0144 mamy<\/p>\n<p>yyyyy<\/p>\n<p>&nbsp;<\/p>\n","protected":false},"excerpt":{"rendered":"<p>Producent:\u00a0PapoID: PAP-39282Figurka kolekcjonerska francuskiej marki Papo.Atuty produktu: &#8211; precyzyjnie r\u0119cznie malowana; &#8211; pasuje do zamk\u00f3w i ko\u0144 rycerskich.Rekomendowany wiek: od 3 lat( 18m 2l 3l 4l 5l ) Wielko\u015b\u0107: 9cmDodatki:Przyk\u0142adowa aran\u017cacja: Papo Lancelot Czerwony -Rycerz Papo co dla rocznego dziecka, felix net i nika oraz gang niewidzialnych ludzi test z odpowiedziami, testy na znaki drogowe, [&hellip;]<\/p>\n","protected":false},"featured_media":9456,"comment_status":"closed","ping_status":"open","template":"","meta":[],"product_cat":[95,880],"product_tag":[754,689,842,811],"class_list":["post-9455","product","type-product","status-publish","has-post-thumbnail","hentry","product_cat-figurki-makiety-i-zestawy","product_cat-papo","product_tag-dyplomy-do-wydrukowania-a4","product_tag-linda","product_tag-plac-zabaw-poznan","product_tag-zagadki-logiczne-dla-dzieci"],"_links":{"self":[{"href":"http:\/\/klubmamgdynia.pl\/index.php\/wp-json\/wp\/v2\/product\/9455","targetHints":{"allow":["GET"]}}],"collection":[{"href":"http:\/\/klubmamgdynia.pl\/index.php\/wp-json\/wp\/v2\/product"}],"about":[{"href":"http:\/\/klubmamgdynia.pl\/index.php\/wp-json\/wp\/v2\/types\/product"}],"replies":[{"embeddable":true,"href":"http:\/\/klubmamgdynia.pl\/index.php\/wp-json\/wp\/v2\/comments?post=9455"}],"wp:featuredmedia":[{"embeddable":true,"href":"http:\/\/klubmamgdynia.pl\/index.php\/wp-json\/wp\/v2\/media\/9456"}],"wp:attachment":[{"href":"http:\/\/klubmamgdynia.pl\/index.php\/wp-json\/wp\/v2\/media?parent=9455"}],"wp:term":[{"taxonomy":"product_cat","embeddable":true,"href":"http:\/\/klubmamgdynia.pl\/index.php\/wp-json\/wp\/v2\/product_cat?post=9455"},{"taxonomy":"product_tag","embeddable":true,"href":"http:\/\/klubmamgdynia.pl\/index.php\/wp-json\/wp\/v2\/product_tag?post=9455"}],"curies":[{"name":"wp","href":"https:\/\/api.w.org\/{rel}","templated":true}]}}