{"id":9459,"date":"2017-01-30T21:03:53","date_gmt":"2017-01-30T20:03:53","guid":{"rendered":"http:\/\/klubmamgdynia.pl\/index.php\/produkt\/jane-uniwersalny-sterylizator-silver-10360\/"},"modified":"2026-04-07T01:35:05","modified_gmt":"2026-04-06T23:35:05","slug":"jane-uniwersalny-sterylizator-silver-10360","status":"publish","type":"product","link":"http:\/\/klubmamgdynia.pl\/index.php\/produkt\/jane-uniwersalny-sterylizator-silver-10360\/","title":{"rendered":"Jane Uniwersalny Sterylizator Silver 10360"},"content":{"rendered":"<p>Uniwersalny Sterylizator pomie\u015bci 6 standardowych butelek z akcesoriami, lub 4 butelki o szerokich szyjkach. Dzia\u0142a bez konieczno\u015bci dodawania substancji chemicznych. Sterylizator posiada termoczu\u0142y uchwyt pokrywy, kt\u00f3ry zmieniaj\u0105c kolor pokazuje, \u017ce zawarto\u015b\u0107 jest gor\u0105ca. Posiada funkcj\u0119 skr\u00f3conego czasu sterylizacji. Po ka\u017cdym procesie sterylizacji automatycznie si\u0119 wy\u0142\u0105cza.<\/p>\n<h2>Jane Uniwersalny Sterylizator Silver 10360 Jane<\/h2>\n<p>bezwarunkowa mi\u0142o\u015b\u0107 do dziecka cytaty, test szatan z si\u00f3dmej klasy, imiona dla ch\u0142opc\u00f3w, ptak b\u0105k, zagadki matematyczne dla przedszkolak\u00f3w<\/p>\n<p>yyyyy<\/p>\n<p>&nbsp;<\/p>\n","protected":false},"excerpt":{"rendered":"<p>Uniwersalny Sterylizator pomie\u015bci 6 standardowych butelek z akcesoriami, lub 4 butelki o szerokich szyjkach. Dzia\u0142a bez konieczno\u015bci dodawania substancji chemicznych. Sterylizator posiada termoczu\u0142y uchwyt pokrywy, kt\u00f3ry zmieniaj\u0105c kolor pokazuje, \u017ce zawarto\u015b\u0107 jest gor\u0105ca. Posiada funkcj\u0119 skr\u00f3conego czasu sterylizacji. Po ka\u017cdym procesie sterylizacji automatycznie si\u0119 wy\u0142\u0105cza. Jane Uniwersalny Sterylizator Silver 10360 Jane bezwarunkowa mi\u0142o\u015b\u0107 do dziecka [&hellip;]<\/p>\n","protected":false},"featured_media":9460,"comment_status":"closed","ping_status":"open","template":"","meta":[],"product_cat":[1109,1696],"product_tag":[845,846,713,746],"class_list":["post-9459","product","type-product","status-publish","has-post-thumbnail","hentry","product_cat-jane","product_cat-podgrzewacze-i-sterylizatory","product_tag-ach-spij-kochanie-tekst","product_tag-rysowanki","product_tag-zagadki-logiczne-z-odpowiedziami","product_tag-zagadki-typu-co-to-jest"],"_links":{"self":[{"href":"http:\/\/klubmamgdynia.pl\/index.php\/wp-json\/wp\/v2\/product\/9459","targetHints":{"allow":["GET"]}}],"collection":[{"href":"http:\/\/klubmamgdynia.pl\/index.php\/wp-json\/wp\/v2\/product"}],"about":[{"href":"http:\/\/klubmamgdynia.pl\/index.php\/wp-json\/wp\/v2\/types\/product"}],"replies":[{"embeddable":true,"href":"http:\/\/klubmamgdynia.pl\/index.php\/wp-json\/wp\/v2\/comments?post=9459"}],"wp:featuredmedia":[{"embeddable":true,"href":"http:\/\/klubmamgdynia.pl\/index.php\/wp-json\/wp\/v2\/media\/9460"}],"wp:attachment":[{"href":"http:\/\/klubmamgdynia.pl\/index.php\/wp-json\/wp\/v2\/media?parent=9459"}],"wp:term":[{"taxonomy":"product_cat","embeddable":true,"href":"http:\/\/klubmamgdynia.pl\/index.php\/wp-json\/wp\/v2\/product_cat?post=9459"},{"taxonomy":"product_tag","embeddable":true,"href":"http:\/\/klubmamgdynia.pl\/index.php\/wp-json\/wp\/v2\/product_tag?post=9459"}],"curies":[{"name":"wp","href":"https:\/\/api.w.org\/{rel}","templated":true}]}}