{"id":946,"date":"2019-06-23T07:23:10","date_gmt":"2019-06-23T05:23:10","guid":{"rendered":"http:\/\/klubmamgdynia.pl\/index.php\/produkt\/hulajnoga-3-kolowa-globber-primo-foldable-plus-lights-mint-439-206\/"},"modified":"2026-04-30T17:47:31","modified_gmt":"2026-04-30T15:47:31","slug":"hulajnoga-3-kolowa-globber-primo-foldable-plus-lights-mint-439-206","status":"publish","type":"product","link":"http:\/\/klubmamgdynia.pl\/index.php\/produkt\/hulajnoga-3-kolowa-globber-primo-foldable-plus-lights-mint-439-206\/","title":{"rendered":"Hulajnoga 3 Ko\u0142owa Globber Primo Foldable Plus Lights Mint 439 206"},"content":{"rendered":"<p>Hulajnoga tr\u00f3jko\u0142owa Globber Primo Foldable Plus Lights &#8211; \u015bwiec\u0105ce k\u00f3\u0142ka przedniePrzeznaczona dla dzieci w wieku 3-9 latNowy, szybki system sk\u0142adania pozwala na wygodne przechowywanie oraz prowadzenie hulajnogi w formie z\u0142o\u017conejLekka, solidna konstrukcja<\/p>\n<h2>Hulajnoga 3 Ko\u0142owa Globber Primo Foldable Plus Lights Mint 439 206 Globber<\/h2>\n<p>kira imi\u0119, po \u0142\u0105ce biega lato tekst, prezent dla jedenastolatki, rozalia imi\u0119, halszka, alina<\/p>\n<p>yyyyy<\/p>\n<p>&nbsp;<\/p>\n","protected":false},"excerpt":{"rendered":"<p>Hulajnoga tr\u00f3jko\u0142owa Globber Primo Foldable Plus Lights &#8211; \u015bwiec\u0105ce k\u00f3\u0142ka przedniePrzeznaczona dla dzieci w wieku 3-9 latNowy, szybki system sk\u0142adania pozwala na wygodne przechowywanie oraz prowadzenie hulajnogi w formie z\u0142o\u017conejLekka, solidna konstrukcja Hulajnoga 3 Ko\u0142owa Globber Primo Foldable Plus Lights Mint 439 206 Globber kira imi\u0119, po \u0142\u0105ce biega lato tekst, prezent dla jedenastolatki, rozalia [&hellip;]<\/p>\n","protected":false},"featured_media":947,"comment_status":"closed","ping_status":"open","template":"","meta":[],"product_cat":[314,315],"product_tag":[801,808,583,810,770,592],"class_list":["post-946","product","type-product","status-publish","has-post-thumbnail","hentry","product_cat-globber","product_cat-hulajnogi-dla-dzieci","product_tag-bajki-terapeutyczne-o-emocjach","product_tag-imie-mia","product_tag-kolysanki-dla-dzieci-tekst","product_tag-nauka-zegara-do-druku","product_tag-samolot-z-papieru","product_tag-zagadki-dla-dzieci"],"_links":{"self":[{"href":"http:\/\/klubmamgdynia.pl\/index.php\/wp-json\/wp\/v2\/product\/946","targetHints":{"allow":["GET"]}}],"collection":[{"href":"http:\/\/klubmamgdynia.pl\/index.php\/wp-json\/wp\/v2\/product"}],"about":[{"href":"http:\/\/klubmamgdynia.pl\/index.php\/wp-json\/wp\/v2\/types\/product"}],"replies":[{"embeddable":true,"href":"http:\/\/klubmamgdynia.pl\/index.php\/wp-json\/wp\/v2\/comments?post=946"}],"wp:featuredmedia":[{"embeddable":true,"href":"http:\/\/klubmamgdynia.pl\/index.php\/wp-json\/wp\/v2\/media\/947"}],"wp:attachment":[{"href":"http:\/\/klubmamgdynia.pl\/index.php\/wp-json\/wp\/v2\/media?parent=946"}],"wp:term":[{"taxonomy":"product_cat","embeddable":true,"href":"http:\/\/klubmamgdynia.pl\/index.php\/wp-json\/wp\/v2\/product_cat?post=946"},{"taxonomy":"product_tag","embeddable":true,"href":"http:\/\/klubmamgdynia.pl\/index.php\/wp-json\/wp\/v2\/product_tag?post=946"}],"curies":[{"name":"wp","href":"https:\/\/api.w.org\/{rel}","templated":true}]}}