{"id":9461,"date":"2014-10-13T11:28:15","date_gmt":"2014-10-13T09:28:15","guid":{"rendered":"http:\/\/klubmamgdynia.pl\/index.php\/produkt\/lena-zdrapywanka-tuba-wieza-eifla-1006226-norimpex-no1006226\/"},"modified":"2026-04-27T19:46:12","modified_gmt":"2026-04-27T17:46:12","slug":"lena-zdrapywanka-tuba-wieza-eifla-1006226-norimpex-no1006226","status":"publish","type":"product","link":"http:\/\/klubmamgdynia.pl\/index.php\/produkt\/lena-zdrapywanka-tuba-wieza-eifla-1006226-norimpex-no1006226\/","title":{"rendered":"Lena Zdrapywanka Tuba Wie\u017ca Eifla 1006226 Norimpex (NO1006226)"},"content":{"rendered":"<p>Zdrapywanka Wie\u017ca Eifla w tubie. Obrazy zdrapki to czarne arkusze kryj\u0105ce pod spodem przepi\u0119kne kolorowe obrazy do wydrapania. Zabawa polega na zdrapywaniu g\u00f3rnej warstwy czarnej farby specjalnym rysikiem, w zaznaczonych miejscach na arkuszach &#8211; co pozwala na stopniowe ods\u0142anianie pi\u0119knego, ukrytego rysunku. Jest to wspania\u0142a zabawa dla ka\u017cdego.Obrazy zdrapki to nie tylko zabawa, ale tak\u017ce \u0107wiczenie sprawno\u015bci manualnej oraz wyobra\u017ani przestrzennej u najm\u0142odszych, ale i te\u017c tych starszych. U\u0142atwieniem dla zabawy s\u0105 szare linie nadrukowane na ka\u017cdym z czarnych arkuszy wzd\u0142u\u017c kontur\u00f3w ukrytego obrazu.Rozmiar obrazu: 75&#215;52 cm.Zestaw zawiera: arkusz z obrazem, drapak, ta\u015bma klej\u0105ca do przylepienia kraw\u0119dzi, ta\u015bma dwustronna do zamontowania na powierzchni pionowej, ozdobne opakowanie -tuba.Wiek: 6+.<\/p>\n<h2>Lena Zdrapywanka Tuba Wie\u017ca Eifla 1006226 Norimpex (NO1006226) Lena<\/h2>\n<p>prezenty roczek, bajka krecik, ba\u015bniowe imiona \u017ce\u0144skie, trudne zagadki z odpowiedziami, test opowie\u015b\u0107 wigilijna, hymn g\u00f3rniczy, quiz o \u015bwi\u0119tach bo\u017cego narodzenia, \u017carty na prima aprilis dla mamy, felix net i nika oraz gang niewidzialnych ludzi quiz, zagadki na bal karnawa\u0142owy w przedszkolu, ozdoby wielkanocne kt\u00f3re mog\u0105 zrobi\u0107 dzieci<\/p>\n<p>yyyyy<\/p>\n<p>&nbsp;<\/p>\n","protected":false},"excerpt":{"rendered":"<p>Zdrapywanka Wie\u017ca Eifla w tubie. Obrazy zdrapki to czarne arkusze kryj\u0105ce pod spodem przepi\u0119kne kolorowe obrazy do wydrapania. Zabawa polega na zdrapywaniu g\u00f3rnej warstwy czarnej farby specjalnym rysikiem, w zaznaczonych miejscach na arkuszach &#8211; co pozwala na stopniowe ods\u0142anianie pi\u0119knego, ukrytego rysunku. Jest to wspania\u0142a zabawa dla ka\u017cdego.Obrazy zdrapki to nie tylko zabawa, ale tak\u017ce [&hellip;]<\/p>\n","protected":false},"featured_media":9462,"comment_status":"closed","ping_status":"open","template":"","meta":[],"product_cat":[531,21],"product_tag":[784,813,687],"class_list":["post-9461","product","type-product","status-publish","has-post-thumbnail","hentry","product_cat-lena","product_cat-zabawki-plastyczne","product_tag-hymn-gorniczy","product_tag-krotkie-zagadki-matematyczne-z-odpowiedziami","product_tag-podchwytliwe-zagadki-matematyczne"],"_links":{"self":[{"href":"http:\/\/klubmamgdynia.pl\/index.php\/wp-json\/wp\/v2\/product\/9461","targetHints":{"allow":["GET"]}}],"collection":[{"href":"http:\/\/klubmamgdynia.pl\/index.php\/wp-json\/wp\/v2\/product"}],"about":[{"href":"http:\/\/klubmamgdynia.pl\/index.php\/wp-json\/wp\/v2\/types\/product"}],"replies":[{"embeddable":true,"href":"http:\/\/klubmamgdynia.pl\/index.php\/wp-json\/wp\/v2\/comments?post=9461"}],"wp:featuredmedia":[{"embeddable":true,"href":"http:\/\/klubmamgdynia.pl\/index.php\/wp-json\/wp\/v2\/media\/9462"}],"wp:attachment":[{"href":"http:\/\/klubmamgdynia.pl\/index.php\/wp-json\/wp\/v2\/media?parent=9461"}],"wp:term":[{"taxonomy":"product_cat","embeddable":true,"href":"http:\/\/klubmamgdynia.pl\/index.php\/wp-json\/wp\/v2\/product_cat?post=9461"},{"taxonomy":"product_tag","embeddable":true,"href":"http:\/\/klubmamgdynia.pl\/index.php\/wp-json\/wp\/v2\/product_tag?post=9461"}],"curies":[{"name":"wp","href":"https:\/\/api.w.org\/{rel}","templated":true}]}}