{"id":9463,"date":"2023-03-04T07:59:02","date_gmt":"2023-03-04T06:59:02","guid":{"rendered":"http:\/\/klubmamgdynia.pl\/?post_type=product&#038;p=9463"},"modified":"2026-04-07T14:26:36","modified_gmt":"2026-04-07T12:26:36","slug":"tm-toys-banki-mydlane-fru-blu-plyn-5l","status":"publish","type":"product","link":"http:\/\/klubmamgdynia.pl\/index.php\/produkt\/tm-toys-banki-mydlane-fru-blu-plyn-5l\/","title":{"rendered":"Tm Toys Ba\u0144ki mydlane Fru Blu + p\u0142yn 5L"},"content":{"rendered":"<p>P\u0141YN DO ROBIENIA SUPER BANIEK MYDLANYCH &#8211; 5 LDoskona\u0142y p\u0142yn do robienia ogromnych, kolorowych i bardziej trwa\u0142ych baniek mydlanych.P\u0142yn jest robiony wed\u0142ug polskiej receptury i produkowany jest r\u00f3wnie\u017c w Polsce.Ba\u0144ki robione z p\u0142ynu SUPER BA\u0143KI MYDLANE s\u0105 bardziej wytrzyma\u0142e i mo\u017cna bawi\u0107 si\u0119 nimi na r\u00f3\u017cne sposoby: mo\u017cna je \u0142\u0105czy\u0107, delikatnie podrzuca\u0107 a nawet \u017conglowa\u0107!I wygl\u0105daj\u0105 przy tym niesamowicie, mieni\u0105 si\u0119 wszystkimi kolorami t\u0119czy!Du\u017cy p\u0142yn 5 litrowy, do robienia SUPER baniek mydlanych, to ogrom rado\u015bci z d\u0142uuugiej zabawy razem z Rodzin\u0105.P\u0142yn SUPER BA\u0143KI MYDLANE jest w 100% bezpieczny dla dzieci.<\/p>\n<h2>Tm Toys Ba\u0144ki mydlane Fru Blu + p\u0142yn 5L TM Toys<\/h2>\n<p>bajki dla dzieci do czytania na dobranoc, plan lekcji do druku, kuchcikowo przepisy dla dzieci, bajki na dobranoc psi patrol, pole dyniowe pozna\u0144, zabawy halloweenowe dla dzieci, asiunia &#8211; test z lektury pdf, kolorowanka europa, dobre zagadki logiczne, kolorowanki dla ch\u0142opc\u00f3w do druku, milosz imie, kolorowanki bajki, znaki drogowe test, zagadki \u015bwi\u0105teczne dla dzieci, bajka psi patrol do czytania, lol surprise kolorowanka, \u015bmieszne zagadki dla dzieci 10 lat<\/p>\n<p>yyyyy<\/p>\n<p>&nbsp;<\/p>\n","protected":false},"excerpt":{"rendered":"<p>P\u0141YN DO ROBIENIA SUPER BANIEK MYDLANYCH &#8211; 5 LDoskona\u0142y p\u0142yn do robienia ogromnych, kolorowych i bardziej trwa\u0142ych baniek mydlanych.P\u0142yn jest robiony wed\u0142ug polskiej receptury i produkowany jest r\u00f3wnie\u017c w Polsce.Ba\u0144ki robione z p\u0142ynu SUPER BA\u0143KI MYDLANE s\u0105 bardziej wytrzyma\u0142e i mo\u017cna bawi\u0107 si\u0119 nimi na r\u00f3\u017cne sposoby: mo\u017cna je \u0142\u0105czy\u0107, delikatnie podrzuca\u0107 a nawet \u017conglowa\u0107!I [&hellip;]<\/p>\n","protected":false},"featured_media":9464,"comment_status":"closed","ping_status":"open","template":"","meta":[],"product_cat":[472,145],"product_tag":[596,771,746,600],"class_list":["post-9463","product","type-product","status-publish","has-post-thumbnail","hentry","product_cat-banki-mydlane","product_cat-tm-toys","product_tag-pomysly-na-prima-aprilis","product_tag-stolice-europy-quiz","product_tag-zagadki-typu-co-to-jest","product_tag-zaproszenia-na-urodziny-do-druku"],"_links":{"self":[{"href":"http:\/\/klubmamgdynia.pl\/index.php\/wp-json\/wp\/v2\/product\/9463","targetHints":{"allow":["GET"]}}],"collection":[{"href":"http:\/\/klubmamgdynia.pl\/index.php\/wp-json\/wp\/v2\/product"}],"about":[{"href":"http:\/\/klubmamgdynia.pl\/index.php\/wp-json\/wp\/v2\/types\/product"}],"replies":[{"embeddable":true,"href":"http:\/\/klubmamgdynia.pl\/index.php\/wp-json\/wp\/v2\/comments?post=9463"}],"wp:featuredmedia":[{"embeddable":true,"href":"http:\/\/klubmamgdynia.pl\/index.php\/wp-json\/wp\/v2\/media\/9464"}],"wp:attachment":[{"href":"http:\/\/klubmamgdynia.pl\/index.php\/wp-json\/wp\/v2\/media?parent=9463"}],"wp:term":[{"taxonomy":"product_cat","embeddable":true,"href":"http:\/\/klubmamgdynia.pl\/index.php\/wp-json\/wp\/v2\/product_cat?post=9463"},{"taxonomy":"product_tag","embeddable":true,"href":"http:\/\/klubmamgdynia.pl\/index.php\/wp-json\/wp\/v2\/product_tag?post=9463"}],"curies":[{"name":"wp","href":"https:\/\/api.w.org\/{rel}","templated":true}]}}