{"id":9469,"date":"2021-03-16T00:07:12","date_gmt":"2021-03-15T23:07:12","guid":{"rendered":"http:\/\/klubmamgdynia.pl\/index.php\/produkt\/scratch-scratch-puzzle-magnetyczne-ksiazka-podrozna-stworki-2-obrazki-40el\/"},"modified":"2026-04-23T19:17:52","modified_gmt":"2026-04-23T17:17:52","slug":"scratch-scratch-puzzle-magnetyczne-ksiazka-podrozna-stworki-2-obrazki-40el","status":"publish","type":"product","link":"http:\/\/klubmamgdynia.pl\/index.php\/produkt\/scratch-scratch-puzzle-magnetyczne-ksiazka-podrozna-stworki-2-obrazki-40el\/","title":{"rendered":"Scratch Scratch Puzzle Magnetyczne Ksi\u0105\u017cka Podr\u00f3\u017cna Stworki 2 Obrazki 40El."},"content":{"rendered":"<p>Puzzle magnetyczne w formie rozk\u0142adanej ksi\u0105\u017ceczki to \u015bwietny zabawa dla ka\u017cdego malucha. Por\u0119czna forma rozk\u0142adanej ksi\u0105\u017ceczki doskonale sprawdza si\u0119 nie tylko w domu, ale r\u00f3wnie\u017c w podr\u00f3\u017cy. Zestaw sk\u0142ada si\u0119 z dw\u00f3ch obrazk\u00f3w do u\u0142o\u017cenia, ka\u017cdy po 20 elemet\u00f3w. Wzory obrazk\u00f3w do u\u0142o\u017cenia s\u0105 r\u00f3wnie\u017c w zestawie &#8211; wystarczy roz\u0142o\u017cy\u0107 ksi\u0105\u017ceczk\u0119 i mo\u017cna uk\u0142ada\u0107 puzzle patrz\u0105c na obrazek.Ksi\u0105\u017ceczka jest bardzo por\u0119czna. Z\u0142o\u017cona ma rozmiar 18 x 18 x 2 cm, a po roz\u0142o\u017ceniu 54 x 18 cmWielko\u015b\u0107 obrazka po u\u0142o\u017ceniu: 18 x 18 cm. Wielko\u015b\u0107 pojedynczego puzzla: 4 x 5 cm. Ilo\u015b\u0107 puzzli : 2 obrazki, ka\u017cdy po 20 element\u00f3wWiek: 3 +<\/p>\n<h2>Scratch Scratch Puzzle Magnetyczne Ksi\u0105\u017cka Podr\u00f3\u017cna Stworki 2 Obrazki 40El. Scratch<\/h2>\n<p>znane misie z film\u00f3w animowanych, bajki na dobranoc, felix net i nika oraz gang niewidzialnych ludzi quiz, prezent dla nastolatk\u00f3w 2021, bajki dla dzieci czytane, test z lektury asiunia joanna papuzi\u0144ska, podchwytliwe zagadki dla dzieci, eksperymenty dla dzieci wulkan, origami dla dzieci, ela znaczenie imienia, kolorowanka lol surprise, \u015bmieszne \u0142ama\u0144ce j\u0119zykowe<\/p>\n<p>yyyyy<\/p>\n<p>&nbsp;<\/p>\n","protected":false},"excerpt":{"rendered":"<p>Puzzle magnetyczne w formie rozk\u0142adanej ksi\u0105\u017ceczki to \u015bwietny zabawa dla ka\u017cdego malucha. Por\u0119czna forma rozk\u0142adanej ksi\u0105\u017ceczki doskonale sprawdza si\u0119 nie tylko w domu, ale r\u00f3wnie\u017c w podr\u00f3\u017cy. Zestaw sk\u0142ada si\u0119 z dw\u00f3ch obrazk\u00f3w do u\u0142o\u017cenia, ka\u017cdy po 20 elemet\u00f3w. Wzory obrazk\u00f3w do u\u0142o\u017cenia s\u0105 r\u00f3wnie\u017c w zestawie &#8211; wystarczy roz\u0142o\u017cy\u0107 ksi\u0105\u017ceczk\u0119 i mo\u017cna uk\u0142ada\u0107 puzzle [&hellip;]<\/p>\n","protected":false},"featured_media":9470,"comment_status":"closed","ping_status":"open","template":"","meta":[],"product_cat":[90,1824],"product_tag":[802,688,774,592],"class_list":["post-9469","product","type-product","status-publish","has-post-thumbnail","hentry","product_cat-puzzle","product_cat-scratch","product_tag-co-kupic-dziewczynce-na-roczek","product_tag-kolysanki-tekst","product_tag-prezent-na-roczek-nie-zabawka","product_tag-zagadki-dla-dzieci"],"_links":{"self":[{"href":"http:\/\/klubmamgdynia.pl\/index.php\/wp-json\/wp\/v2\/product\/9469","targetHints":{"allow":["GET"]}}],"collection":[{"href":"http:\/\/klubmamgdynia.pl\/index.php\/wp-json\/wp\/v2\/product"}],"about":[{"href":"http:\/\/klubmamgdynia.pl\/index.php\/wp-json\/wp\/v2\/types\/product"}],"replies":[{"embeddable":true,"href":"http:\/\/klubmamgdynia.pl\/index.php\/wp-json\/wp\/v2\/comments?post=9469"}],"wp:featuredmedia":[{"embeddable":true,"href":"http:\/\/klubmamgdynia.pl\/index.php\/wp-json\/wp\/v2\/media\/9470"}],"wp:attachment":[{"href":"http:\/\/klubmamgdynia.pl\/index.php\/wp-json\/wp\/v2\/media?parent=9469"}],"wp:term":[{"taxonomy":"product_cat","embeddable":true,"href":"http:\/\/klubmamgdynia.pl\/index.php\/wp-json\/wp\/v2\/product_cat?post=9469"},{"taxonomy":"product_tag","embeddable":true,"href":"http:\/\/klubmamgdynia.pl\/index.php\/wp-json\/wp\/v2\/product_tag?post=9469"}],"curies":[{"name":"wp","href":"https:\/\/api.w.org\/{rel}","templated":true}]}}