{"id":9475,"date":"2012-01-26T18:47:21","date_gmt":"2012-01-26T17:47:21","guid":{"rendered":"http:\/\/klubmamgdynia.pl\/index.php\/produkt\/sterylizator-mikrofalowy-do-butelek-i-smoczkow-nuby-natural-touch\/"},"modified":"2026-04-06T01:34:45","modified_gmt":"2026-04-05T23:34:45","slug":"sterylizator-mikrofalowy-do-butelek-i-smoczkow-nuby-natural-touch","status":"publish","type":"product","link":"http:\/\/klubmamgdynia.pl\/index.php\/produkt\/sterylizator-mikrofalowy-do-butelek-i-smoczkow-nuby-natural-touch\/","title":{"rendered":"Sterylizator mikrofalowy do butelek i smoczk\u00f3w, Nuby Natural Touch"},"content":{"rendered":"<p>Sterylizator parowy firmy Nuby Natural TouchNajszybsza i najbardziej skuteczna metoda sterylizacji sprz\u0119tu do karmienia!Sterylizator parowy mo\u017ce pomie\u015bci\u0107 do czterech butelek, ich sterylno\u015b\u0107 utrzymuje si\u0119 do trzech godzinWystarcz\u0105 trzy proste kroki, a akcesoria do karmienia dziecka b\u0119d\u0105 czyste i wolne od zarazk\u00f3w.Sterylizator nie zawiera BPA&#8230;.<\/p>\n<h2>Sterylizator mikrofalowy do butelek i smoczk\u00f3w, Nuby Natural Touch NUBY Natural Touch<\/h2>\n<p>sonia imi\u0119, zagadki dla dzieci 5 lat, cytaty o przyja\u017ani ma\u0142y ksi\u0105\u017c\u0119, smieszne zagadki<\/p>\n<p>yyyyy<\/p>\n<p>&nbsp;<\/p>\n","protected":false},"excerpt":{"rendered":"<p>Sterylizator parowy firmy Nuby Natural TouchNajszybsza i najbardziej skuteczna metoda sterylizacji sprz\u0119tu do karmienia!Sterylizator parowy mo\u017ce pomie\u015bci\u0107 do czterech butelek, ich sterylno\u015b\u0107 utrzymuje si\u0119 do trzech godzinWystarcz\u0105 trzy proste kroki, a akcesoria do karmienia dziecka b\u0119d\u0105 czyste i wolne od zarazk\u00f3w.Sterylizator nie zawiera BPA&#8230;. Sterylizator mikrofalowy do butelek i smoczk\u00f3w, Nuby Natural Touch NUBY Natural [&hellip;]<\/p>\n","protected":false},"featured_media":9476,"comment_status":"closed","ping_status":"open","template":"","meta":[],"product_cat":[1825,1696],"product_tag":[818,643,774,841,672,824],"class_list":["post-9475","product","type-product","status-publish","has-post-thumbnail","hentry","product_cat-nuby-natural-touch","product_cat-podgrzewacze-i-sterylizatory","product_tag-oliwier","product_tag-prezent-dla-17-latki","product_tag-prezent-na-roczek-nie-zabawka","product_tag-quiz-o-flagach","product_tag-trudne-zagadki-z-odpowiedziami","product_tag-warszawa-atrakcje-dla-dzieci"],"_links":{"self":[{"href":"http:\/\/klubmamgdynia.pl\/index.php\/wp-json\/wp\/v2\/product\/9475","targetHints":{"allow":["GET"]}}],"collection":[{"href":"http:\/\/klubmamgdynia.pl\/index.php\/wp-json\/wp\/v2\/product"}],"about":[{"href":"http:\/\/klubmamgdynia.pl\/index.php\/wp-json\/wp\/v2\/types\/product"}],"replies":[{"embeddable":true,"href":"http:\/\/klubmamgdynia.pl\/index.php\/wp-json\/wp\/v2\/comments?post=9475"}],"wp:featuredmedia":[{"embeddable":true,"href":"http:\/\/klubmamgdynia.pl\/index.php\/wp-json\/wp\/v2\/media\/9476"}],"wp:attachment":[{"href":"http:\/\/klubmamgdynia.pl\/index.php\/wp-json\/wp\/v2\/media?parent=9475"}],"wp:term":[{"taxonomy":"product_cat","embeddable":true,"href":"http:\/\/klubmamgdynia.pl\/index.php\/wp-json\/wp\/v2\/product_cat?post=9475"},{"taxonomy":"product_tag","embeddable":true,"href":"http:\/\/klubmamgdynia.pl\/index.php\/wp-json\/wp\/v2\/product_tag?post=9475"}],"curies":[{"name":"wp","href":"https:\/\/api.w.org\/{rel}","templated":true}]}}