{"id":9479,"date":"2013-07-06T07:40:43","date_gmt":"2013-07-06T05:40:43","guid":{"rendered":"http:\/\/klubmamgdynia.pl\/index.php\/produkt\/lamion-latarnia-domek-swiecznik-metalowy\/"},"modified":"2026-05-17T22:17:20","modified_gmt":"2026-05-17T20:17:20","slug":"lamion-latarnia-domek-swiecznik-metalowy","status":"publish","type":"product","link":"http:\/\/klubmamgdynia.pl\/index.php\/produkt\/lamion-latarnia-domek-swiecznik-metalowy\/","title":{"rendered":"Lamion Latarnia Domek \u015awiecznik Metalowy"},"content":{"rendered":"<p>Lampion \u015bwiecznik domekSymbol: 10-1582Doskona\u0142y dodatek do wn\u0119trz. Urzeka swoim nietuzinkowym wyrazem i przykuwa uwag\u0119, idealnie wpasuj\u0119 si\u0119 do naszych wn\u0119trz i zaskoczy przybywaj\u0105cych go\u015bci swoim oryginalnym desingem.Matria\u0142:metalWymiary:40 cm x 15 cm x 15 cmKolory przedmiot\u00f3w na zdj\u0119ciach mog\u0105 nieznacznie r\u00f3\u017cni\u0107 si\u0119 od tych w rzeczywisto\u015bci w zale\u017cno\u015bci od ustawie\u0144 monitora.<\/p>\n<h2>Lamion Latarnia Domek \u015awiecznik Metalowy <\/h2>\n<p>kolorowanki do druku konie, przyjazn, adriana znaczenie imienia, imi\u0119 r\u00f3\u017ca, harry potter kolorowanka, bajka o miko\u0142aju do czytania<\/p>\n<p>yyyyy<\/p>\n<p>&nbsp;<\/p>\n","protected":false},"excerpt":{"rendered":"<p>Lampion \u015bwiecznik domekSymbol: 10-1582Doskona\u0142y dodatek do wn\u0119trz. Urzeka swoim nietuzinkowym wyrazem i przykuwa uwag\u0119, idealnie wpasuj\u0119 si\u0119 do naszych wn\u0119trz i zaskoczy przybywaj\u0105cych go\u015bci swoim oryginalnym desingem.Matria\u0142:metalWymiary:40 cm x 15 cm x 15 cmKolory przedmiot\u00f3w na zdj\u0119ciach mog\u0105 nieznacznie r\u00f3\u017cni\u0107 si\u0119 od tych w rzeczywisto\u015bci w zale\u017cno\u015bci od ustawie\u0144 monitora. Lamion Latarnia Domek \u015awiecznik Metalowy [&hellip;]<\/p>\n","protected":false},"featured_media":9480,"comment_status":"closed","ping_status":"open","template":"","meta":[],"product_cat":[555],"product_tag":[837,688,830,635],"class_list":["post-9479","product","type-product","status-publish","has-post-thumbnail","hentry","product_cat-dzieciece-akcesoria-dekoracyjne","product_tag-cicha-noc-po-angielsku","product_tag-kolysanki-tekst","product_tag-rodzina-cytaty","product_tag-znaki-drogowe-do-druku"],"_links":{"self":[{"href":"http:\/\/klubmamgdynia.pl\/index.php\/wp-json\/wp\/v2\/product\/9479","targetHints":{"allow":["GET"]}}],"collection":[{"href":"http:\/\/klubmamgdynia.pl\/index.php\/wp-json\/wp\/v2\/product"}],"about":[{"href":"http:\/\/klubmamgdynia.pl\/index.php\/wp-json\/wp\/v2\/types\/product"}],"replies":[{"embeddable":true,"href":"http:\/\/klubmamgdynia.pl\/index.php\/wp-json\/wp\/v2\/comments?post=9479"}],"wp:featuredmedia":[{"embeddable":true,"href":"http:\/\/klubmamgdynia.pl\/index.php\/wp-json\/wp\/v2\/media\/9480"}],"wp:attachment":[{"href":"http:\/\/klubmamgdynia.pl\/index.php\/wp-json\/wp\/v2\/media?parent=9479"}],"wp:term":[{"taxonomy":"product_cat","embeddable":true,"href":"http:\/\/klubmamgdynia.pl\/index.php\/wp-json\/wp\/v2\/product_cat?post=9479"},{"taxonomy":"product_tag","embeddable":true,"href":"http:\/\/klubmamgdynia.pl\/index.php\/wp-json\/wp\/v2\/product_tag?post=9479"}],"curies":[{"name":"wp","href":"https:\/\/api.w.org\/{rel}","templated":true}]}}