{"id":9481,"date":"2013-11-02T06:57:28","date_gmt":"2013-11-02T05:57:28","guid":{"rendered":"http:\/\/klubmamgdynia.pl\/index.php\/produkt\/bayer-wozek-gleboki-dla-lalki-trendy-rozowy-13002aa\/"},"modified":"2026-04-07T01:36:42","modified_gmt":"2026-04-06T23:36:42","slug":"bayer-wozek-gleboki-dla-lalki-trendy-rozowy-13002aa","status":"publish","type":"product","link":"http:\/\/klubmamgdynia.pl\/index.php\/produkt\/bayer-wozek-gleboki-dla-lalki-trendy-rozowy-13002aa\/","title":{"rendered":"Bayer W\u00f3zek g\u0142\u0119boki dla lalki Trendy r\u00f3\u017cowy 13002AA"},"content":{"rendered":"<p>Dziewczynki uwielbiaj\u0105 opiekowa\u0107 si\u0119 swoimi lalkami. Najlepsza zabawa jest wtedy, gdy maj\u0105 do dyspozycji akcesoria zbli\u017cone wygl\u0105dem oraz funkcjami do tych prawdziwych. W\u00f3zek dla lalek z pewno\u015bci\u0105 spe\u0142ni oczekiwania naszych ma\u0142ych opiekunek.Trendy to pi\u0119kny, nowoczesny i kolorowy w\u00f3zek dla lalek. W\u00f3zek zosta\u0142 stworzony dla lalek o wysoko\u015bci 46 cm. Dzi\u0119ki regulowanemu uchwytowi w\u00f3zek jest odpowiedni tak\u017ce dla ma\u0142ych dziewczynek. Ponadto w\u00f3zek mo\u017cna szybko z\u0142o\u017cy\u0107, co u\u0142atwia transport. Zintegrowany koszyk na zakupy, mo\u017ce pomie\u015bci\u0107 wszystko, co jest potrzebne na wycieczk\u0119 dla mamy i jej ukochanej lalki.Dzi\u0119ki nowoczesnemu wzornictwu i modnej kolorystyce w\u00f3zek nie tylko przyci\u0105ga wzrok, ale tak\u017ce przekonuje wieloma funkcjami. Jedn\u0105 z atrakcji jest torba na rami\u0119 w dopasowanej kolorystyce, w kt\u00f3rej mo\u017cna \u0142atwo przechowywa\u0107 inne zabawki lub akcesoria dla lalek.G\u0142\u00f3wne cechy produktu:Producent BayerDla dzieci od 3 roku \u017cyciaW\u00f3zek dla lalek TrendySk\u0142adany daszekErgonomiczny uchwytRegulowana r\u0105czka: 39-68 cmTorba na potrzebne akcesoriaDla lalek o wysoko\u015bci: 46 cmWymiary:67 x 41 x 68 cmWysoka jako\u015b\u0107 wykonania<\/p>\n<h2>Bayer W\u00f3zek g\u0142\u0119boki dla lalki Trendy r\u00f3\u017cowy 13002AA Bayer Design<\/h2>\n<p>fajne rzeczy dla nastolatk\u00f3w, walentynka kolorowanka, paloma, co kupic na roczek, zagadki dla 8 latka<\/p>\n<p>yyyyy<\/p>\n<p>&nbsp;<\/p>\n","protected":false},"excerpt":{"rendered":"<p>Dziewczynki uwielbiaj\u0105 opiekowa\u0107 si\u0119 swoimi lalkami. Najlepsza zabawa jest wtedy, gdy maj\u0105 do dyspozycji akcesoria zbli\u017cone wygl\u0105dem oraz funkcjami do tych prawdziwych. W\u00f3zek dla lalek z pewno\u015bci\u0105 spe\u0142ni oczekiwania naszych ma\u0142ych opiekunek.Trendy to pi\u0119kny, nowoczesny i kolorowy w\u00f3zek dla lalek. W\u00f3zek zosta\u0142 stworzony dla lalek o wysoko\u015bci 46 cm. Dzi\u0119ki regulowanemu uchwytowi w\u00f3zek jest odpowiedni [&hellip;]<\/p>\n","protected":false},"featured_media":9482,"comment_status":"closed","ping_status":"open","template":"","meta":[],"product_cat":[1227,1098],"product_tag":[808,591,724,725],"class_list":["post-9481","product","type-product","status-publish","has-post-thumbnail","hentry","product_cat-bayer-design","product_cat-wozki-dla-lalek","product_tag-imie-mia","product_tag-quiz-o-minecraft","product_tag-zagadki-podchwytliwe","product_tag-zgadywanki"],"_links":{"self":[{"href":"http:\/\/klubmamgdynia.pl\/index.php\/wp-json\/wp\/v2\/product\/9481","targetHints":{"allow":["GET"]}}],"collection":[{"href":"http:\/\/klubmamgdynia.pl\/index.php\/wp-json\/wp\/v2\/product"}],"about":[{"href":"http:\/\/klubmamgdynia.pl\/index.php\/wp-json\/wp\/v2\/types\/product"}],"replies":[{"embeddable":true,"href":"http:\/\/klubmamgdynia.pl\/index.php\/wp-json\/wp\/v2\/comments?post=9481"}],"wp:featuredmedia":[{"embeddable":true,"href":"http:\/\/klubmamgdynia.pl\/index.php\/wp-json\/wp\/v2\/media\/9482"}],"wp:attachment":[{"href":"http:\/\/klubmamgdynia.pl\/index.php\/wp-json\/wp\/v2\/media?parent=9481"}],"wp:term":[{"taxonomy":"product_cat","embeddable":true,"href":"http:\/\/klubmamgdynia.pl\/index.php\/wp-json\/wp\/v2\/product_cat?post=9481"},{"taxonomy":"product_tag","embeddable":true,"href":"http:\/\/klubmamgdynia.pl\/index.php\/wp-json\/wp\/v2\/product_tag?post=9481"}],"curies":[{"name":"wp","href":"https:\/\/api.w.org\/{rel}","templated":true}]}}