{"id":9485,"date":"2013-06-20T09:24:46","date_gmt":"2013-06-20T07:24:46","guid":{"rendered":"http:\/\/klubmamgdynia.pl\/index.php\/produkt\/trefl-klocki-100el-60651\/"},"modified":"2026-05-17T22:46:08","modified_gmt":"2026-05-17T20:46:08","slug":"trefl-klocki-100el-60651","status":"publish","type":"product","link":"http:\/\/klubmamgdynia.pl\/index.php\/produkt\/trefl-klocki-100el-60651\/","title":{"rendered":"Trefl Klocki 100el. 60651"},"content":{"rendered":"<p>Trefl Klocki 100el. 60651Zestaw edukacyjny wykonany z jasnego, naturalnego drewna jest doskona\u0142\u0105 zabawk\u0105 og\u00f3lnorozwojow\u0105, kt\u00f3ra zach\u0119ca do wsp\u00f3lnej zabawy.\u00a0Rozwija kreatywno\u015b\u0107 oraz jest idealn\u0105 zabawk\u0105 do nauki nazw kszta\u0142t\u00f3w i kolor\u00f3w od najm\u0142odszych lat.100 Klock\u00f3w to wielobarwny zestaw licznych fi gur o r\u00f3\u017cnych wymiarach, kt\u00f3re daj\u0105 nieograniczone mo\u017cliwo\u015bci tworzenia w\u0142asnych konstrukcji.\u00a0Zabawka kszta\u0142tuje umiej\u0119tno\u015bci logicznego my\u015blenia i koncentracji, wzmacnia koordynacj\u0119 wzrokowo-ruchow\u0105, jak r\u00f3wnie\u017c wspomaga \u0107wiczenie zr\u0119czno\u015bci czy umiej\u0119tno\u015bci manualnych m.in. dzi\u0119ki mo\u017cliwo\u015bci dopasowania i wrzucenia\u00a0\u00a0klock\u00f3w do odpowiednich dziurek.\u00a0Wszystkie materia\u0142y wykorzystane do stworzenia zabawki\u00a0posiadaj\u0105 atesty, a tak\u017ce zosta\u0142y pomalowane nietoksycznymi\u00a0farbami.                            <\/p>\n<p>                     Sprawd\u017a inne zabawki drewniane Trefl:<\/p>\n<p>            Trefl Tablica Motywacyjna 60661<\/p>\n<p>                        od<br \/>\n                            47,93<br \/>\n                            z\u0142<\/p>\n<p>            Opinia od Gorzata2019-09-18<\/p>\n<p>                Bardzo \u0142adna i przydatna tablica, monitoruje zachowania dziecka ka\u017cdego dnia. Dzi\u0119ki systematycznemu uzupe\u0142nieniu dziecko uczy si\u0119 odpowiedzialno\u015bci.<\/p>\n<p>            Trefl Zabawka Drewniana Tik Tak Czasu Znak 60640<\/p>\n<p>                        od<br \/>\n                            25,99<br \/>\n                            z\u0142<\/p>\n<p>            Opinia od S&#8230;i2021-04-08<\/p>\n<p>                jestem bardzo zadowolona z zakupu, szybko i tanio, zabawka bardzo \u0142adna<\/p>\n<p>            Trefl Sorter Kszta\u0142t\u00f3w Figurki Hop Do Dziurki 60639<\/p>\n<p>                        od<br \/>\n                            51,68<br \/>\n                            z\u0142<\/p>\n<p>            Opinia od Joanna2019-03-26<\/p>\n<p>                \u0141adnie wykonany sorter, \u017cywe kolory, \u0142atwy w obs\u0142udz\u0119. Dziecko obraca go by wrzuci\u0107 element do otworu na odpowiedniej \u015bcianc\u0119, elementy s\u0105 wytrzyma\u0142e na uszkodzenia. Wcze\u015bniej kupowa\u0142am zabawki raczej z innych firm, ale musz\u0119 przyzna\u0107, \u017ce ten produkt firmy Trefl bardzo mi si\u0119 spodoba\u0142. <\/p>\n<p>            Trefl Tadek Nied\u017awiadek 60635<\/p>\n<p>                        od<br \/>\n                            18,90<br \/>\n                            z\u0142<\/p>\n<p>            Opinia od U\u017cytkownik Ceneo2017-12-18<\/p>\n<p>                Zabawka kolorowa, \u0142adna i zach\u0119caj\u0105ca do zabawy. Zabawka jeszcze nie by\u0142a u\u017cywana wi\u0119c nie wiem jak z jej trwa\u0142o\u015bci\u0105.<\/p>\n<p>            Trefl Zabawka Drewniana Policja 60999<\/p>\n<p>                        od<br \/>\n                            24,44<br \/>\n                            z\u0142<\/p>\n<p>            Opinia od paulina2020-01-07<\/p>\n<p>                bardzo fajna zabawka i skle, szybka przesy\u0142ka<\/p>\n<p>            Trefl Edu Ciuch Ciuch 60642<\/p>\n<p>                        od<br \/>\n                            55,00<br \/>\n                            z\u0142<\/p>\n<p>            Opinia od waldemar2017-09-14<\/p>\n<p>                super \ud83d\ude42<\/p>\n<p>            Trefl 123 Liczysz Ty! 60646<\/p>\n<p>                        od<br \/>\n                            52,00<br \/>\n                            z\u0142<\/p>\n<p>            Opinia od Dorota2018-04-19<\/p>\n<p>                Rewelacja<\/p>\n<p>            Trefl Pingwinek Marcinek 60648<\/p>\n<p>                        od<br \/>\n                            39,00<br \/>\n                            z\u0142<\/p>\n<p>            Opinia od supter*****2021-12-17<\/p>\n<p>                Fajna zabawka<\/p>\n<p>            Trefl Asia Pasia 60636<\/p>\n<p>                        od<br \/>\n                            18,90<br \/>\n                            z\u0142<\/p>\n<p>            Opinia od Basia2019-01-11<\/p>\n<p>                Produkt dobrej jako\u015bci, \u0142adnie wykonany i \u0142adnie wygl\u0105da. Kupowany dla dziecka l.2. Polecam. <\/p>\n<p>            Trefl Cyferkowy Zawr\u00f3t G\u0142owy Zabawka Drewniana 61405<\/p>\n<p>                        od<br \/>\n                            39,70<br \/>\n                            z\u0142<\/p>\n<p>            Opinia od t&#8230;32021-10-13<\/p>\n<p>                Stan Bardzo dobry \ud83d\ude42<\/p>\n<p>            Trefl Wybijak Akuku Stuku Puku 60649<\/p>\n<p>                        od<br \/>\n                            34,00<br \/>\n                            z\u0142<\/p>\n<p>            Opinia od i&#8230;62020-07-24<\/p>\n<p>                Wykonanie, jako\u015b\u0107 bardzo dobre<\/p>\n<p>            Trefl Paw Pawe\u0142 60790<\/p>\n<p>                        od<br \/>\n                            25,37<br \/>\n                            z\u0142<\/p>\n<p>            Opinia od Ala2019-01-09<\/p>\n<p>                zabawka doskonale rozwija umiej\u0119tno\u015bci manualne dziecka, estetyczna, \u0142adne kolory<\/p>\n<p>            Trefl Drewniane Autko Koparka 61141<\/p>\n<p>                        od<br \/>\n                            29,38<br \/>\n                            z\u0142<\/p>\n<p>            Opinia od b&#8230;72022-06-01<\/p>\n<p>                Dobra jako\u015b\u0107 za przyst\u0119pn\u0105 cen\u0119.<\/p>\n<p>            Trefl Drewniana Uk\u0142adanka Zwierzaki Figuraki 60657<\/p>\n<p>                        od<br \/>\n                            23,89<br \/>\n                            z\u0142<\/p>\n<p>            Opinia od Kasia2017-12-20<\/p>\n<p>                Pi\u0119kne kolory, wykonane solidnie <\/p>\n<p>            Trefl Przebijanka drewniana Bobaski i Mi\u015b 61502<\/p>\n<p>                        od<br \/>\n                            24,90<br \/>\n                            z\u0142<\/p>\n<p>            Opinia od h&#8230;a2021-12-02<\/p>\n<p>                Bardzo dobre, solidne wykonanie, \u015bwietna zabawka dla mojego rocznego wnuka<\/p>\n<p>            Trefl Zabawka Drewniana Stra\u017c 60998<\/p>\n<p>                        od<br \/>\n                            21,31<br \/>\n                            z\u0142<\/p>\n<p>            Opinia od z&#8230;r2020-12-23<\/p>\n<p>                Taki jak mia\u0142  by\u0107 <\/p>\n<p>            Trefl Krokodylek Emilek 60659<\/p>\n<p>                        od<br \/>\n                            23,00<br \/>\n                            z\u0142<\/p>\n<p>            Opinia od p&#8230;a2020-12-08<\/p>\n<p>                Solidna drewniana zabawka<\/p>\n<p>            Trefl \u015amigi Wy\u015bcigi 60645<\/p>\n<p>                        od<br \/>\n                            59,99<br \/>\n                            z\u0142<\/p>\n<p>            Opinia od Agnieszka2018-10-01<\/p>\n<p>                Prosta zabawka, ale z du\u017cym potencja\u0142em. Dzieciom bardzo si\u0119 spodoba\u0142o &#8211; dobra dla ma\u0142ego fana motoryzacji, jak i dla starszej siostry \ud83d\ude09<\/p>\n<h2>Trefl Klocki 100el. 60651 Trefl<\/h2>\n<p>leon imi\u0119, jagna, podchwytliwe zagadki matematyczne, jak rozmawia\u0107 z dzie\u0107mi o wojnie, kolorowanka harry potter, prezent dla dziecka 1 rok, quizy flagi, po\u0142\u0105cz kropki do druku, zaproszenia na urodziny do wydruku, tekst o rodzinie, prezenty na roczek dla dziewczynki, prezent na roczek od babci, dawne ko\u0142ysanki teksty, motto dla nauczyciela, eksperymenty dla dzieci wulkan, kajko i kokosz szko\u0142a latania test z odpowiedziami, maska kota do druku, gabriel, wroc\u0142aw atrakcje dla m\u0142odzie\u017cy, \u015bmigus dyngus wiersz dla dzieci<\/p>\n<p>yyyyy<\/p>\n<p>&nbsp;<\/p>\n","protected":false},"excerpt":{"rendered":"<p>Trefl Klocki 100el. 60651Zestaw edukacyjny wykonany z jasnego, naturalnego drewna jest doskona\u0142\u0105 zabawk\u0105 og\u00f3lnorozwojow\u0105, kt\u00f3ra zach\u0119ca do wsp\u00f3lnej zabawy.\u00a0Rozwija kreatywno\u015b\u0107 oraz jest idealn\u0105 zabawk\u0105 do nauki nazw kszta\u0142t\u00f3w i kolor\u00f3w od najm\u0142odszych lat.100 Klock\u00f3w to wielobarwny zestaw licznych fi gur o r\u00f3\u017cnych wymiarach, kt\u00f3re daj\u0105 nieograniczone mo\u017cliwo\u015bci tworzenia w\u0142asnych konstrukcji.\u00a0Zabawka kszta\u0142tuje umiej\u0119tno\u015bci logicznego my\u015blenia i [&hellip;]<\/p>\n","protected":false},"featured_media":9486,"comment_status":"closed","ping_status":"open","template":"","meta":[],"product_cat":[113,104],"product_tag":[829,691,816,735,649],"class_list":["post-9485","product","type-product","status-publish","has-post-thumbnail","hentry","product_cat-klocki","product_cat-trefl","product_tag-bajki-do-czytania-na-dobranoc","product_tag-gabriel","product_tag-place-zabaw-warszawa","product_tag-prezent-na-roczek-dziewczynka","product_tag-zagadki-dla-nastolatkow"],"_links":{"self":[{"href":"http:\/\/klubmamgdynia.pl\/index.php\/wp-json\/wp\/v2\/product\/9485","targetHints":{"allow":["GET"]}}],"collection":[{"href":"http:\/\/klubmamgdynia.pl\/index.php\/wp-json\/wp\/v2\/product"}],"about":[{"href":"http:\/\/klubmamgdynia.pl\/index.php\/wp-json\/wp\/v2\/types\/product"}],"replies":[{"embeddable":true,"href":"http:\/\/klubmamgdynia.pl\/index.php\/wp-json\/wp\/v2\/comments?post=9485"}],"wp:featuredmedia":[{"embeddable":true,"href":"http:\/\/klubmamgdynia.pl\/index.php\/wp-json\/wp\/v2\/media\/9486"}],"wp:attachment":[{"href":"http:\/\/klubmamgdynia.pl\/index.php\/wp-json\/wp\/v2\/media?parent=9485"}],"wp:term":[{"taxonomy":"product_cat","embeddable":true,"href":"http:\/\/klubmamgdynia.pl\/index.php\/wp-json\/wp\/v2\/product_cat?post=9485"},{"taxonomy":"product_tag","embeddable":true,"href":"http:\/\/klubmamgdynia.pl\/index.php\/wp-json\/wp\/v2\/product_tag?post=9485"}],"curies":[{"name":"wp","href":"https:\/\/api.w.org\/{rel}","templated":true}]}}