{"id":9487,"date":"2018-06-20T01:41:10","date_gmt":"2018-06-19T23:41:10","guid":{"rendered":"http:\/\/klubmamgdynia.pl\/index.php\/produkt\/plus-plus-go-mini-tuba-200szt-fire-car\/"},"modified":"2026-04-27T23:40:30","modified_gmt":"2026-04-27T21:40:30","slug":"plus-plus-go-mini-tuba-200szt-fire-car","status":"publish","type":"product","link":"http:\/\/klubmamgdynia.pl\/index.php\/produkt\/plus-plus-go-mini-tuba-200szt-fire-car\/","title":{"rendered":"Plus-Plus Go! Mini Tuba 200Szt Fire Car"},"content":{"rendered":"<p>Zestaw zawiera 200 sztuk klock\u00f3w Mini (20 mm), 1 p\u0142ytk\u0119 konstrukcyjn\u0105 do budowy podwozia oraz 4 ko\u0142a. W zestawie znajduje si\u0119 r\u00f3wnie\u017c instrukcja krok po kroku jak zbudowa\u0107 w\u00f3z stra\u017cacki.Klocki du\u0144skiej firmy Plus-Plus rozwijaj\u0105 dzieci\u0119c\u0105 wyobra\u017ani\u0119. Charakteryzuj\u0105 si\u0119 wysok\u0105 dok\u0142adno\u015bci\u0105 wykonania. Prosty spos\u00f3b \u0142\u0105czenia, daje mo\u017cliwo\u015b\u0107 budowy zar\u00f3wno p\u0142askich jak i przestrzennych konstrukcji.Jedynym narz\u0119dziem jest dzieci\u0119ca wyobra\u017ania. Pomagaj\u0105 rozwija\u0107 zdolno\u015bci manualne i kreatywno\u015b\u0107 u dzieci. Polecamy je tak\u017ce starszym wielbicielom klock\u00f3w.Klocki Plus-Plus to du\u0144ski design w czystej postaci. Plus-Plus s\u0105 produkowane w fabryce w Danii z najwy\u017csz\u0105 staranno\u015bci\u0105, nie zawieraj\u0105 PVC oraz ftalan\u00f3w. Klocki spe\u0142niaj\u0105 europejskie normy bezpiecze\u0144stwa.Mo\u017cna \u0142\u0105czy\u0107 z innymi zestawami Mini. Klocki s\u0105 r\u00f3wnie atrakcyjne dla dziewczynek i dla ch\u0142opc\u00f3w w wieku od 3 do 12 lat.Wyprodukowano w DaniiWi<\/p>\n<h2>Plus-Plus Go! Mini Tuba 200Szt Fire Car Plus Plus<\/h2>\n<p>cytaty o dziecku i mamie, felix net i nika oraz gang niewidzialnych ludzi quiz, jak namalowa\u0107 psa, znaczenie imienia paula, halszka, ch\u0142opcy z placu broni &#8211; test, pa\u0144stwa miasta wz\u00f3r, kalina imi\u0119, pomys\u0142y na prezent dla nastolatk\u00f3w<\/p>\n<p>yyyyy<\/p>\n<p>&nbsp;<\/p>\n","protected":false},"excerpt":{"rendered":"<p>Zestaw zawiera 200 sztuk klock\u00f3w Mini (20 mm), 1 p\u0142ytk\u0119 konstrukcyjn\u0105 do budowy podwozia oraz 4 ko\u0142a. W zestawie znajduje si\u0119 r\u00f3wnie\u017c instrukcja krok po kroku jak zbudowa\u0107 w\u00f3z stra\u017cacki.Klocki du\u0144skiej firmy Plus-Plus rozwijaj\u0105 dzieci\u0119c\u0105 wyobra\u017ani\u0119. Charakteryzuj\u0105 si\u0119 wysok\u0105 dok\u0142adno\u015bci\u0105 wykonania. Prosty spos\u00f3b \u0142\u0105czenia, daje mo\u017cliwo\u015b\u0107 budowy zar\u00f3wno p\u0142askich jak i przestrzennych konstrukcji.Jedynym narz\u0119dziem jest [&hellip;]<\/p>\n","protected":false},"featured_media":9488,"comment_status":"closed","ping_status":"open","template":"","meta":[],"product_cat":[113,996],"product_tag":[838,686,853,656,645,630],"class_list":["post-9487","product","type-product","status-publish","has-post-thumbnail","hentry","product_cat-klocki","product_cat-plus-plus","product_tag-bajki-dla-dzieci-na-dobranoc","product_tag-co-na-roczek-dla-chlopca","product_tag-kolorowanki-do-druku-dla-doroslych","product_tag-kolorowanki-lol","product_tag-latwe-zagadki","product_tag-podchwytliwe-zagadki-z-odpowiedziami"],"_links":{"self":[{"href":"http:\/\/klubmamgdynia.pl\/index.php\/wp-json\/wp\/v2\/product\/9487","targetHints":{"allow":["GET"]}}],"collection":[{"href":"http:\/\/klubmamgdynia.pl\/index.php\/wp-json\/wp\/v2\/product"}],"about":[{"href":"http:\/\/klubmamgdynia.pl\/index.php\/wp-json\/wp\/v2\/types\/product"}],"replies":[{"embeddable":true,"href":"http:\/\/klubmamgdynia.pl\/index.php\/wp-json\/wp\/v2\/comments?post=9487"}],"wp:featuredmedia":[{"embeddable":true,"href":"http:\/\/klubmamgdynia.pl\/index.php\/wp-json\/wp\/v2\/media\/9488"}],"wp:attachment":[{"href":"http:\/\/klubmamgdynia.pl\/index.php\/wp-json\/wp\/v2\/media?parent=9487"}],"wp:term":[{"taxonomy":"product_cat","embeddable":true,"href":"http:\/\/klubmamgdynia.pl\/index.php\/wp-json\/wp\/v2\/product_cat?post=9487"},{"taxonomy":"product_tag","embeddable":true,"href":"http:\/\/klubmamgdynia.pl\/index.php\/wp-json\/wp\/v2\/product_tag?post=9487"}],"curies":[{"name":"wp","href":"https:\/\/api.w.org\/{rel}","templated":true}]}}