{"id":9491,"date":"2021-03-23T16:45:56","date_gmt":"2021-03-23T15:45:56","guid":{"rendered":"http:\/\/klubmamgdynia.pl\/index.php\/produkt\/playmobil-70775-miasto-akcji-customs-check\/"},"modified":"2026-04-06T02:37:24","modified_gmt":"2026-04-06T00:37:24","slug":"playmobil-70775-miasto-akcji-customs-check","status":"publish","type":"product","link":"http:\/\/klubmamgdynia.pl\/index.php\/produkt\/playmobil-70775-miasto-akcji-customs-check\/","title":{"rendered":"Playmobil 70775 Miasto Akcji Customs Check"},"content":{"rendered":"<p>Playmobil Kontrola celna 70775 4+Pracowity dzie\u0144 przed za\u0142og\u0105 Cargo! Oczywi\u015bcie w porcie Playmobil wszystko musi by\u0107 w porz\u0105dku. Celnicy sprawdzaj\u0105 wi\u0119c przywiezione towary i zwalniaj\u0105 je do dalszego transportu. Przy tak du\u017cej ilo\u015bci dostaw przywo\u017conych ka\u017cdego dnia jest wiele do zrobienia. Celnik sprawdza \u0142adunek ryb. Tutaj wszystko wygl\u0105da dobrze. Ale co to jest? Nagle ze skrzynki z ananasem wyskakuje du\u017cy paj\u0105k. Och, co za horror! Zwierz\u0119cy pasa\u017cer szybko ucieka.Zestaw zawiera:dwie figurki, solidn\u0105 palet\u0119, paj\u0105ka, cztery homary, cztery ko\u0142ki, pude\u0142ko z siatki, ananasy, walizk\u0119 i wiele innych dodatk\u00f3w<\/p>\n<h2>Playmobil 70775 Miasto Akcji Customs Check Playmobil<\/h2>\n<p>basen dla dzieci warszawa, prezent na 1 urodziny dla dziewczynki, kolorowanka peppa, cytaty o macierzy\u0144stwie, roczek prezent, bajka o piesku do czytania, gabriela, \u015bwi\u0119ty przemys\u0142aw, sa\u0142atki dla dzieci, motto dla nauczyciela, kolorowanka lego friends, quiz o ro\u015blinach, el\u017cbieta imie, nauka zegara zegar do druku, drzewo genealogiczne do druku<\/p>\n<p>yyyyy<\/p>\n<p>&nbsp;<\/p>\n","protected":false},"excerpt":{"rendered":"<p>Playmobil Kontrola celna 70775 4+Pracowity dzie\u0144 przed za\u0142og\u0105 Cargo! Oczywi\u015bcie w porcie Playmobil wszystko musi by\u0107 w porz\u0105dku. Celnicy sprawdzaj\u0105 wi\u0119c przywiezione towary i zwalniaj\u0105 je do dalszego transportu. Przy tak du\u017cej ilo\u015bci dostaw przywo\u017conych ka\u017cdego dnia jest wiele do zrobienia. Celnik sprawdza \u0142adunek ryb. Tutaj wszystko wygl\u0105da dobrze. Ale co to jest? Nagle ze [&hellip;]<\/p>\n","protected":false},"featured_media":9492,"comment_status":"closed","ping_status":"open","template":"","meta":[],"product_cat":[113,466],"product_tag":[656,605,639,770,595],"class_list":["post-9491","product","type-product","status-publish","has-post-thumbnail","hentry","product_cat-klocki","product_cat-playmobil","product_tag-kolorowanki-lol","product_tag-milena","product_tag-nela-imie","product_tag-samolot-z-papieru","product_tag-zagadki-dla-6-latka"],"_links":{"self":[{"href":"http:\/\/klubmamgdynia.pl\/index.php\/wp-json\/wp\/v2\/product\/9491","targetHints":{"allow":["GET"]}}],"collection":[{"href":"http:\/\/klubmamgdynia.pl\/index.php\/wp-json\/wp\/v2\/product"}],"about":[{"href":"http:\/\/klubmamgdynia.pl\/index.php\/wp-json\/wp\/v2\/types\/product"}],"replies":[{"embeddable":true,"href":"http:\/\/klubmamgdynia.pl\/index.php\/wp-json\/wp\/v2\/comments?post=9491"}],"wp:featuredmedia":[{"embeddable":true,"href":"http:\/\/klubmamgdynia.pl\/index.php\/wp-json\/wp\/v2\/media\/9492"}],"wp:attachment":[{"href":"http:\/\/klubmamgdynia.pl\/index.php\/wp-json\/wp\/v2\/media?parent=9491"}],"wp:term":[{"taxonomy":"product_cat","embeddable":true,"href":"http:\/\/klubmamgdynia.pl\/index.php\/wp-json\/wp\/v2\/product_cat?post=9491"},{"taxonomy":"product_tag","embeddable":true,"href":"http:\/\/klubmamgdynia.pl\/index.php\/wp-json\/wp\/v2\/product_tag?post=9491"}],"curies":[{"name":"wp","href":"https:\/\/api.w.org\/{rel}","templated":true}]}}