{"id":9493,"date":"2024-09-11T17:36:17","date_gmt":"2024-09-11T15:36:17","guid":{"rendered":"http:\/\/klubmamgdynia.pl\/?post_type=product&#038;p=9493"},"modified":"2026-04-27T20:30:13","modified_gmt":"2026-04-27T18:30:13","slug":"geomag-klocki-magnetyczne-zestaw-magicube-dzikie-zwierzeta-geo-145","status":"publish","type":"product","link":"http:\/\/klubmamgdynia.pl\/index.php\/produkt\/geomag-klocki-magnetyczne-zestaw-magicube-dzikie-zwierzeta-geo-145\/","title":{"rendered":"Geomag Klocki Magnetyczne Zestaw Magicube Dzikie Zwierz\u0119ta GEO-145"},"content":{"rendered":"<p>Geomag Klocki Magnetyczne Zestaw Magicube Dzikie Zwierz\u0119ta GEO-145Klocki magnetyczne dla najm\u0142odszych!\u015awiat zwierz\u0105t jest niesamowity, a jego odkrywanie mo\u017ce by\u0107 \u015bwietn\u0105 zabaw\u0105! Czy tygrysy mieszkaj\u0105 w d\u017cungli? Wykorzystaj klocki magnetyczne do nauki spostrzegawczo\u015bci poprzez zabaw\u0119. W zestawie znajduj\u0105 si\u0119 karty przedstawiaj\u0105ce zwierz\u0119ta, kt\u00f3re mo\u017cna u\u0142o\u017cy\u0107 wykorzystuj\u0105c Magicube. Spr\u00f3bujcie odtworzy\u0107 zwierzaki z kart lub wymy\u015blcie w\u0142asne, \u0142\u0105cz\u0105c dowolnie klocki! To naprawd\u0119 \u015bwietna zabawa!                            <\/p>\n<p>                    Sprawd\u017a inne zabawki Geomag:<\/p>\n<p>            Geomag Klocki Magnetyczne Panele 192el. GEO-464<\/p>\n<p>                        od<br \/>\n                            238,99<br \/>\n                            z\u0142<\/p>\n<p>                    Zobacz<\/p>\n<p>            Geomag Klocki Magnetyczne Mechanics Motion Re 3Magnetic Gears  160el. GEO-768<\/p>\n<p>                        od<br \/>\n                            170,99<br \/>\n                            z\u0142<\/p>\n<p>                    Zobacz<\/p>\n<p>            Geomag Klocki magnetyczne Mechanics Challenge RE Strike 185el. GEO-779<\/p>\n<p>                        od<br \/>\n                            138,00<br \/>\n                            z\u0142<\/p>\n<p>                    Zobacz<\/p>\n<p>            Geomag Klocki Magnetyczne Mechanics 222el. GEO-723<\/p>\n<p>                        od<br \/>\n                            322,56<br \/>\n                            z\u0142<\/p>\n<p>                    Zobacz<\/p>\n<p>            Geomag Klocki Magnetyczne Tazoo Paco 71el. KOR-602<\/p>\n<p>                        od<br \/>\n                            50,40<br \/>\n                            z\u0142<\/p>\n<p>                    Zobacz<\/p>\n<p>            Geomag Klocki Magnetyczne PRO-L 50el. GEO-022<\/p>\n<p>                        od<br \/>\n                            83,92<br \/>\n                            z\u0142<\/p>\n<p>                    Zobacz<\/p>\n<p>            Geomag Supercolor Panels Recycled Klocki magnetyczne 52el. GEO-378<\/p>\n<p>                        od<br \/>\n                            99,00<br \/>\n                            z\u0142<\/p>\n<p>                    Zobacz<\/p>\n<p>            Geomag Klocki Magnetyczne Pro-L 75el. GEO-023<\/p>\n<p>                        od<br \/>\n                            127,65<br \/>\n                            z\u0142<\/p>\n<p>                    Zobacz<\/p>\n<p>            Geomag Klocki Magnetyczne 84el. Nasa Rakieta GEO-810<\/p>\n<p>                        od<br \/>\n                            89,99<br \/>\n                            z\u0142<\/p>\n<p>                    Zobacz<\/p>\n<p>            Geomag Klocki Magnetyczne Mechanics Gravity 169el. GEO-773<\/p>\n<p>                        od<br \/>\n                            197,00<br \/>\n                            z\u0142<\/p>\n<p>                    Zobacz<\/p>\n<p>            Geomag Klocki Magnetyczne Mechanics 86el. GEO-721<\/p>\n<p>                        od<br \/>\n                            99,00<br \/>\n                            z\u0142<\/p>\n<p>                    Zobacz<\/p>\n<p>            Geomag Klocki magnetyczne Glitter Recycled 60el. GEO-536<\/p>\n<p>                        od<br \/>\n                            96,00<br \/>\n                            z\u0142<\/p>\n<p>                    Zobacz<\/p>\n<p>            Geomag Klocki Magnetyczne Magicube S\u0142owa + Klipsy 79el. GEO-084<\/p>\n<p>                        od<br \/>\n                            139,99<br \/>\n                            z\u0142<\/p>\n<p>                    Zobacz<\/p>\n<p>            Geomag Klocki Magnetyczne Glow 22el. GEO-334<\/p>\n<p>                        od<br \/>\n                            29,85<br \/>\n                            z\u0142<\/p>\n<p>                    Zobacz<\/p>\n<p>            Geomag Klocki Magnetyczne Mechanics Gravity Re Elev Circuit  207el. GEO-765<\/p>\n<p>                        od<br \/>\n                            149,90<br \/>\n                            z\u0142<\/p>\n<p>                    Zobacz<\/p>\n<p>            Geomag Klocki Magnetyczne 2.0 Blue 55el. KOR-673<\/p>\n<p>                        od<br \/>\n                            82,11<br \/>\n                            z\u0142<\/p>\n<p>                    Zobacz<\/p>\n<p>            Geomag Klocki Magnetyczne Wheels Jasnoniebieski Team Nitro 25el. GEO-711<\/p>\n<p>                        od<br \/>\n                            39,98<br \/>\n                            z\u0142<\/p>\n<p>                    Zobacz<\/p>\n<p>            Geomag Klocki Magnetyczne Masterbox Panele Kolory Ciep\u0142e 148el. GEO-164<\/p>\n<p>                        od<br \/>\n                            227,46<br \/>\n                            z\u0142<\/p>\n<p>                    Zobacz<\/p>\n<p>            Geomag Klocki Magnetyczne Magicube FullColor Recycled Try me 16el. GEO-067<\/p>\n<p>                        od<br \/>\n                            112,05<br \/>\n                            z\u0142<\/p>\n<p>                    Zobacz<\/p>\n<p>            Geomag Klocki Magnetyczne PRO-L 110el. GEO-024<\/p>\n<p>                        od<br \/>\n                            206,87<br \/>\n                            z\u0142<\/p>\n<p>                    Zobacz<\/p>\n<p>            Geomag Klocki Magnetyczne Mechanics Gravity Re Vertical Motor  183el. GEO-764<\/p>\n<p>                        od<br \/>\n                            124,99<br \/>\n                            z\u0142<\/p>\n<p>                    Zobacz<\/p>\n<p>            Geomag Klocki magnetyczne Glow Recycled 60el. GEO-338<\/p>\n<p>                        od<br \/>\n                            122,00<br \/>\n                            z\u0142<\/p>\n<p>                    Zobacz<\/p>\n<p>            Geomag Klocki Magnetyczne Magicube Matematyka + Klipsy 61el. GEO-083<\/p>\n<p>                        od<br \/>\n                            139,99<br \/>\n                            z\u0142<\/p>\n<p>                    Zobacz<\/p>\n<p>            Geomag Klocki Magnetyczne Klasyczne 142el. GEO-274<\/p>\n<p>                        od<br \/>\n                            208,00<br \/>\n                            z\u0142<\/p>\n<p>                    Zobacz<\/p>\n<p>            Geomag Klocki magnetyczne Mechanics Challenge 96el. GEO-778<\/p>\n<p>                        od<br \/>\n                            75,92<br \/>\n                            z\u0142<\/p>\n<p>                    Zobacz<\/p>\n<p>            Geomag Klocki Magnetyczne Magicube Savana 3el. GEO-109<\/p>\n<p>                        od<br \/>\n                            32,99<br \/>\n                            z\u0142<\/p>\n<p>                    Zobacz<\/p>\n<p>            Geomag Klocki Magnetyczne Tazoo Beto 68el. KOR-601<\/p>\n<p>                        od<br \/>\n                            69,99<br \/>\n                            z\u0142<\/p>\n<p>                    Zobacz<\/p>\n<p>            Geomag Klocki Magnetyczne Magicube Green Line 16el. GEO-055<\/p>\n<p>                        od<br \/>\n                            108,99<br \/>\n                            z\u0142<\/p>\n<p>                    Zobacz<\/p>\n<p>            Geomag Klocki Magnetyczne Panele Glitter 68el. GEO-533<\/p>\n<p>                        od<br \/>\n                            100,82<br \/>\n                            z\u0142<\/p>\n<p>                    Zobacz<\/p>\n<p>            Geomag Klocki Magnetyczne Klasyczne Panele 114el. GEO-473<\/p>\n<p>                        od<br \/>\n                            172,00<br \/>\n                            z\u0142<\/p>\n<p>                    Zobacz<\/p>\n<h2>Geomag Klocki Magnetyczne Zestaw Magicube Dzikie Zwierz\u0119ta GEO-145 Geomag<\/h2>\n<p>gabriela, gabriel imi\u0119, \u015bwi\u0119ty przemys\u0142aw, wierszyki na lany poniedzia\u0142ek<\/p>\n<p>yyyyy<\/p>\n<p>&nbsp;<\/p>\n","protected":false},"excerpt":{"rendered":"<p>Geomag Klocki Magnetyczne Zestaw Magicube Dzikie Zwierz\u0119ta GEO-145Klocki magnetyczne dla najm\u0142odszych!\u015awiat zwierz\u0105t jest niesamowity, a jego odkrywanie mo\u017ce by\u0107 \u015bwietn\u0105 zabaw\u0105! Czy tygrysy mieszkaj\u0105 w d\u017cungli? Wykorzystaj klocki magnetyczne do nauki spostrzegawczo\u015bci poprzez zabaw\u0119. W zestawie znajduj\u0105 si\u0119 karty przedstawiaj\u0105ce zwierz\u0119ta, kt\u00f3re mo\u017cna u\u0142o\u017cy\u0107 wykorzystuj\u0105c Magicube. Spr\u00f3bujcie odtworzy\u0107 zwierzaki z kart lub wymy\u015blcie w\u0142asne, \u0142\u0105cz\u0105c [&hellip;]<\/p>\n","protected":false},"featured_media":9494,"comment_status":"closed","ping_status":"open","template":"","meta":[],"product_cat":[999,113],"product_tag":[780,855,872],"class_list":["post-9493","product","type-product","status-publish","has-post-thumbnail","hentry","product_cat-geomag","product_cat-klocki","product_tag-krecik-bajka","product_tag-nietypowe-imiona-zenskie","product_tag-zagadki-dla-dzieci-6-lat"],"_links":{"self":[{"href":"http:\/\/klubmamgdynia.pl\/index.php\/wp-json\/wp\/v2\/product\/9493","targetHints":{"allow":["GET"]}}],"collection":[{"href":"http:\/\/klubmamgdynia.pl\/index.php\/wp-json\/wp\/v2\/product"}],"about":[{"href":"http:\/\/klubmamgdynia.pl\/index.php\/wp-json\/wp\/v2\/types\/product"}],"replies":[{"embeddable":true,"href":"http:\/\/klubmamgdynia.pl\/index.php\/wp-json\/wp\/v2\/comments?post=9493"}],"wp:featuredmedia":[{"embeddable":true,"href":"http:\/\/klubmamgdynia.pl\/index.php\/wp-json\/wp\/v2\/media\/9494"}],"wp:attachment":[{"href":"http:\/\/klubmamgdynia.pl\/index.php\/wp-json\/wp\/v2\/media?parent=9493"}],"wp:term":[{"taxonomy":"product_cat","embeddable":true,"href":"http:\/\/klubmamgdynia.pl\/index.php\/wp-json\/wp\/v2\/product_cat?post=9493"},{"taxonomy":"product_tag","embeddable":true,"href":"http:\/\/klubmamgdynia.pl\/index.php\/wp-json\/wp\/v2\/product_tag?post=9493"}],"curies":[{"name":"wp","href":"https:\/\/api.w.org\/{rel}","templated":true}]}}