{"id":9497,"date":"2024-03-08T18:09:42","date_gmt":"2024-03-08T17:09:42","guid":{"rendered":"http:\/\/klubmamgdynia.pl\/?post_type=product&#038;p=9497"},"modified":"2026-05-17T22:16:57","modified_gmt":"2026-05-17T20:16:57","slug":"emily-elegancka-lalka-skrzypce-za3134","status":"publish","type":"product","link":"http:\/\/klubmamgdynia.pl\/index.php\/produkt\/emily-elegancka-lalka-skrzypce-za3134\/","title":{"rendered":"Emily elegancka Lalka + skrzypce ZA3134"},"content":{"rendered":"<p>Emily to elegancka lalka wirtuozka. Lalka podsiada d\u0142ugie br\u0105zowe w\u0142osy spi\u0119te w kucyk. Ubrana jest w r\u00f3\u017cowy modny sweterek, plisowan\u0105, czarn\u0105 sp\u00f3dnic\u0119 w bia\u0142e kropki, na stopach ma czarne sanda\u0142ki na obcasie. Lalka posiada zginane ko\u0144czyny w \u0142okciach, nadgarstkach, kolanach.Elegancka lalka Emily ma 30 cm wzrostu. Skrzypce lalki wykonane s\u0105 z plastiku.Lalka Emily zosta\u0142a zapakowana w bardzo eleganckie i efektowne opakowanie, kt\u00f3re wsp\u00f3\u0142gra z jej stylizacj\u0105. Ca\u0142o\u015b\u0107 tworzy uroczy komplet.Zabawa tak\u0105 lalk\u0105 b\u0119dzie zapewne nietuzinkowa i weso\u0142a. Sklep Jokomisiada posiada w swojej ofercie szereg uroczych lalek w stylu Barbie, pocz\u0105wszy od ksi\u0119\u017cniczek, modelek, mam z rodzin\u0105.<\/p>\n<h2>Emily elegancka Lalka + skrzypce ZA3134 Jokomisiada<\/h2>\n<p>zagadki dla dzieci 7 lat, wierszyki na \u015bmigus dyngus, co kupi\u0107 nastolatkowi, zaj\u0105czek z jajka ugotowanego, dziewczynka z parku pytania i odpowiedzi, prezent na roczek dla dziewczynki, czerwony kapturek kolorowanka, test miko\u0142ajek, zabawy z pi\u0142k\u0105 dla dzieci, p\u0142atki \u015bniegu szablon, dyplomy do wydrukowania a4<\/p>\n<p>yyyyy<\/p>\n<p>&nbsp;<\/p>\n","protected":false},"excerpt":{"rendered":"<p>Emily to elegancka lalka wirtuozka. Lalka podsiada d\u0142ugie br\u0105zowe w\u0142osy spi\u0119te w kucyk. Ubrana jest w r\u00f3\u017cowy modny sweterek, plisowan\u0105, czarn\u0105 sp\u00f3dnic\u0119 w bia\u0142e kropki, na stopach ma czarne sanda\u0142ki na obcasie. Lalka posiada zginane ko\u0144czyny w \u0142okciach, nadgarstkach, kolanach.Elegancka lalka Emily ma 30 cm wzrostu. Skrzypce lalki wykonane s\u0105 z plastiku.Lalka Emily zosta\u0142a zapakowana [&hellip;]<\/p>\n","protected":false},"featured_media":9498,"comment_status":"closed","ping_status":"open","template":"","meta":[],"product_cat":[131,65],"product_tag":[664,598,848,584,609,694],"class_list":["post-9497","product","type-product","status-publish","has-post-thumbnail","hentry","product_cat-jokomisiada","product_cat-lalki","product_tag-atrakcje-dla-dzieci-trojmiasto","product_tag-co-na-roczek-dla-dziewczynki","product_tag-cytat-o-rodzinie","product_tag-liwia","product_tag-quiz-flagi-europy","product_tag-zagadki-swiateczne-dla-dzieci"],"_links":{"self":[{"href":"http:\/\/klubmamgdynia.pl\/index.php\/wp-json\/wp\/v2\/product\/9497","targetHints":{"allow":["GET"]}}],"collection":[{"href":"http:\/\/klubmamgdynia.pl\/index.php\/wp-json\/wp\/v2\/product"}],"about":[{"href":"http:\/\/klubmamgdynia.pl\/index.php\/wp-json\/wp\/v2\/types\/product"}],"replies":[{"embeddable":true,"href":"http:\/\/klubmamgdynia.pl\/index.php\/wp-json\/wp\/v2\/comments?post=9497"}],"wp:featuredmedia":[{"embeddable":true,"href":"http:\/\/klubmamgdynia.pl\/index.php\/wp-json\/wp\/v2\/media\/9498"}],"wp:attachment":[{"href":"http:\/\/klubmamgdynia.pl\/index.php\/wp-json\/wp\/v2\/media?parent=9497"}],"wp:term":[{"taxonomy":"product_cat","embeddable":true,"href":"http:\/\/klubmamgdynia.pl\/index.php\/wp-json\/wp\/v2\/product_cat?post=9497"},{"taxonomy":"product_tag","embeddable":true,"href":"http:\/\/klubmamgdynia.pl\/index.php\/wp-json\/wp\/v2\/product_tag?post=9497"}],"curies":[{"name":"wp","href":"https:\/\/api.w.org\/{rel}","templated":true}]}}