{"id":950,"date":"2015-05-02T10:34:26","date_gmt":"2015-05-02T08:34:26","guid":{"rendered":"http:\/\/klubmamgdynia.pl\/index.php\/produkt\/mega-creative-tablica-eduk-drew-41x24x3-mc-3w1-wb-32\/"},"modified":"2026-04-24T18:51:07","modified_gmt":"2026-04-24T16:51:07","slug":"mega-creative-tablica-eduk-drew-41x24x3-mc-3w1-wb-32","status":"publish","type":"product","link":"http:\/\/klubmamgdynia.pl\/index.php\/produkt\/mega-creative-tablica-eduk-drew-41x24x3-mc-3w1-wb-32\/","title":{"rendered":"Mega Creative Tablica Eduk Drew 41X24X3 Mc 3W1 Wb 32"},"content":{"rendered":"<p>Tablica posiada magnetyczn\u0105 powierzchni\u0119 na kt\u00f3rej mo\u017cna przyczepia\u0107 mas\u0119 magnetycznych akcesoria jak np. cyferki, literki oraz szereg innych produkt\u00f3w, kt\u00f3re posiadaj\u0105 magnes. Edukacyjna tablica magnetyczna 3w1 MEGA CREATIVE jest doskona\u0142ym miejscem na \u0107wiczenie przez Twoje dziecko pierwszych literek i cyferek oraz wspania\u0142ych rysunk\u00f3w. To praktyczny zabawka 3w1. Zawarto\u015b\u0107 zestawu: tablica magnetyczno-drewniana, magnetyczne cyferki, magnesy z postaciami zwierz\u0105tek, pisak z &#8230;<\/p>\n<h2>Mega Creative Tablica Eduk Drew 41X24X3 Mc 3W1 Wb 32 Mega Creative<\/h2>\n<p>kolorowanki do druku konie, zimowe zabawy dla dzieci, prezent na 1 urodziny, proste szczere \u017cyczenia bo\u017conarodzeniowe, ekskluzywny prezent na roczek, prezent dla nastolatka, gaja imi\u0119, atrakcje dla dzieci we wroc\u0142awiu, weso\u0142e pisanki tekst piosenki, wiosenna kolorowanka, sta\u0142a pod \u015bniegiem<\/p>\n<p>yyyyy<\/p>\n<p>&nbsp;<\/p>\n","protected":false},"excerpt":{"rendered":"<p>Tablica posiada magnetyczn\u0105 powierzchni\u0119 na kt\u00f3rej mo\u017cna przyczepia\u0107 mas\u0119 magnetycznych akcesoria jak np. cyferki, literki oraz szereg innych produkt\u00f3w, kt\u00f3re posiadaj\u0105 magnes. Edukacyjna tablica magnetyczna 3w1 MEGA CREATIVE jest doskona\u0142ym miejscem na \u0107wiczenie przez Twoje dziecko pierwszych literek i cyferek oraz wspania\u0142ych rysunk\u00f3w. To praktyczny zabawka 3w1. Zawarto\u015b\u0107 zestawu: tablica magnetyczno-drewniana, magnetyczne cyferki, magnesy z [&hellip;]<\/p>\n","protected":false},"featured_media":951,"comment_status":"closed","ping_status":"open","template":"","meta":[],"product_cat":[64,21],"product_tag":[865,719,818,809,721,724],"class_list":["post-950","product","type-product","status-publish","has-post-thumbnail","hentry","product_cat-mega-creative","product_cat-zabawki-plastyczne","product_tag-cytaty-o-dzieciach","product_tag-dziecko-cytaty-zlote-mysli","product_tag-oliwier","product_tag-zagadki","product_tag-zagadki-matematyczne","product_tag-zagadki-podchwytliwe"],"_links":{"self":[{"href":"http:\/\/klubmamgdynia.pl\/index.php\/wp-json\/wp\/v2\/product\/950","targetHints":{"allow":["GET"]}}],"collection":[{"href":"http:\/\/klubmamgdynia.pl\/index.php\/wp-json\/wp\/v2\/product"}],"about":[{"href":"http:\/\/klubmamgdynia.pl\/index.php\/wp-json\/wp\/v2\/types\/product"}],"replies":[{"embeddable":true,"href":"http:\/\/klubmamgdynia.pl\/index.php\/wp-json\/wp\/v2\/comments?post=950"}],"wp:featuredmedia":[{"embeddable":true,"href":"http:\/\/klubmamgdynia.pl\/index.php\/wp-json\/wp\/v2\/media\/951"}],"wp:attachment":[{"href":"http:\/\/klubmamgdynia.pl\/index.php\/wp-json\/wp\/v2\/media?parent=950"}],"wp:term":[{"taxonomy":"product_cat","embeddable":true,"href":"http:\/\/klubmamgdynia.pl\/index.php\/wp-json\/wp\/v2\/product_cat?post=950"},{"taxonomy":"product_tag","embeddable":true,"href":"http:\/\/klubmamgdynia.pl\/index.php\/wp-json\/wp\/v2\/product_tag?post=950"}],"curies":[{"name":"wp","href":"https:\/\/api.w.org\/{rel}","templated":true}]}}