{"id":9501,"date":"2018-02-10T08:56:40","date_gmt":"2018-02-10T07:56:40","guid":{"rendered":"http:\/\/klubmamgdynia.pl\/index.php\/produkt\/janod-drewniany-zegar-do-nauki-o-czasie-essentiel\/"},"modified":"2026-04-03T17:43:31","modified_gmt":"2026-04-03T15:43:31","slug":"janod-drewniany-zegar-do-nauki-o-czasie-essentiel","status":"publish","type":"product","link":"http:\/\/klubmamgdynia.pl\/index.php\/produkt\/janod-drewniany-zegar-do-nauki-o-czasie-essentiel\/","title":{"rendered":"Janod, Drewniany Zegar Do Nauki O Czasie Essentiel"},"content":{"rendered":"<p>Drewniany zegar do nauki godzin z serii Essentiel francuskiej marki JANOD rozwija u dziecka wiele kluczowych umiej\u0119tno\u015bci, m.in. odr\u00f3\u017cnianie dnia od nocy, rozumienie dzia\u0142ania zegara czy rozpoznawanie godzin. W sk\u0142ad zestawu wchodzi spory drewniany zegar z r\u0105czk\u0105-uchwytem oraz drewnianymi zdejmowanymi wskaz\u00f3wkami \u2013 czerwon\u0105 godzinow\u0105 i niebiesk\u0105 minutow\u0105. Tymi samymi kolorami na planszy zegara s\u0105 te\u017c zaznaczone godziny (na czerwono) i minuty (na niebiesko), co u\u0142atwia ich rozpoznawanie. W komplecie s\u0105 ponadto transparentne plansze \u2013 dwie, obrazuj\u0105ce dzie\u0144 i noc oraz cztery z zaznaczonymi r\u00f3\u017cnymi kolorami przedzia\u0142ami czasu, tj. kwadransem, po\u0142ow\u0105 godziny, 45 minutami i pe\u0142n\u0105 godzin\u0105. W zestawie jest tak\u017ce 14 niedu\u017cych plansz &#8211; tarcz zegar\u00f3w, na kt\u00f3rych mo\u017cna zapisywa\u0107 godziny (np. jako zagadki czy wzorce do skopiowania na du\u017cym zegarze) za pomoc\u0105 dw\u00f3ch \u015bcieralnych marker\u00f3w \u2013 czerwonego (do godzin) i niebieskiego (do minut).Zabawka zaprojektowana we Francji. Idealnie nadaje si\u0119 na prezent.Kolekcja Essentiel to seria niezwyk\u0142ych edukacyjnych zabawek dla dzieci powy\u017cej 1. roku \u017cycia, utrzymana w intensywnych kolorach, bazuj\u0105ca na prostych geometrycznych bry\u0142ach i odr\u0119cznym zapisie liter (dla starszak\u00f3w). W naturalny dla dzieci spos\u00f3b, poprzez zabaw\u0119, przybli\u017ca ona zagadnienia z zakresu matematyki (liczenie, u\u0142amki, zale\u017cno\u015bci przyczynowo-skutkowe), pobudza zmys\u0142y i ciekawo\u015b\u0107 ju\u017c od najm\u0142odszych lat. Ka\u017cda zabawka ma wyj\u0105tkowy, estetyczny design i wspiera potrzeby poznawcze maluch\u00f3w na kolejnych etapach rozwoju. Drewniane elementy zabawek z tej kolekcji s\u0105 pomalowane farbami wodnymi.Zabawki edukacyjne marki Janod wyr\u00f3\u017cniaj\u0105 niebanalne rozwi\u0105zania, wysoka jako\u015b\u0107 materia\u0142\u00f3w i precyzyjne wykonanie. Podczas beztroskiej zabawy rozwijaj\u0105 zmys\u0142y dziecka i wspomagaj\u0105 jego rozw\u00f3j dzi\u0119ki mnogo\u015bci funkcji. Dzi\u0119ki przypisaniu do odpowiedniej kategorii wiekowej, s\u0142u\u017c\u0105 \u0107wiczeniu adekwatnych na danym etapie umiej\u0119tno\u015bci, jak motoryka d\u0142oni czy kojarzenie kszta\u0142t\u00f3w i kolor\u00f3w.Zabawka rozwija:\u2022 umiej\u0119tno\u015b\u0107 okre\u015blania czasu\u2022 odkrywanie i eksperymentowaniewiek: 5-8 latliczba element\u00f3w: 23materia\u0142: drewno, plastikdesign: Francjawymiary produktu: 25 x 3 x 23,8 cmwaga produktu: 0,48 kgwymiary opakowania: 22,5 x 5 x 25 cmbezpiecze\u0144stwo i jako\u015b\u0107: EN71-1; EN71-2, EN71-3; REACH<\/p>\n<h2>Janod, Drewniany Zegar Do Nauki O Czasie Essentiel Janod<\/h2>\n<p>jan pawe\u0142 2 rysunek \u0142atwy dla dzieci, trudne \u0142amig\u0142\u00f3wki, prezent dla nastolatka, alan imi\u0119, test z lektury magiczne drzewo czerwone krzes\u0142o, prezent dla dziecka 1 rok, jednoro\u017cec kolorowanka do druku, sing 2 multikino, rozalia imie, test z asiuni lektury, prezent dla 17 latki, wiersz o marzannie, sporty po francusku, prezent roczek dziewczynka, kinderbal przepisy<\/p>\n<p>yyyyy<\/p>\n<p>&nbsp;<\/p>\n","protected":false},"excerpt":{"rendered":"<p>Drewniany zegar do nauki godzin z serii Essentiel francuskiej marki JANOD rozwija u dziecka wiele kluczowych umiej\u0119tno\u015bci, m.in. odr\u00f3\u017cnianie dnia od nocy, rozumienie dzia\u0142ania zegara czy rozpoznawanie godzin. W sk\u0142ad zestawu wchodzi spory drewniany zegar z r\u0105czk\u0105-uchwytem oraz drewnianymi zdejmowanymi wskaz\u00f3wkami \u2013 czerwon\u0105 godzinow\u0105 i niebiesk\u0105 minutow\u0105. Tymi samymi kolorami na planszy zegara s\u0105 te\u017c [&hellip;]<\/p>\n","protected":false},"featured_media":9502,"comment_status":"closed","ping_status":"open","template":"","meta":[],"product_cat":[555,557],"product_tag":[831,815,857,805],"class_list":["post-9501","product","type-product","status-publish","has-post-thumbnail","hentry","product_cat-dzieciece-akcesoria-dekoracyjne","product_cat-janod","product_tag-bruno","product_tag-ozdoby-choinkowe-dla-dzieci","product_tag-zagadki-dla-dzieci-7-8-lat","product_tag-znaczenie-imienia-alan"],"_links":{"self":[{"href":"http:\/\/klubmamgdynia.pl\/index.php\/wp-json\/wp\/v2\/product\/9501","targetHints":{"allow":["GET"]}}],"collection":[{"href":"http:\/\/klubmamgdynia.pl\/index.php\/wp-json\/wp\/v2\/product"}],"about":[{"href":"http:\/\/klubmamgdynia.pl\/index.php\/wp-json\/wp\/v2\/types\/product"}],"replies":[{"embeddable":true,"href":"http:\/\/klubmamgdynia.pl\/index.php\/wp-json\/wp\/v2\/comments?post=9501"}],"wp:featuredmedia":[{"embeddable":true,"href":"http:\/\/klubmamgdynia.pl\/index.php\/wp-json\/wp\/v2\/media\/9502"}],"wp:attachment":[{"href":"http:\/\/klubmamgdynia.pl\/index.php\/wp-json\/wp\/v2\/media?parent=9501"}],"wp:term":[{"taxonomy":"product_cat","embeddable":true,"href":"http:\/\/klubmamgdynia.pl\/index.php\/wp-json\/wp\/v2\/product_cat?post=9501"},{"taxonomy":"product_tag","embeddable":true,"href":"http:\/\/klubmamgdynia.pl\/index.php\/wp-json\/wp\/v2\/product_tag?post=9501"}],"curies":[{"name":"wp","href":"https:\/\/api.w.org\/{rel}","templated":true}]}}