{"id":9511,"date":"2013-02-01T08:54:20","date_gmt":"2013-02-01T07:54:20","guid":{"rendered":"http:\/\/klubmamgdynia.pl\/index.php\/produkt\/collecta-zwierzeta-wodne-rekin-mlot-88045\/"},"modified":"2026-05-01T13:47:24","modified_gmt":"2026-05-01T11:47:24","slug":"collecta-zwierzeta-wodne-rekin-mlot-88045","status":"publish","type":"product","link":"http:\/\/klubmamgdynia.pl\/index.php\/produkt\/collecta-zwierzeta-wodne-rekin-mlot-88045\/","title":{"rendered":"Collecta Zwierz\u0119ta wodne Rekin M\u0142ot (88045)"},"content":{"rendered":"<p>Misj\u0105 firmy Collecta jest budowanie \u015bwiata przyrody w miniaturze dla kolekcjoner\u00f3w. Figurki Collecta: wykonane z najwy\u017csz\u0105 dba\u0142o\u015bci\u0105 o szczeg\u00f3\u0142y, wiernie oddaj\u0105 wygl\u0105d rzeczywisty zwierz\u0119cia czy postaci, spe\u0142niaj\u0105 najwy\u017csze standardy bezpiecze\u0144stwa i jako\u015bci. Kolekcja figurek obejmuje:  figurki dzikich zwierz\u0105t, koni rasowych, zwierz\u0105t  gospodarskich, kot\u00f3w i ps\u00f3w  rasowych, zwierz\u0105t prehistorycznych, zwierz\u0105t egzotycznych, owad\u00f3w, zwierz\u0105t morskich i postaci mitycznych. Collecta to jeden z najwi\u0119kszych na \u015bwiecie producent\u00f3w zabawkowych replik zwierz\u0105t oraz postaci mitologicznych. Figurki mog\u0105 by\u0107 wykorzystywane w odgrywaniu r\u00f3l w celach edukacyjnych, ale tak\u017ce przypominaj\u0105 o zagro\u017conych gatunkach, rozwijaj\u0105c potrzeb\u0119 ochrony \u015brodowiska z korzy\u015bci\u0105 dla zwierz\u0105t, kt\u00f3re reprezentuj\u0105. Firma Collecta z pomoc\u0105 paleontolog\u00f3w z Wielkiej Brytanii stworzy\u0142a jedn\u0105 z najwi\u0119kszych kolekcji dinozaur\u00f3w na \u015bwiecie, natomia<\/p>\n<h2>Collecta Zwierz\u0119ta wodne Rekin M\u0142ot (88045) Collecta<\/h2>\n<p>nauka j\u0119zyka polskiego dla dzieci z ukrainy materia\u0142y, kolorowanki dla dziewczynek, mama cytaty, zagadki dla starszych dzieci, quiz o zwierz\u0119tach domowych, cytaty motywacyjne dla dzieci, farma dyni poznan, kolorowanki star wars, kolorowe kredki tekst, emanuel, kawa\u0142y na prima aprilis dla rodzic\u00f3w, halloween dla dzieci 2021, zagadki \u015bmieszne podchwytliwe, zagadki walentynkowe, a \u015bpij kochanie<\/p>\n<p>yyyyy<\/p>\n<p>&nbsp;<\/p>\n","protected":false},"excerpt":{"rendered":"<p>Misj\u0105 firmy Collecta jest budowanie \u015bwiata przyrody w miniaturze dla kolekcjoner\u00f3w. Figurki Collecta: wykonane z najwy\u017csz\u0105 dba\u0142o\u015bci\u0105 o szczeg\u00f3\u0142y, wiernie oddaj\u0105 wygl\u0105d rzeczywisty zwierz\u0119cia czy postaci, spe\u0142niaj\u0105 najwy\u017csze standardy bezpiecze\u0144stwa i jako\u015bci. Kolekcja figurek obejmuje: figurki dzikich zwierz\u0105t, koni rasowych, zwierz\u0105t gospodarskich, kot\u00f3w i ps\u00f3w rasowych, zwierz\u0105t prehistorycznych, zwierz\u0105t egzotycznych, owad\u00f3w, zwierz\u0105t morskich i postaci [&hellip;]<\/p>\n","protected":false},"featured_media":9512,"comment_status":"closed","ping_status":"open","template":"","meta":[],"product_cat":[490,95],"product_tag":[723,855,630,840],"class_list":["post-9511","product","type-product","status-publish","has-post-thumbnail","hentry","product_cat-collecta","product_cat-figurki-makiety-i-zestawy","product_tag-krotkie-bajki-do-czytania-na-dobranoc","product_tag-nietypowe-imiona-zenskie","product_tag-podchwytliwe-zagadki-z-odpowiedziami","product_tag-stare-bajki"],"_links":{"self":[{"href":"http:\/\/klubmamgdynia.pl\/index.php\/wp-json\/wp\/v2\/product\/9511","targetHints":{"allow":["GET"]}}],"collection":[{"href":"http:\/\/klubmamgdynia.pl\/index.php\/wp-json\/wp\/v2\/product"}],"about":[{"href":"http:\/\/klubmamgdynia.pl\/index.php\/wp-json\/wp\/v2\/types\/product"}],"replies":[{"embeddable":true,"href":"http:\/\/klubmamgdynia.pl\/index.php\/wp-json\/wp\/v2\/comments?post=9511"}],"wp:featuredmedia":[{"embeddable":true,"href":"http:\/\/klubmamgdynia.pl\/index.php\/wp-json\/wp\/v2\/media\/9512"}],"wp:attachment":[{"href":"http:\/\/klubmamgdynia.pl\/index.php\/wp-json\/wp\/v2\/media?parent=9511"}],"wp:term":[{"taxonomy":"product_cat","embeddable":true,"href":"http:\/\/klubmamgdynia.pl\/index.php\/wp-json\/wp\/v2\/product_cat?post=9511"},{"taxonomy":"product_tag","embeddable":true,"href":"http:\/\/klubmamgdynia.pl\/index.php\/wp-json\/wp\/v2\/product_tag?post=9511"}],"curies":[{"name":"wp","href":"https:\/\/api.w.org\/{rel}","templated":true}]}}